{"id":294,"date":"2021-04-15T16:26:20","date_gmt":"2021-04-15T15:26:20","guid":{"rendered":"http:\/\/stopstalkerware.org\/pt\/?page_id=294"},"modified":"2021-04-26T14:49:37","modified_gmt":"2021-04-26T13:49:37","slug":"recursos","status":"publish","type":"page","link":"https:\/\/stopstalkerware.org\/pt\/recursos\/","title":{"rendered":"Recursos"},"content":{"rendered":"\n<h1 id=\"encontre-suporte\"><strong>Encontre suporte direto se voc\u00ea tiver ou suspeitar de persegui\u00e7\u00e3o<\/strong><\/h1>\n\n\n\n<p>Se voc\u00ea ou algu\u00e9m que voc\u00ea conhece est\u00e1 com medo de estar sendo espionado, monitorado ou vigiado, confie em seus instintos e encontre uma maneira segura de informar-se sobre seus recursos e op\u00e7\u00f5es locais. Observe que, se voc\u00ea acredita que algu\u00e9m pode estar monitorando o seu dispositivo, essa pessoa pode conseguir ver quaisquer pedidos de ajuda ou recursos. Se estiver preocupado com isso, use outro dispositivo (um ao qual a pessoa n\u00e3o teve acesso f\u00edsico) ao procurar informa\u00e7\u00f5es ou ajuda. Se voc\u00ea estiver em perigo eminente, fale com as autoridades locais.<\/p>\n\n\n<div id=\"expanding-panels-block_60785db05dc51\" class=\"expanding-panels\">\n    <div class='expanding-panel'><div id='expandtr-1' class='expander-heading active'><h4>Austr\u00e1lia<\/h4><div class='icon-wrap'><span class='inner'><span class='line line-horizontal'><\/span><span class='line line-vertical'><\/span><\/span><\/div><\/div><div id='expandta-1' class='expanding-content active'><div class='inner copycol'><p><a href=\"https:\/\/techsafety.org.au\/\"><strong>Technology Safety Australia<\/strong><\/a><br \/>\nManaged by WESNET\u2019s Safety Net Australia team, this website discusses technology, privacy, and safety in the context of intimate partner violence, sexual assault, and violence against women.<\/p>\n<p><a href=\"https:\/\/wesnet.org.au\/\"><strong>WESNET<\/strong><\/a><br \/>\n<b>Women\u2019s Services Network: national peak body for specialist women\u2019s domestic and family violence services.<\/b><\/p>\n<h5>In Australia, WESNET Safe Connections phones donated by Telstra provide new smartphones to women and their children. For more information, please contact <b>1800RESPECT<\/b> or your local support service.<\/h5>\n<\/div><\/div><\/div><div class='expanding-panel'><div id='expandtr-2' class='expander-heading '><h4>\u00c1ustria<\/h4><div class='icon-wrap'><span class='inner'><span class='line line-horizontal'><\/span><span class='line line-vertical'><\/span><\/span><\/div><\/div><div id='expandta-2' class='expanding-content '><div class='inner copycol'><p><a href=\"http:\/\/www.frauenhaeuser-zoef.at\/\"><strong>Z\u00d6F \u2013 Zusammenschluss \u00d6sterreichischer Frauenh\u00e4user<\/strong><\/a><br \/>\nThe women\u2019s shelters associated with the Z\u00d6F community offer all sorts of support to women been mistreated or threatened by their (ex) partner. Experts offer psychosocial, legal and practical help in particular in frames of cyber violence by a current or former partner. Depending on your needs and situation, we offer protection, advice and temporary accommodation.<\/p>\n<\/div><\/div><\/div><div class='expanding-panel'><div id='expandtr-3' class='expander-heading '><h4>Fran\u00e7a<\/h4><div class='icon-wrap'><span class='inner'><span class='line line-horizontal'><\/span><span class='line line-vertical'><\/span><\/span><\/div><\/div><div id='expandta-3' class='expanding-content '><div class='inner copycol'><ul>\n<li>Specialized advice for victims of domestic cyberviolence:<\/li>\n<\/ul>\n<p>The\u00a0<strong>\u201c<a href=\"https:\/\/commentonsaime.fr\/j-ai-besoin-d-aide\/le-tchat\/\">En avant toute(s)<\/a>\u201d<\/strong>\u00a0chat room: free and anonymous, it offers listening, advice and guidance. To go to the chat, just go to the website\u00a0<a href=\"http:\/\/www.commentonsaime.fr\/\">www.commentonsaime.fr<\/a>\u00a0and click on the tab \u201cJe discute avec une professionnelle\u201d<\/p>\n<p><strong>The Centre Hubertine Auclert\u2019s resource site:<\/strong>\u00a0For more information on marital cyberviolence and sexist and sexual cyberviolence, your rights and procedures, you can consult https: \/\/www.stop -cybersexisme.com\/<\/p>\n<ul>\n<li>General support against domestic violence:<\/li>\n<\/ul>\n<p><strong><a href=\"http:\/\/www.solidaritefemmes.org\/appeler-le-3919\">3919<\/a>\u00a0<\/strong>\u201cViolences Femmes Information\u201d: national, anonymous and free helpline for victims and their relatives, created and managed by the F\u00e9d\u00e9ration Nationale Solidarit\u00e9 Femmes.<\/p>\n<p><strong>The F\u00e9d\u00e9ration Nationale Solidarit\u00e9 Femmes (<a href=\"http:\/\/www.solidaritefemmes.org\/\">FNSF<\/a>)<\/strong>\u00a0is a network of specialized local associations that offer multi-professional support and shelter for female victims of domestic violence. Find\u00a0<a href=\"http:\/\/www.solidaritefemmes.org\/nous-trouver\">here<\/a>\u00a0an association near you.<\/p>\n<p><strong>The\u00a0<a href=\"http:\/\/www.infofemmes.com\/\">Information Centers on the Rights of Women and Families<\/a>\u00a0(CIDFF)<\/strong>\u00a0is a federation of specialized local associations which offer legal information as well as social and psychological support to victims of domestic violence. Find\u00a0<a href=\"http:\/\/www.solidaritefemmes.org\/nous-trouver\">here<\/a>\u00a0an association near you.<\/p>\n<p><strong>Arr\u00eatons les Violences\u00a0<\/strong>(Stop Violence): the French government\u2019s resource site for female victims of violence offering information about procedures and assistance as well as about support and shelter systems in France:\u00a0<a href=\"https:\/\/stop-violences-femmes.gouv.fr\/\">https: \/\/www.stop-violences-femmes.gouv.Fr\/<\/a><\/p>\n<\/div><\/div><\/div><div class='expanding-panel'><div id='expandtr-4' class='expander-heading '><h4>Alemanha<\/h4><div class='icon-wrap'><span class='inner'><span class='line line-horizontal'><\/span><span class='line line-vertical'><\/span><\/span><\/div><\/div><div id='expandta-4' class='expanding-content '><div class='inner copycol'><ol>\n<li><strong><a href=\"https:\/\/weisser-ring.de\/\">WEISSER RING<\/a><br \/>\n<\/strong><strong>Linha de ajuda do WEISSER RING: +49-116-006<br \/>\n<\/strong><br \/>\nWEISSER RING also offers free Documentation and Evidence Collection App called \u201c<strong><a href=\"https:\/\/nostalk.de\/\">NO STALK<\/a><\/strong>\u201d.\u00a0<strong>It is important to note that this app should not be used on devices that one suspects may be monitored.<br \/>\n<\/strong><b><\/b><\/p>\n<p>A WEISSER RING \u00e9 a \u00fanica organiza\u00e7\u00e3o de suporte a v\u00edtimas ativa em toda a Alemanha. Nossos volunt\u00e1rios trabalham de acordo com esses padr\u00f5es profissionais. O suporte a v\u00edtimas prestado pela WEISSER RING \u00e9 baseado na ideia de oferecer ajuda gratuita \u00e0s v\u00edtimas de crimes. Os assistentes de suporte a v\u00edtimas oferecem suporte individual de maneira profissional e volunt\u00e1ria. Tamb\u00e9m n\u00e3o recebemos fundos do governo e oferecemos mais de 390 pontos locais de contato em todo o pa\u00eds.<\/li>\n<li><a href=\"https:\/\/www.frauen-gegen-gewalt.de\/de\/hilfe-beratung.html\"><strong>bff Bundesverband Frauenberatungsstellen und Frauennotrufe\u00a0<\/strong><\/a><strong><br \/>\nLinha de ajuda: +49-0800-22-55-530<\/strong><\/p>\n<p>Please find your local help organisation by entering your region\u00a0<strong><a href=\"https:\/\/www.frauen-gegen-gewalt.de\/de\/hilfe-beratung.html\">here<\/a><\/strong>.<\/li>\n<\/ol>\n<\/div><\/div><\/div><div class='expanding-panel'><div id='expandtr-5' class='expander-heading '><h4>It\u00e1lia<\/h4><div class='icon-wrap'><span class='inner'><span class='line line-horizontal'><\/span><span class='line line-vertical'><\/span><\/span><\/div><\/div><div id='expandta-5' class='expanding-content '><div class='inner copycol'><p><a href=\"https:\/\/www.direcontrolaviolenza.it\/i-centri-antiviolenza\/\"><strong>Donne em Rete contro la violenza<\/strong><\/a>\u00a0(D.i.Re, \u201cMulheres na rede contra a viol\u00eancia\u201d)<\/p>\n<p>Neste link, voc\u00ea encontra\u00a0<a href=\"https:\/\/www.direcontrolaviolenza.it\/d-i-re-tutti-i-numeri-telefonici-dei-centri-antiviolenza\/\"><strong>todos os n\u00fameros de telefone dos centros contra a viol\u00eancia D.i.Re<\/strong><\/a>, cidade por cidade, em ordem alfab\u00e9tica.<\/p>\n<p>Os<a href=\"https:\/\/www.direcontrolaviolenza.it\/i-centri-antiviolenza\/\"><strong>\u00a0centros anti-viol\u00eancia<\/strong><\/a>\u00a0realizam\u00a0<strong>aconselhamento psicol\u00f3gico, assessoria jur\u00eddica, grupos de apoio, treinamento, promo\u00e7\u00e3o, conscientiza\u00e7\u00e3o e preven\u00e7\u00e3o, processamento de dados, orienta\u00e7\u00e3o e acompanhamento do trabalho, compila\u00e7\u00e3o de material bibliogr\u00e1fico e documental sobre quest\u00f5es de viol\u00eancia<\/strong>.<strong>\u00a0Casas de abrigo<\/strong>, geralmente com um endere\u00e7o secreto, acolhem mulheres e seus filhos menores durante um per\u00edodo de emerg\u00eancia.<\/p>\n<\/div><\/div><\/div><div class='expanding-panel'><div id='expandtr-6' class='expander-heading '><h4>Mal\u00e1sia<\/h4><div class='icon-wrap'><span class='inner'><span class='line line-horizontal'><\/span><span class='line line-vertical'><\/span><\/span><\/div><\/div><div id='expandta-6' class='expanding-content '><div class='inner copycol'><p><strong><a href=\"https:\/\/www.awam.org.my\/\">All Women\u2019s Action Society<\/a><\/strong><\/p>\n<p><strong>L\u00edneas de ayuda:<\/strong><\/p>\n<p><strong>+60-016-228-4221\u00a0<\/strong><\/p>\n<p><strong>+60 016 237 4221<\/strong><\/p>\n<\/div><\/div><\/div><div class='expanding-panel'><div id='expandtr-7' class='expander-heading '><h4>R\u00fassia<\/h4><div class='icon-wrap'><span class='inner'><span class='line line-horizontal'><\/span><span class='line line-vertical'><\/span><\/span><\/div><\/div><div id='expandta-7' class='expanding-content '><div class='inner copycol'><ol>\n<li><strong><a href=\"http:\/\/wcons.net\/en\/\">\u041a\u043e\u043d\u0441\u043e\u0440\u0446\u0438\u0443\u043c \u0416\u0435\u043d\u0441\u043a\u0438\u0445 \u041d\u0435\u043f\u0440\u0430\u0432\u0438\u0442\u0435\u043b\u044c\u0441\u0442\u0432\u0435\u043d\u043d\u044b\u0445 \u041e\u0431\u044a\u0435\u0434\u0438\u043d\u0435\u043d\u0438\u0439 (<span data-sheets-value=\"{\" data-sheets-userformat=\"{\">Women\u2019s Non-governmental Communities Consortium<\/span>)<\/a><\/strong>&nbsp;\n<p><strong>Formul\u00e1rio de Contato:\u00a0<a href=\"http:\/\/wcons.net\/uridicheskaya-pomochs\/#section1\">http:\/\/wcons.net\/uridicheskaya-pomochs\/#section1<\/a><\/strong>&nbsp;<\/li>\n<li><span data-sheets-value=\"{\" data-sheets-userformat=\"{\"><a href=\"http:\/\/www.anna-center.ru\/index.php\/ru\/\"><strong>\u0426\u0435\u043d\u0442\u0440 \u043f\u0440\u043e\u0442\u0438\u0432 \u043d\u0430\u0441\u0438\u043b\u0438\u044f \u0432 \u043e\u0442\u043d\u043e\u0448\u0435\u043d\u0438\u0438 \u0436\u0435\u043d\u0449\u0438\u043d \u00ab\u0410\u043d\u043d\u0430\u00bb (Center Against Violence Directed at Women \u201cAnna\u201d)<\/strong><\/a><\/span><strong>Linha de apoio totalmente russa para mulheres afetadas por viol\u00eancia dom\u00e9stica:\u00a0<span data-sheets-value=\"{\" data-sheets-userformat=\"{\">+7-800-7000-600<\/span><\/strong><\/li>\n<li><a href=\"https:\/\/nasiliu.net\/\"><strong>\u041d\u0430\u0441\u0438\u043b\u0438\u044e.\u041d\u0435\u0442 (No.Violence)<\/strong><\/a><\/li>\n<\/ol>\n<\/div><\/div><\/div><div class='expanding-panel'><div id='expandtr-8' class='expander-heading '><h4>Su\u00ed\u00e7a<\/h4><div class='icon-wrap'><span class='inner'><span class='line line-horizontal'><\/span><span class='line line-vertical'><\/span><\/span><\/div><\/div><div id='expandta-8' class='expanding-content '><div class='inner copycol'><p><a href=\"https:\/\/www.opferhilfe-schweiz.ch\/de\/\"><strong>Victim Support Switzerland<\/strong><\/a><\/p>\n<p>Victim support services are available all over Switzerland to tell you about your rights, help you process what has happened and let you know about further support options. You can choose the one you would like to contact, which means that you can also use victim support services in another canton. List of all victim support services in Switzerland\u00a0<a href=\"https:\/\/www.opferhilfe-schweiz.ch\/en\/where-can-i-find-support\/\">https:\/\/www.opferhilfe-schweiz.ch\/en\/where-can-i-find-support\/<\/a><\/p>\n<\/div><\/div><\/div><div class='expanding-panel'><div id='expandtr-9' class='expander-heading '><h4>Formosa<\/h4><div class='icon-wrap'><span class='inner'><span class='line line-horizontal'><\/span><span class='line line-vertical'><\/span><\/span><\/div><\/div><div id='expandta-9' class='expanding-content '><div class='inner copycol'><p><a href=\"https:\/\/www.goh.org.tw\/en\/\"><strong>The Garden of Hope Foundation<\/strong><\/a><\/p>\n<p><strong>Linhas de ajuda:\u00a0<\/strong><span data-sheets-value=\"{\" data-sheets-userformat=\"{\"><strong>+886-2-8911-5595<\/strong><\/span><\/p>\n<\/div><\/div><\/div><div class='expanding-panel'><div id='expandtr-10' class='expander-heading '><h4>Turquia<\/h4><div class='icon-wrap'><span class='inner'><span class='line line-horizontal'><\/span><span class='line line-vertical'><\/span><\/span><\/div><\/div><div id='expandta-10' class='expanding-content '><div class='inner copycol'><p><a href=\"https:\/\/morcati.org.tr\/\"><strong>Mor \u00c7at\u0131 (Purple Roof Women\u2019s Shelter Foundation)<\/strong><\/a><\/p>\n<p><span data-sheets-value=\"{\" data-sheets-userformat=\"{\"><strong>Linhas de ajuda:<\/strong><\/span><\/p>\n<p><span data-sheets-value=\"{\" data-sheets-userformat=\"{\"><strong>+90-212-656-96-96<\/strong><\/span><\/p>\n<p><span data-sheets-value=\"{\" data-sheets-userformat=\"{\"><strong>+90-0553-408-19-90<\/strong><\/span><\/p>\n<p><strong>Observa\u00e7\u00e3o:<\/strong>\u00a0esses dois n\u00fameros de telefone s\u00e3o v\u00e1lidos apenas durante o COVID-19. Noutros casos, utilize o n\u00famero de telefone fixo:<\/p>\n<p><strong>+ 90 (212) 292 52 31-32<\/strong><\/p>\n<p>Dispon\u00edvel\u00a0<strong>segunda, quarta, quinta e sexta, das 10.30 \u00e0s 16.30<\/strong><\/p>\n<\/div><\/div><\/div><div class='expanding-panel'><div id='expandtr-11' class='expander-heading '><h4>Vietn\u00e3<\/h4><div class='icon-wrap'><span class='inner'><span class='line line-horizontal'><\/span><span class='line line-vertical'><\/span><\/span><\/div><\/div><div id='expandta-11' class='expanding-content '><div class='inner copycol'><p><a href=\"http:\/\/csaga.org.vn\/\"><strong>Center for Studies and Applied Sciences in Gender \u2013 Family \u2013 Women and Adolescent (CSAGA)<\/strong><\/a><\/p>\n<p>Linhas de ajuda:<\/p>\n<p><strong>+84-24-3333-55-99<\/strong><\/p>\n<p><strong>+84-94-1409-119<\/strong><\/p>\n<p>Dispon\u00edvel<strong>\u00a024 horas<\/strong><\/p>\n<\/div><\/div><\/div><div class='expanding-panel'><div id='expandtr-12' class='expander-heading '><h4>do Reino Unido<\/h4><div class='icon-wrap'><span class='inner'><span class='line line-horizontal'><\/span><span class='line line-vertical'><\/span><\/span><\/div><\/div><div id='expandta-12' class='expanding-content '><div class='inner copycol'><p><a href=\"https:\/\/www.suzylamplugh.org\/\"><strong>Suzy Lamplugh Trust<\/strong><\/a><\/p>\n<p><strong>Linha de ajuda:<\/strong><\/p>\n<p><strong>+44 0808 802 0300<\/strong><\/p>\n<\/div><\/div><\/div><div class='expanding-panel'><div id='expandtr-13' class='expander-heading '><h4>EUA<\/h4><div class='icon-wrap'><span class='inner'><span class='line line-horizontal'><\/span><span class='line line-vertical'><\/span><\/span><\/div><\/div><div id='expandta-13' class='expanding-content '><div class='inner copycol'><ol>\n<li><strong>O Projeto de Rede de Seguran\u00e7a da National Network to End Domestic Violence\u2019s (NNEDV),<\/strong>\u00a0nos EUA, se concentra na interse\u00e7\u00e3o entre tecnologia e viol\u00eancia dom\u00e9stica e sexual, trabalhando para tratar como ela influencia a seguran\u00e7a, privacidade, acessibilidade e direitos civis de v\u00edtimas ao: atuar com comunidades, ag\u00eancias e empresas de tecnologia, informar defensores de v\u00edtimas e o p\u00fablico geral, treinar profissionais da lei e sistemas de justi\u00e7a, servi\u00e7os sociais, equipes coordenadas de resposta comunit\u00e1ria e outros e lutar por pol\u00edticas locais, estaduais, nacionais e internacionais que sejam s\u00f3lidas.Kit de ferramentas para v\u00edtimas de privacidade e tecnologia do\u00a0<strong><a href=\"https:\/\/www.techsafety.org\/resources-survivors\">Safety Net Project<\/a><\/strong>\n<p>&nbsp;<\/li>\n<li>A\u00a0<strong>WomensLaw.org<\/strong>\u00a0oferece informa\u00e7\u00f5es relevantes para pessoas de todos os sexos, n\u00e3o apenas mulheres. A\u00a0<a href=\"https:\/\/hotline.womenslaw.org\/\">Linha de suporte por e-mail<\/a>\u00a0oferece informa\u00e7\u00f5es jur\u00eddicas para qualquer um que tenha d\u00favidas legais ou considera\u00e7\u00f5es sobre viol\u00eancia dom\u00e9stica, viol\u00eancia sexual ou qualquer outro tema abordado em WomensLaw.org.\n<p><strong><a href=\"https:\/\/www.womenslaw.org\/about-abuse\/forms-abuse\/stalkingcyberstalking\">WomensLaw \u2013 Espionagem cibern\u00e9tica<\/a><\/strong><\/p>\n<p>&nbsp;<\/li>\n<li><strong>A Linha de Suporte Nacional contra Viol\u00eancia Dom\u00e9stica<\/strong>\u00a0dos EUA conta com profissionais altamente treinados e dispon\u00edveis 24 horas por dia\/7 dias por semana\/365 dias por ano para conversarem em confidencialidade com qualquer um que sofra viol\u00eancia dom\u00e9stica, que queira recursos ou informa\u00e7\u00f5es ou questione aspectos negativos de sua rela\u00e7\u00e3o.\n<p><strong><a href=\"https:\/\/www.thehotline.org\/\">Linha de Suporte Nacional contra Viol\u00eancia Dom\u00e9stica<\/a>:+1\u2212800\u2212799\u22127233<\/strong><\/p>\n<p>&nbsp;<\/li>\n<li><a href=\"https:\/\/victimconnect.org\/\"><strong>Centro Nacional de recursos<\/strong>\u00a0<strong>VictimConnect<\/strong><\/a><strong>:+1\u2212855\u22124\u2212VICTIM<\/strong>&nbsp;<\/li>\n<li><a href=\"https:\/\/staysafeonline.org\/\"><strong>StaySafeOnline<\/strong><\/a><\/li>\n<li><strong><a href=\"https:\/\/nostalking.org\/\">Illinois Stalking Advocacy Center<\/a><\/strong><br \/>\nIllinois Stalking Advocacy Center is the only agency whose sole focus is assisting stalking victims by providing court advocacy, safety planning and a local security camera rental program.<\/li>\n<\/ol>\n<\/div><\/div><\/div><\/div>\n\n\n<hr class=\"wp-block-separator has-text-color has-background has-black-background-color has-black-color is-style-wide\"\/>\n\n\n\n<p><a href=\"https:\/\/www.wave-network.org\/\"><strong>Women Against Violence Europe (WAVE)&nbsp;<\/strong><\/a>provide database of women\u2019s specialist support services. Services include, but are not limited to national women\u2019s helplines, shelters accessible to women survivors of GBV, women\u2019s centres, counselling services and specialist services for survivors of sexualised violence from 46 European countries. You may&nbsp;<strong><a href=\"https:\/\/www.wave-network.org\/find-help\/\">find helpful resource<\/a><\/strong>&nbsp;by entering your location.&nbsp;<\/p>\n\n\n\n<hr class=\"wp-block-separator has-text-color has-background has-black-background-color has-black-color is-style-wide\"\/>\n\n\n\n<h3 id=\"eduque-se\">Eduque-se e ajude a aumentar a conscientiza\u00e7\u00e3o sobre stalkerware<\/h3>\n\n\n\n<p><a href=\"https:\/\/www.stalkingawareness.org\/\"><strong>Stalking Prevention Awareness and Resource Center (SPARC)<\/strong><\/a><\/p>\n\n\n\n<p>SPARC provides nationwide training, technical assistance and resources to allied professionals, including: victim service providers, law enforcement, prosecutors, court personnel, judges, corrections, treatment providers, mental health professionals, campus student conduct offices, campus police\/security, Title IX offices, and others.<\/p>\n\n\n\n<p>SPARC does NOT provide direct services to victims of stalking. If you are experiencing stalking, please see our list of resources available&nbsp;<a href=\"https:\/\/www.stalkingawareness.org\/what-to-do-if-you-are-being-stalked\/\">here<\/a>.<\/p>\n\n\n\n<p>If you would like to receive technical assistance, please email&nbsp;<a href=\"mailto:associate@stalkingawareness.org\">ta@stalkingawareness.org&nbsp;<\/a>or contact us via phone at&nbsp;<a href=\"tel:+1-202-558-0040\">(202) 558-0040<\/a>.&nbsp;If you are interested in receiving training from SPARC, please&nbsp;<a href=\"https:\/\/www.stalkingawareness.org\/request-a-training\/\">click here<\/a><\/p>\n\n\n\n<p><a href=\"https:\/\/www.wave-network.org\/\"><strong>Women Against Violence Europe (WAVE)<\/strong><\/a><\/p>\n\n\n\n<p>The WAVE Network aims to promote and strengthen the human rights of women and children in general and to prevent violence against women and children in particular.&nbsp; WAVE is the only European network focusing solely on the elimination of violence against women and children.&nbsp;<\/p>\n\n\n\n<hr class=\"wp-block-separator has-text-color has-background has-black-background-color has-black-color is-style-wide\"\/>\n\n\n\n<h3 id=\"pare-sua-violencia\">Pare sua viol\u00eancia<\/h3>\n\n\n\n<p>Agressores que queiram assumir responsabilidade pelos seus atos e dispostos a mudar de comportamento s\u00e3o bem-vindos a entrar em contato com a <a href=\"https:\/\/www.work-with-perpetrators.eu\/\">WWP EN<\/a> atrav\u00e9s do endere\u00e7o <a href=\"mailto:info@work-with-perpetrators.eu\">info@work-with-perpetrators.eu<\/a>. Podemos oferecer ajuda com indica\u00e7\u00f5es para organiza\u00e7\u00f5es-membro locais que estejam aptas a apoiar aqueles que querem acabar com a viol\u00eancia.<\/p>\n","protected":false},"excerpt":{"rendered":"<p>Encontre suporte direto se voc\u00ea tiver ou suspeitar de persegui\u00e7\u00e3o Se voc\u00ea ou algu\u00e9m que voc\u00ea conhece est\u00e1 com medo de estar sendo espionado, monitorado ou vigiado, confie em seus instintos e encontre uma maneira segura de informar-se sobre seus recursos e op\u00e7\u00f5es locais. Observe que, se voc\u00ea acredita que algu\u00e9m pode estar monitorando o [&hellip;]<\/p>\n","protected":false},"author":1,"featured_media":0,"parent":0,"menu_order":0,"comment_status":"closed","ping_status":"closed","template":"","meta":[],"_links":{"self":[{"href":"https:\/\/stopstalkerware.org\/pt\/wp-json\/wp\/v2\/pages\/294"}],"collection":[{"href":"https:\/\/stopstalkerware.org\/pt\/wp-json\/wp\/v2\/pages"}],"about":[{"href":"https:\/\/stopstalkerware.org\/pt\/wp-json\/wp\/v2\/types\/page"}],"author":[{"embeddable":true,"href":"https:\/\/stopstalkerware.org\/pt\/wp-json\/wp\/v2\/users\/1"}],"replies":[{"embeddable":true,"href":"https:\/\/stopstalkerware.org\/pt\/wp-json\/wp\/v2\/comments?post=294"}],"version-history":[{"count":66,"href":"https:\/\/stopstalkerware.org\/pt\/wp-json\/wp\/v2\/pages\/294\/revisions"}],"predecessor-version":[{"id":517,"href":"https:\/\/stopstalkerware.org\/pt\/wp-json\/wp\/v2\/pages\/294\/revisions\/517"}],"wp:attachment":[{"href":"https:\/\/stopstalkerware.org\/pt\/wp-json\/wp\/v2\/media?parent=294"}],"curies":[{"name":"wp","href":"https:\/\/api.w.org\/{rel}","templated":true}]}}