{"id":2,"date":"2021-03-01T18:53:27","date_gmt":"2021-03-01T18:53:27","guid":{"rendered":"http:\/\/stopstalkerware.org\/pt\/?page_id=2"},"modified":"2021-06-03T11:26:31","modified_gmt":"2021-06-03T10:26:31","slug":"home","status":"publish","type":"page","link":"https:\/\/stopstalkerware.org\/pt\/","title":{"rendered":"P\u00e1gina inicial"},"content":{"rendered":"\n<h1 class=\"anchor\" id=\"o-que-e\"><strong>O que \u00e9 stalkerware?<\/strong><\/h1>\n\n\n\n<p>O termo stalkerware refere-se a ferramentas (programas de software, aplicativos e dispositivos) que permitem que uma pessoa vigie secretamente a vida de outra atrav\u00e9s do dispositivo m\u00f3vel da v\u00edtima. O agressor pode monitorar remotamente todo o dispositivo m\u00f3vel, incluindo buscas na Web, localiza\u00e7\u00e3o geogr\u00e1fica, mensagens de texto, fotos, chamadas de voz e muito mais. \u00c9 f\u00e1cil comprar e instalar tais programas. Eles funcionam ocultos em segundo plano, sem que a v\u00edtima saiba ou concorde com isso. Qualquer que seja a disponibilidade do stalkerware, o agressor \u00e9 culpado por us\u00e1-lo como ferramenta e, dessa forma, por cometer um crime.<\/p>\n\n\n\n<p>Se voc\u00ea quiser saber mais sobre o stalkerware, recomendamos assistir ao nosso v\u00eddeo explicativo como ponto de partida.<\/p>\n\n\n\n<figure class=\"wp-block-embed is-type-video is-provider-youtube wp-block-embed-youtube wp-embed-aspect-16-9 wp-has-aspect-ratio\"><div class=\"wp-block-embed__wrapper\">\n<iframe loading=\"lazy\" title=\"O que \u00e9 stalkerware?\" width=\"500\" height=\"281\" src=\"https:\/\/www.youtube.com\/embed\/Vlp1RWR1HKQ?feature=oembed\" frameborder=\"0\" allow=\"accelerometer; autoplay; clipboard-write; encrypted-media; gyroscope; picture-in-picture\" allowfullscreen><\/iframe>\n<\/div><\/figure>\n\n\n\n<hr class=\"wp-block-separator has-text-color has-background has-black-background-color has-black-color is-style-wide\"\/>\n\n\n\n<h2 class=\"anchor\" id=\"o-problema\"><strong>O problema do stalkerware<\/strong><\/h2>\n\n\n\n<p>O stalkerware \u00e9 um exemplo de como a tecnologia pode facilitar o abuso, como vigil\u00e2ncia de parceiros, viol\u00eancia dom\u00e9stica e baseada em g\u00eanero, ass\u00e9dio e muito mais. Nos \u00faltimos anos, o problema do stalkerware vem aumentando em todo o mundo. Organiza\u00e7\u00f5es sem fins lucrativos relatam um n\u00famero cada vez maior de sobreviventes buscando ajuda com o stalkerware, e empresas de ciberseguran\u00e7a est\u00e3o detectando um aumento consistente nesses aplicativos nocivos.<\/p>\n\n\n\n<hr class=\"wp-block-separator has-text-color has-background has-black-background-color has-black-color is-style-wide\"\/>\n\n\n\n<h3 class=\"key-heading anchor\" id=\"combate-ao\"><strong>Combate ao stalkerware<\/strong><\/h3>\n\n\n\n<p>A Coaliz\u00e3o Contra o Stalkerware foi fundada em novembro de 2019 em resposta \u00e0 amea\u00e7a crescente do stalkerware. Com a finalidade de combater o abuso facilitado pela tecnologia, a iniciativa busca unir ambas as organiza\u00e7\u00f5es que trabalham para combater a viol\u00eancia dom\u00e9stica e a comunidade de seguran\u00e7a de TI.<\/p>\n","protected":false},"excerpt":{"rendered":"<p>O que \u00e9 stalkerware? O termo stalkerware refere-se a ferramentas (programas de software, aplicativos e dispositivos) que permitem que uma pessoa vigie secretamente a vida de outra atrav\u00e9s do dispositivo m\u00f3vel da v\u00edtima. O agressor pode monitorar remotamente todo o dispositivo m\u00f3vel, incluindo buscas na Web, localiza\u00e7\u00e3o geogr\u00e1fica, mensagens de texto, fotos, chamadas de voz [&hellip;]<\/p>\n","protected":false},"author":1,"featured_media":0,"parent":0,"menu_order":0,"comment_status":"closed","ping_status":"open","template":"","meta":[],"_links":{"self":[{"href":"https:\/\/stopstalkerware.org\/pt\/wp-json\/wp\/v2\/pages\/2"}],"collection":[{"href":"https:\/\/stopstalkerware.org\/pt\/wp-json\/wp\/v2\/pages"}],"about":[{"href":"https:\/\/stopstalkerware.org\/pt\/wp-json\/wp\/v2\/types\/page"}],"author":[{"embeddable":true,"href":"https:\/\/stopstalkerware.org\/pt\/wp-json\/wp\/v2\/users\/1"}],"replies":[{"embeddable":true,"href":"https:\/\/stopstalkerware.org\/pt\/wp-json\/wp\/v2\/comments?post=2"}],"version-history":[{"count":28,"href":"https:\/\/stopstalkerware.org\/pt\/wp-json\/wp\/v2\/pages\/2\/revisions"}],"predecessor-version":[{"id":534,"href":"https:\/\/stopstalkerware.org\/pt\/wp-json\/wp\/v2\/pages\/2\/revisions\/534"}],"wp:attachment":[{"href":"https:\/\/stopstalkerware.org\/pt\/wp-json\/wp\/v2\/media?parent=2"}],"curies":[{"name":"wp","href":"https:\/\/api.w.org\/{rel}","templated":true}]}}