{"id":294,"date":"2021-04-15T16:26:20","date_gmt":"2021-04-15T15:26:20","guid":{"rendered":"http:\/\/stopstalkerware.org\/it\/?page_id=294"},"modified":"2021-04-27T12:33:26","modified_gmt":"2021-04-27T11:33:26","slug":"risorse","status":"publish","type":"page","link":"https:\/\/stopstalkerware.org\/it\/risorse\/","title":{"rendered":"Risorse"},"content":{"rendered":"\n<h1 id=\"trova-sostegno\"><strong>Trova sostegno diretto se subisci stalking o sospetti di esserne vittima<\/strong><\/h1>\n\n\n\n<p>Se temi di essere vittima di spionaggio, monitoraggio o stalking, o se pensi che ne sia vittima qualcuno che conosci, fidati del tuo istinto e trova il modo per informarti in modo sicuro sulle risorse disponibili nella tua zona e sulle opzioni a tua disposizione. Nota per\u00f2, che se qualcuno sta davvero monitorando il tuo dispositivo, quella persona sar\u00e0 anche in grado di visualizzare eventuali ricerche online per cercare aiuto e risorse. In questo caso, \u00e8 importante utilizzare un altro dispositivo, uno al quale quella persona non abbia accesso fisico, nel momento in cui cerchi informazioni o assistenza. Se ti trovi in pericolo immediato, contatta le tue autorit\u00e0 locali.<\/p>\n\n\n<div id=\"expanding-panels-block_60785db05dc51\" class=\"expanding-panels\">\n    <div class='expanding-panel'><div id='expandtr-1' class='expander-heading active'><h4>Australia<\/h4><div class='icon-wrap'><span class='inner'><span class='line line-horizontal'><\/span><span class='line line-vertical'><\/span><\/span><\/div><\/div><div id='expandta-1' class='expanding-content active'><div class='inner copycol'><p><a href=\"https:\/\/techsafety.org.au\/\"><strong>Technology Safety Australia<\/strong><\/a><br \/>\nManaged by WESNET\u2019s Safety Net Australia team, this website discusses technology, privacy, and safety in the context of intimate partner violence, sexual assault, and violence against women.<\/p>\n<p><a href=\"https:\/\/wesnet.org.au\/\"><strong>WESNET<\/strong><\/a><br \/>\n<b>Women\u2019s Services Network: national peak body for specialist women\u2019s domestic and family violence services.<\/b><\/p>\n<h5>In Australia, WESNET Safe Connections phones donated by Telstra provide new smartphones to women and their children. For more information, please contact <b>1800RESPECT<\/b> or your local support service.<\/h5>\n<\/div><\/div><\/div><div class='expanding-panel'><div id='expandtr-2' class='expander-heading '><h4>Austriaca<\/h4><div class='icon-wrap'><span class='inner'><span class='line line-horizontal'><\/span><span class='line line-vertical'><\/span><\/span><\/div><\/div><div id='expandta-2' class='expanding-content '><div class='inner copycol'><p><a href=\"http:\/\/www.frauenhaeuser-zoef.at\/\"><strong>Z\u00d6F \u2013 Zusammenschluss \u00d6sterreichischer Frauenh\u00e4user<\/strong><\/a><br \/>\nThe women\u2019s shelters associated with the Z\u00d6F community offer all sorts of support to women been mistreated or threatened by their (ex) partner. Experts offer psychosocial, legal and practical help in particular in frames of cyber violence by a current or former partner. Depending on your needs and situation, we offer protection, advice and temporary accommodation.<\/p>\n<\/div><\/div><\/div><div class='expanding-panel'><div id='expandtr-3' class='expander-heading '><h4>Francia<\/h4><div class='icon-wrap'><span class='inner'><span class='line line-horizontal'><\/span><span class='line line-vertical'><\/span><\/span><\/div><\/div><div id='expandta-3' class='expanding-content '><div class='inner copycol'><ul>\n<li>Specialized advice for victims of domestic cyberviolence:<\/li>\n<\/ul>\n<p>The\u00a0<strong>\u201c<a href=\"https:\/\/commentonsaime.fr\/j-ai-besoin-d-aide\/le-tchat\/\">En avant toute(s)<\/a>\u201d<\/strong>\u00a0chat room: free and anonymous, it offers listening, advice and guidance. To go to the chat, just go to the website\u00a0<a href=\"http:\/\/www.commentonsaime.fr\/\">www.commentonsaime.fr<\/a>\u00a0and click on the tab \u201cJe discute avec une professionnelle\u201d<\/p>\n<p><strong>The Centre Hubertine Auclert\u2019s resource site:<\/strong>\u00a0For more information on marital cyberviolence and sexist and sexual cyberviolence, your rights and procedures, you can consult https: \/\/www.stop -cybersexisme.com\/<\/p>\n<ul>\n<li>General support against domestic violence:<\/li>\n<\/ul>\n<p><strong><a href=\"http:\/\/www.solidaritefemmes.org\/appeler-le-3919\">3919<\/a>\u00a0<\/strong>\u201cViolences Femmes Information\u201d: national, anonymous and free helpline for victims and their relatives, created and managed by the F\u00e9d\u00e9ration Nationale Solidarit\u00e9 Femmes.<\/p>\n<p><strong>The F\u00e9d\u00e9ration Nationale Solidarit\u00e9 Femmes (<a href=\"http:\/\/www.solidaritefemmes.org\/\">FNSF<\/a>)<\/strong>\u00a0is a network of specialized local associations that offer multi-professional support and shelter for female victims of domestic violence. Find\u00a0<a href=\"http:\/\/www.solidaritefemmes.org\/nous-trouver\">here<\/a>\u00a0an association near you.<\/p>\n<p><strong>The\u00a0<a href=\"http:\/\/www.infofemmes.com\/\">Information Centers on the Rights of Women and Families<\/a>\u00a0(CIDFF)<\/strong>\u00a0is a federation of specialized local associations which offer legal information as well as social and psychological support to victims of domestic violence. Find\u00a0<a href=\"http:\/\/www.solidaritefemmes.org\/nous-trouver\">here<\/a>\u00a0an association near you.<\/p>\n<p><strong>Arr\u00eatons les Violences\u00a0<\/strong>(Stop Violence): the French government\u2019s resource site for female victims of violence offering information about procedures and assistance as well as about support and shelter systems in France:\u00a0<a href=\"https:\/\/stop-violences-femmes.gouv.fr\/\">https: \/\/www.stop-violences-femmes.gouv.Fr\/<\/a><\/p>\n<\/div><\/div><\/div><div class='expanding-panel'><div id='expandtr-4' class='expander-heading '><h4>Germania<\/h4><div class='icon-wrap'><span class='inner'><span class='line line-horizontal'><\/span><span class='line line-vertical'><\/span><\/span><\/div><\/div><div id='expandta-4' class='expanding-content '><div class='inner copycol'><ol>\n<li><strong><a href=\"https:\/\/weisser-ring.de\/\">WEISSER RING<\/a><br \/>\n<\/strong><strong><br \/>\nWEISSER RING Numeri di emergenza: +49-116-006<br \/>\n<\/strong><br \/>\nWEISSER RING also offers free Documentation and Evidence Collection App called \u201c<strong><a href=\"https:\/\/nostalk.de\/\">NO STALK<\/a><\/strong>\u201d.\u00a0<strong>It is important to note that this app should not be used on devices that one suspects may be monitored.<br \/>\n<\/strong><b><\/b>WEISSER RING \u00a0\u00e8 l\u2019unica organizzazione di assistenza alle vittime esistente a livello nazionale in Germania. I nostri volontari lavorano seguendo questi standard professionali. Il sostegno alle vittime fornito da WEISSER RING si fonda sull\u2019idea di offrire aiuto alle vittime di un crimine. Il dipendente che offre sostegno alla vittima fornisce un\u2019assistenza personale, su base volontaria e con capacit\u00e0 professionale. Siamo un\u2019organizzazione non finanziata dallo stato e disponiamo di oltre 390 punti di contatto sparsi per la nazione.<br \/>\n<b><\/b><\/li>\n<li><a href=\"https:\/\/www.frauen-gegen-gewalt.de\/de\/hilfe-beratung.html\"><strong>bff Bundesverband Frauenberatungsstellen und Frauennotrufe\u00a0<\/strong><\/a><strong><br \/>\nHelpline: +49-0800-22-55-530<\/strong><\/p>\n<p>Please find your local help organisation by entering your region\u00a0<strong><a href=\"https:\/\/www.frauen-gegen-gewalt.de\/de\/hilfe-beratung.html\">here<\/a><\/strong>.<\/li>\n<\/ol>\n<\/div><\/div><\/div><div class='expanding-panel'><div id='expandtr-5' class='expander-heading '><h4>Italia<\/h4><div class='icon-wrap'><span class='inner'><span class='line line-horizontal'><\/span><span class='line line-vertical'><\/span><\/span><\/div><\/div><div id='expandta-5' class='expanding-content '><div class='inner copycol'><p><strong><a href=\"https:\/\/www.direcontrolaviolenza.it\/i-centri-antiviolenza\/\">Donne in Rete contro la violenza<\/a><\/p>\n<p><\/strong>A questo link sono disponibili<strong>\u00a0<a href=\"https:\/\/www.direcontrolaviolenza.it\/d-i-re-tutti-i-numeri-telefonici-dei-centri-antiviolenza\/\" target=\"_blank\" rel=\"noopener noreferrer\">tutti i numeri di telefono dei centri antiviolenza D.i.Re<\/a><\/strong>,\u00a0citt\u00e0 per citt\u00e0 in ordine alfabetico.<\/p>\n<p><a href=\"https:\/\/www.direcontrolaviolenza.it\/i-centri-antiviolenza\/\"><strong>I Centri antiviolenza<\/strong><\/a>\u00a0svolgono\u00a0<strong>attivit\u00e0 di consulenza psicologica, consulenza legale, gruppi di sostegno, formazione, promozione, sensibilizzazione e prevenzione, raccolta ed elaborazione dati, orientamento ed accompagnamento al lavoro, raccolta materiale bibliografico e documentario sui temi della violenza<\/strong>. Le\u00a0<strong>Case rifugio<\/strong>, spesso ad indirizzo segreto, ospitano le donne ed i loro figli minorenni per un periodo di emergenza.<\/p>\n<\/div><\/div><\/div><div class='expanding-panel'><div id='expandtr-6' class='expander-heading '><h4>Malesia<\/h4><div class='icon-wrap'><span class='inner'><span class='line line-horizontal'><\/span><span class='line line-vertical'><\/span><\/span><\/div><\/div><div id='expandta-6' class='expanding-content '><div class='inner copycol'><p><strong><a href=\"https:\/\/www.awam.org.my\/\">All Women\u2019s Action Society<\/a><\/strong><\/p>\n<p><strong>Numeri di emergenza:<\/strong><\/p>\n<p><strong>+60-016-228-4221\u00a0<\/strong><\/p>\n<p><strong>+60 016 237 4221<\/strong><\/p>\n<\/div><\/div><\/div><div class='expanding-panel'><div id='expandtr-7' class='expander-heading '><h4>Russia<\/h4><div class='icon-wrap'><span class='inner'><span class='line line-horizontal'><\/span><span class='line line-vertical'><\/span><\/span><\/div><\/div><div id='expandta-7' class='expanding-content '><div class='inner copycol'><ol>\n<li><strong><a href=\"http:\/\/wcons.net\/en\/\">\u041a\u043e\u043d\u0441\u043e\u0440\u0446\u0438\u0443\u043c \u0416\u0435\u043d\u0441\u043a\u0438\u0445 \u041d\u0435\u043f\u0440\u0430\u0432\u0438\u0442\u0435\u043b\u044c\u0441\u0442\u0432\u0435\u043d\u043d\u044b\u0445 \u041e\u0431\u044a\u0435\u0434\u0438\u043d\u0435\u043d\u0438\u0439 (<span data-sheets-value=\"{\" data-sheets-userformat=\"{\">Women\u2019s Non-governmental Communities Consortium<\/span>)<\/a><\/strong><strong>Modulo di Contatto:\u00a0<a href=\"http:\/\/wcons.net\/uridicheskaya-pomochs\/#section1\">http:\/\/wcons.net\/uridicheskaya-pomochs\/#section1<\/a><\/strong><\/li>\n<li><span data-sheets-value=\"{\" data-sheets-userformat=\"{\"><strong><a href=\"http:\/\/www.anna-center.ru\/index.php\/ru\/\">\u0426\u0435\u043d\u0442\u0440 \u043f\u0440\u043e\u0442\u0438\u0432 \u043d\u0430\u0441\u0438\u043b\u0438\u044f \u0432 \u043e\u0442\u043d\u043e\u0448\u0435\u043d\u0438\u0438 \u0436\u0435\u043d\u0449\u0438\u043d \u00ab\u0410\u043d\u043d\u0430\u00bb (Center Against Violence Directed at Women \u201cAnna\u201d)<\/a><\/strong><\/span><strong>Helpline tutto russo per le donne colpite dalla violenza domestica:\u00a0<span data-sheets-value=\"{\" data-sheets-userformat=\"{\">+7-800-7000-600<\/span><\/strong><\/li>\n<li><a href=\"https:\/\/nasiliu.net\/\"><strong>\u041d\u0430\u0441\u0438\u043b\u0438\u044e.\u041d\u0435\u0442 (No.Violence)<\/strong><\/a><\/li>\n<\/ol>\n<\/div><\/div><\/div><div class='expanding-panel'><div id='expandtr-8' class='expander-heading '><h4>Svizzera<\/h4><div class='icon-wrap'><span class='inner'><span class='line line-horizontal'><\/span><span class='line line-vertical'><\/span><\/span><\/div><\/div><div id='expandta-8' class='expanding-content '><div class='inner copycol'><p><a href=\"https:\/\/www.opferhilfe-schweiz.ch\/de\/\"><strong>Aiuto alle vittime<\/strong><\/a><\/p>\n<p>Vi sono consultori dell\u2019Aiuto alle vittime di reati in tutta la Svizzera. Essi vi informano in merito ai vostri diritti, vi supportano nell\u2019elaborare quanto accaduto e vi forniscono la mediazione di ulteriore assistenza. Potete scegliere liberamente il consultorio. Vale a dire che potete anche andare in un consultorio in un altro cantone. Lista di tutti i consultori dell\u2019Aiuto alle vittime\u00a0<a href=\"https:\/\/www.opferhilfe-schweiz.ch\/it\/dove-posso-trovare-aiuto\/\">https:\/\/www.opferhilfe-schweiz.ch\/it\/dove-posso-trovare-aiuto\/<\/a><\/p>\n<\/div><\/div><\/div><div class='expanding-panel'><div id='expandtr-9' class='expander-heading '><h4>Taiwan<\/h4><div class='icon-wrap'><span class='inner'><span class='line line-horizontal'><\/span><span class='line line-vertical'><\/span><\/span><\/div><\/div><div id='expandta-9' class='expanding-content '><div class='inner copycol'><p><a href=\"https:\/\/www.goh.org.tw\/en\/\"><strong>The Garden of Hope Foundation<\/strong><\/a><\/p>\n<p><strong>Numeri di emergenza:\u00a0<\/strong><span data-sheets-value=\"{\" data-sheets-userformat=\"{\"><strong>+886-2-8911-5595<\/strong><\/span><\/p>\n<\/div><\/div><\/div><div class='expanding-panel'><div id='expandtr-10' class='expander-heading '><h4>Tacchino<\/h4><div class='icon-wrap'><span class='inner'><span class='line line-horizontal'><\/span><span class='line line-vertical'><\/span><\/span><\/div><\/div><div id='expandta-10' class='expanding-content '><div class='inner copycol'><p><a href=\"https:\/\/morcati.org.tr\/\"><strong>Mor \u00c7at\u0131 (Purple Roof Women\u2019s Shelter Foundation)<\/strong><\/a><\/p>\n<p><span data-sheets-value=\"{\" data-sheets-userformat=\"{\"><strong>Numeri di emergenza:<\/strong><\/span><\/p>\n<p><span data-sheets-value=\"{\" data-sheets-userformat=\"{\"><strong>+90-212-656-96-96<\/strong><\/span><\/p>\n<p><span data-sheets-value=\"{\" data-sheets-userformat=\"{\"><strong>+90-0553-408-19-90<\/strong><\/span><\/p>\n<p><strong>Nota:<\/strong>\u00a0questi due numeri di telefono sono validi solo durante le COVID-19. In altri casi, utilizzare il numero di rete fissa:<\/p>\n<p><strong>+ 90 (212) 292 52 31-32<\/strong><\/p>\n<p>Disponibile\u00a0<strong>luned\u00ec, mercoled\u00ec, gioved\u00ec, venerd\u00ec dalle 10.30 alle 16.30<\/strong><\/p>\n<\/div><\/div><\/div><div class='expanding-panel'><div id='expandtr-11' class='expander-heading '><h4>Vietnam<\/h4><div class='icon-wrap'><span class='inner'><span class='line line-horizontal'><\/span><span class='line line-vertical'><\/span><\/span><\/div><\/div><div id='expandta-11' class='expanding-content '><div class='inner copycol'><p><a href=\"http:\/\/csaga.org.vn\/\"><strong>Center for Studies and Applied Sciences in Gender \u2013 Family \u2013 Women and Adolescent (CSAGA)<\/strong><\/a><\/p>\n<p><strong>Numeri di emergenza:<\/strong><\/p>\n<p><strong>+84-24-3333-55-99<\/strong><\/p>\n<p><strong>+84-94-1409-119<\/strong><\/p>\n<p>Disponibile\u00a0<strong>24 ore<\/strong><\/p>\n<\/div><\/div><\/div><div class='expanding-panel'><div id='expandtr-12' class='expander-heading '><h4>UK<\/h4><div class='icon-wrap'><span class='inner'><span class='line line-horizontal'><\/span><span class='line line-vertical'><\/span><\/span><\/div><\/div><div id='expandta-12' class='expanding-content '><div class='inner copycol'><p><a href=\"https:\/\/www.suzylamplugh.org\/\"><strong>Suzy Lamplugh Trust<\/strong><\/a><\/p>\n<p><strong>Numeri di emergenza:<br \/>\n<\/strong><strong>+44 0808 802 0300<\/strong><\/p>\n<\/div><\/div><\/div><div class='expanding-panel'><div id='expandtr-13' class='expander-heading '><h4>Stati Uniti<\/h4><div class='icon-wrap'><span class='inner'><span class='line line-horizontal'><\/span><span class='line line-vertical'><\/span><\/span><\/div><\/div><div id='expandta-13' class='expanding-content '><div class='inner copycol'><ol>\n<li><strong>Negli Stati Uniti, il \u201cSafety Net Project\u201d della rete National Network to End Domestic Violence (NNEDV)<\/strong>\u00a0si concentra sull\u2019intersezione fra tecnologia e violenza domestica e sessuale, affrontando il suo impatto sulla sicurezza, la privacy, l\u2019accessibilit\u00e0 e i diritti civili delle vittime. Si impegna lavorando con le comunit\u00e0, le agenzie e le aziende del campo della tecnologia, per formare difensori delle vittime e il pubblico generale, istruendo tutori della legge, sistema giudiziario, servizi sociali, squadre di intervento coordinate e altri, lottando per delle politiche locali, statali, nazionali e internazionali forti.<br \/>\n<a href=\"https:\/\/www.techsafety.org\/resources-survivors\">Safety Net Project,<\/a>\u00a0Tech &amp; Privacy Survivor Toolkit<\/li>\n<li>WomensLaw.org\u00a0fornisce informazioni importanti per entrambi i sessi, non solo per le donne. L\u2019<a href=\"https:\/\/hotline.womenslaw.org\/\">indirizzo e-mail per le emergenze<\/a>\u00a0fornisce informazioni legali a chiunque ci contatti con domande o dubbi giuridici relativi alla violenza domestica, sessuale o ad altri argomenti trattati da WomensLaw.org.<br \/>\n<strong><a href=\"https:\/\/www.womenslaw.org\/about-abuse\/forms-abuse\/stalkingcyberstalking\">WomensLa<\/a><\/strong><a href=\"https:\/\/www.womenslaw.org\/about-abuse\/forms-abuse\/stalkingcyberstalking\">w \u2013 Cyberstalking<\/a><\/li>\n<li><a href=\"https:\/\/www.thehotline.org\/\">Il numero di emergenza americano per la violenza domestica<\/a>\u00a0dispone di personale altamente qualificato, disponibile 7 giorni su 7, 24 ore su 24 e 365 giorni l\u2019anno, per parlare in tutta riservatezza con chiunque sia vittima di violenza domestica, sia alla ricerca di risorse o informazioni, o abbia dubbi su alcuni aspetti malsani della propria relazione.<br \/>\n<a href=\"https:\/\/www.thehotline.org\/\"><b>Numero di emergenza americano per la violenza domestica<\/b><\/a><b>:\u00a0<\/b><strong>+1\u2212800\u2212799\u22127233<\/strong><\/li>\n<li><a href=\"https:\/\/victimconnect.org\/\"><b>Centro risorse nazionale per le vittime VictimConnect<\/b><\/a><b>:\u00a0<\/b><strong>+1\u2212855\u22124\u2212VICTIM<\/strong><\/li>\n<li><a href=\"https:\/\/staysafeonline.org\/\"><b>StaySafeOnline<\/b><\/a><\/li>\n<\/ol>\n<\/div><\/div><\/div><\/div>\n\n\n<hr class=\"wp-block-separator has-text-color has-background has-black-background-color has-black-color is-style-wide\"\/>\n\n\n\n<p><strong><a rel=\"noreferrer noopener\" href=\"https:\/\/www.wave-network.org\/\" target=\"_blank\">Women Against Violence Europe (WAVE)<\/a><\/strong> provide database of women\u2019s specialist support services. Services include, but are not limited to national women\u2019s helplines, shelters accessible to women survivors of GBV, women\u2019s centres, counselling services and specialist services for survivors of sexualised violence from 46 European countries. You may\u00a0<strong><a rel=\"noreferrer noopener\" href=\"https:\/\/www.wave-network.org\/find-help\/\" target=\"_blank\">find helpful resource<\/a><\/strong>\u00a0by entering your location.\u00a0<\/p>\n\n\n\n<hr class=\"wp-block-separator has-text-color has-background has-black-background-color has-black-color is-style-wide\"\/>\n\n\n\n<h3 id=\"educate-yourself\">Educate yourself and help to raise awareness about stalkerware<\/h3>\n\n\n\n<p><strong><a href=\"https:\/\/www.stalkingawareness.org\/\" target=\"_blank\" rel=\"noreferrer noopener\">Stalking Prevention Awareness and Resource Center (SPARC)<\/a><\/strong><\/p>\n\n\n\n<p>SPARC provides nationwide training, technical assistance and resources to allied professionals, including: victim service providers, law enforcement, prosecutors, court personnel, judges, corrections, treatment providers, mental health professionals, campus student conduct offices, campus police\/security, Title IX offices, and others.<\/p>\n\n\n\n<p>SPARC does NOT provide direct services to victims of stalking. If you are experiencing stalking, please see our list of resources available&nbsp;<a href=\"https:\/\/www.stalkingawareness.org\/what-to-do-if-you-are-being-stalked\/\">here<\/a>.<\/p>\n\n\n\n<p>If you would like to receive technical assistance, please email&nbsp;<a href=\"mailto:associate@stalkingawareness.org\">ta@stalkingawareness.org&nbsp;<\/a>or contact us via phone at&nbsp;<a href=\"tel:+1-202-558-0040\">(202) 558-0040<\/a>.&nbsp;If you are interested in receiving training from SPARC, please&nbsp;<a href=\"https:\/\/www.stalkingawareness.org\/request-a-training\/\" target=\"_blank\" rel=\"noreferrer noopener\">click here<\/a><\/p>\n\n\n\n<p><strong><a href=\"https:\/\/www.wave-network.org\/\" target=\"_blank\" rel=\"noreferrer noopener\">Women Against Violence Europe (WAVE)<\/a><\/strong><\/p>\n\n\n\n<p>The WAVE Network aims to promote and strengthen the human rights of women and children in general and to prevent violence against women and children in particular.&nbsp; WAVE is the only European network focusing solely on the elimination of violence against women and children.&nbsp;<\/p>\n\n\n\n<hr class=\"wp-block-separator has-text-color has-background has-black-background-color has-black-color is-style-wide\"\/>\n\n\n\n<h3 id=\"ferma-la-tua-violenza\">Ferma la tua violenza<\/h3>\n\n\n\n<p>I perpetratori che desiderano assumersi le loro responsabilit\u00e0 per le azioni commesse e che vogliono cambiare il loro comportamento sono i benvenuti, prendete contatto con <a rel=\"noreferrer noopener\" href=\"https:\/\/www.work-with-perpetrators.eu\/\" target=\"_blank\"><strong>WWP<\/strong> <strong>EN<\/strong><\/a> via <a href=\"mailto:info@work-with-perpetrators.eu\">info@work-with-perpetrators.eu<\/a>. Potremo aiutarvi rimandandovi a organizzazioni locali, qualificate per sostenere chi cerca aiuto per fermare una violenza.<\/p>\n","protected":false},"excerpt":{"rendered":"<p>Trova sostegno diretto se subisci stalking o sospetti di esserne vittima Se temi di essere vittima di spionaggio, monitoraggio o stalking, o se pensi che ne sia vittima qualcuno che conosci, fidati del tuo istinto e trova il modo per informarti in modo sicuro sulle risorse disponibili nella tua zona e sulle opzioni a tua [&hellip;]<\/p>\n","protected":false},"author":1,"featured_media":0,"parent":0,"menu_order":0,"comment_status":"closed","ping_status":"closed","template":"","meta":[],"_links":{"self":[{"href":"https:\/\/stopstalkerware.org\/it\/wp-json\/wp\/v2\/pages\/294"}],"collection":[{"href":"https:\/\/stopstalkerware.org\/it\/wp-json\/wp\/v2\/pages"}],"about":[{"href":"https:\/\/stopstalkerware.org\/it\/wp-json\/wp\/v2\/types\/page"}],"author":[{"embeddable":true,"href":"https:\/\/stopstalkerware.org\/it\/wp-json\/wp\/v2\/users\/1"}],"replies":[{"embeddable":true,"href":"https:\/\/stopstalkerware.org\/it\/wp-json\/wp\/v2\/comments?post=294"}],"version-history":[{"count":64,"href":"https:\/\/stopstalkerware.org\/it\/wp-json\/wp\/v2\/pages\/294\/revisions"}],"predecessor-version":[{"id":489,"href":"https:\/\/stopstalkerware.org\/it\/wp-json\/wp\/v2\/pages\/294\/revisions\/489"}],"wp:attachment":[{"href":"https:\/\/stopstalkerware.org\/it\/wp-json\/wp\/v2\/media?parent=294"}],"curies":[{"name":"wp","href":"https:\/\/api.w.org\/{rel}","templated":true}]}}