{"id":2,"date":"2021-03-01T18:53:27","date_gmt":"2021-03-01T18:53:27","guid":{"rendered":"http:\/\/stopstalkerware.org\/it\/?page_id=2"},"modified":"2021-06-03T11:25:43","modified_gmt":"2021-06-03T10:25:43","slug":"home","status":"publish","type":"page","link":"https:\/\/stopstalkerware.org\/it\/","title":{"rendered":"Pagina principale"},"content":{"rendered":"\n<h1 class=\"anchor\" id=\"che-cose-lo\"><strong>Che cos&#8217;\u00e8 lo stalkerware?<\/strong><\/h1>\n\n\n\n<p>La parola &#8220;stalkerware&#8221; fa riferimento a strumenti come programmi software, applicazioni e dispositivi che permettono a qualcuno di spiare segretamente la vita privata di un&#8217;altra persona attraverso il suo dispositivo mobile. Il perpetratore pu\u00f2 monitorare in remoto l&#8217;intero dispositivo, incluse le ricerche su Web, la posizione geografica, i messaggi di testo, le foto, le chiamate vocali e molto altro. Non \u00e8 difficile acquistare e installare programmi simili. Funzionano in background, senza che l&#8217;interessato se ne renda conto, n\u00e9 dia il suo consenso. Il fatto che gli stalkerware siano a portata di mano non sminuisce per\u00f2 la responsabilit\u00e0 dei perpetratori nell&#8217;utilizzarli come strumento, commettendo cos\u00ec un crimine.<\/p>\n\n\n\n<p>Se vuoi sapere di pi\u00f9 sullo stalkerware, ti consigliamo di guardare il nostro video illustrativo come punto di partenza.&nbsp;<\/p>\n\n\n\n<figure class=\"wp-block-embed is-type-video is-provider-youtube wp-block-embed-youtube wp-embed-aspect-16-9 wp-has-aspect-ratio\"><div class=\"wp-block-embed__wrapper\">\n<iframe loading=\"lazy\" title=\"Cosa sono gli stalkerware?\" width=\"500\" height=\"281\" src=\"https:\/\/www.youtube.com\/embed\/dJV1wM6zgtw?feature=oembed\" frameborder=\"0\" allow=\"accelerometer; autoplay; clipboard-write; encrypted-media; gyroscope; picture-in-picture\" allowfullscreen><\/iframe>\n<\/div><\/figure>\n\n\n\n<hr class=\"wp-block-separator has-text-color has-background has-black-background-color has-black-color is-style-wide\"\/>\n\n\n\n<h2 class=\"anchor\" id=\"il-problema\"><strong>Il problema dello stalkerware<\/strong><\/h2>\n\n\n\n<p>Lo stalkerware \u00e8 un perfetto esempio di come la tecnologia possa facilitare un abuso, per esempio sotto forma di sorveglianza del partner, di violenza domestica e violenza di genere, molestia e molto altro. Negli ultimi anni, il problema dello stalkerware ha subito un incremento a livello globale. Le organizzazioni no-profit segnalano un numero sempre crescente di vittime che cercano aiuto per un problema di stalkerware, e le aziende di cybersecurity rilevano un costante aumento di applicazioni simili.<\/p>\n\n\n\n<hr class=\"wp-block-separator has-text-color has-background has-black-background-color has-black-color is-style-wide\"\/>\n\n\n\n<h3 class=\"key-heading anchor\" id=\"combattere\"><strong>Combattere lo stalkerware<\/strong><\/h3>\n\n\n\n<p>La Coalition Against Stalkerware (coalizione contro lo stalkerware) \u00e8 stata fondata nel novembre 2019 in risposta alla crescente minaccia rappresentata da questo fenomeno. Con lo scopo di combattere ogni abuso facilitato dalla tecnologia, l&#8217;iniziativa mira a unire le organizzazioni che lavorano per combattere la violenza domestica e la comunit\u00e0 che si occupa di sicurezza informatica.<\/p>\n","protected":false},"excerpt":{"rendered":"<p>Che cos&#8217;\u00e8 lo stalkerware? La parola &#8220;stalkerware&#8221; fa riferimento a strumenti come programmi software, applicazioni e dispositivi che permettono a qualcuno di spiare segretamente la vita privata di un&#8217;altra persona attraverso il suo dispositivo mobile. Il perpetratore pu\u00f2 monitorare in remoto l&#8217;intero dispositivo, incluse le ricerche su Web, la posizione geografica, i messaggi di testo, [&hellip;]<\/p>\n","protected":false},"author":1,"featured_media":0,"parent":0,"menu_order":0,"comment_status":"closed","ping_status":"open","template":"","meta":[],"_links":{"self":[{"href":"https:\/\/stopstalkerware.org\/it\/wp-json\/wp\/v2\/pages\/2"}],"collection":[{"href":"https:\/\/stopstalkerware.org\/it\/wp-json\/wp\/v2\/pages"}],"about":[{"href":"https:\/\/stopstalkerware.org\/it\/wp-json\/wp\/v2\/types\/page"}],"author":[{"embeddable":true,"href":"https:\/\/stopstalkerware.org\/it\/wp-json\/wp\/v2\/users\/1"}],"replies":[{"embeddable":true,"href":"https:\/\/stopstalkerware.org\/it\/wp-json\/wp\/v2\/comments?post=2"}],"version-history":[{"count":25,"href":"https:\/\/stopstalkerware.org\/it\/wp-json\/wp\/v2\/pages\/2\/revisions"}],"predecessor-version":[{"id":509,"href":"https:\/\/stopstalkerware.org\/it\/wp-json\/wp\/v2\/pages\/2\/revisions\/509"}],"wp:attachment":[{"href":"https:\/\/stopstalkerware.org\/it\/wp-json\/wp\/v2\/media?parent=2"}],"curies":[{"name":"wp","href":"https:\/\/api.w.org\/{rel}","templated":true}]}}