{"id":148,"date":"2021-03-26T09:34:39","date_gmt":"2021-03-26T09:34:39","guid":{"rendered":"http:\/\/stopstalkerware.org\/it\/?page_id=148"},"modified":"2021-06-07T15:41:16","modified_gmt":"2021-06-07T14:41:16","slug":"informazioni-per-media","status":"publish","type":"page","link":"https:\/\/stopstalkerware.org\/it\/informazioni-per-media\/","title":{"rendered":"Informazioni per media"},"content":{"rendered":"\n<h1>Informazioni per media<\/h1>\n\n\n\n<h3 id=\"definition\"><strong>Definizione<\/strong><\/h3>\n\n\n\n<p>La Coalition Against Stalkerware lo definisce come un software, reso direttamente disponibile agli individui, che permette a un utente remoto di monitorare le attivit\u00e0 sul dispositivo di un altro utente, senza il consenso di quest\u2019ultimo e senza che questi riceva esplicite e persistenti notifiche al riguardo; per facilitare, in modo intenzionale e non, atti di sorveglianza, molestia, abuso, stalking e\/o violenza su tale persona. Nota: diamo per scontato che l&#8217;utente del dispositivo non abbia dato il consenso, nel caso di app che richiedono semplicemente un accesso fisico al dispositivo, il suo sblocco o l&#8217;accesso con nome utente e password affinch\u00e9 l&#8217;app venga installata.<br><br>Alcune persone definiscono gli stalkerware come &#8220;spouseware&#8221; o &#8220;creepware&#8221;, dall&#8217;inglese &#8220;spouse&#8221;, ovvero coniuge e &#8220;creep&#8221;, cio\u00e8 persona viscida. Il termine \u00e8 a volte colloquialmente usato per riferirsi a qualsiasi app o programma che effettivamente o solo appartentemente invada la privacy di qualcuno. Riteniamo sia importante avere una definizione chiara e precisa, poich\u00e9 gli stalkerware sono impiegati in situazioni di abuso domestico sul partner.&nbsp;<\/p>\n\n\n\n<p>Facciamo inoltre notare che app legittime e altri tipi di tecnologie sono in grado di giocare un ruolo effettivo, come spesso avviene, in simili situazioni.<\/p>\n\n\n\n<hr class=\"wp-block-separator has-text-color has-background has-black-background-color has-black-color is-style-wide\" \/>\n\n\n\n<h3 id=\"scale\"><strong>La portata del problema<\/strong><\/h3>\n\n\n\n<h5>La Coalizione ritiene che quello dello stalkerware sia un problema in crescita.<\/h5>\n\n\n\n<h5>Le organizzazioni no-profit vengono contattate da un numero sempre maggiore di vittime in cerca di aiuto a causa di questo crimine:<\/h5>\n\n\n\n<ul><li>Secondo i risultati del Secondo sondaggio nazionale sull&#8217;abuso di tecnologia e sulla violenza domestica in <strong>Australia<\/strong>, realizzato da WESNET con l&#8217;assistenza della dottoressa Delanie Woodlock e dei ricercatori della Curtin University, il 99,3% dei professionisti che combattono la violenza domestica assiste clienti i cui abusi sono supportati dalla tecnologia, e si rileva un incremento del 183,2% nell&#8217;utilizzo di telecamere fra il 2015 e il 2000.<\/li><li>Secondo uno studio sulla violenza informatica all&#8217;interno delle relazioni intime realizzato dal Centre Hubertine Auclert in <strong>Francia<\/strong>, il 21% delle vittime ha subito stalkerware per mano del partner violento e il 69% delle vittime ha la sensazione che le informazioni personali contenute nel proprio smartphone siano state segretamente violate dal proprio partner.<\/li><li>In <strong>Germania<\/strong>, da molti anni, i centri di sostegno per le donne e i centri antistupro stanno notando un incremento dell&#8217;utilizzo dello stalkerware all&#8217;interno delle relazioni di coppia.<\/li><li>Negli <strong>Stati<\/strong> <strong>Uniti<\/strong>, secondo lo Stalking Prevention Awareness &amp; Resource Center (SPARC), lo stalking colpisce all&#8217;incirca 6-7,5 milioni di persone nel corso di un anno e 1 vittima su 4 dichiara di aver subito molestie attraverso una qualche forma di tecnologia.<\/li><\/ul>\n\n\n\n<h5>Le aziende di cybersecurity stanno rilevando un costante incremento di queste applicazioni dannose (situazione nel novembre 2020):<\/h5>\n\n\n\n<ul><li>Con la diffusione del Covid-19 all&#8217;inizio del 2020 e sempre pi\u00f9 paesi confinati in un lockdown per combattere la pandemia, F-Secure ha notato un significativo aumento del rilevamento di stalkerware a partire dal mese di marzo. Sebbene i rilevamenti siano calati all&#8217;inizio dell&#8217;estate, sono poi rapidamente risaliti verso la fine del periodo di vacanze, facendo quindi registrare quasi il quadruplo delle segnalazioni di stalkerware nei mesi di agosto e settembre rispetto ai mesi precedenti. Cerberus \u00e8 il software di stalkerware frequente, con il 52% dei rilevamenti su dispositivi mobili singoli. Pubblicizzato come applicazione antifurto, pu\u00f2 nascondersi in un dispositivo Android, di cui pu\u00f2 tracciare la posizione. \u00c8 in grado di impedire la propria rimozione e di scattare foto e screenshot, oltre a poter registrare tracce audio.<\/li><li>Nel 2019, Kaspersky ha rilevato un aumento annuo del 67% nell&#8217;utilizzo di stalkerware sui dispositivi mobili dei propri utenti a livello globale. Il numero di installazioni di stalkerware, globalmente, nei primi 10 mesi del 2020 (da gennaio a ottobre) ammonta a pi\u00f9 di 48.500, una cifra prossima al totale (quasi 52.000 installazioni) osservato durante lo stesso periodo nel 2019.<\/li><li>Secondo Malwarebytes, sebbene queste app abbiano sempre rappresentato un&#8217;importante minaccia per gli utenti, i lockdown verificatisi da marzo 2020 in poi sono risultati in un drammatico aumento del loro utilizzo. Malwarebytes ha registrato un picco dall&#8217;1 gennaio al 30 giugno, con un aumento del 780% nel rilevamento di app di monitoraggio e del 1677% nel rilevamento di spyware. Nonostante l&#8217;alleggerimento delle restrizioni a partire dal mese di luglio, i numeri non sono mai scesi fino ai livelli di gennaio. Dal 1\u00b0 gennaio al 31 ottobre, Malwarebytes ha registrato un aumento del 584% nel rilevamento di app di monitoraggio e del 1044% nel rilevamento di spyware. Complessivamente, ci\u00f2 rappresenta pi\u00f9 di 43.000 rilevamenti di app di monitoraggio durante i primi 10 mesi del 2020.<\/li><li>Inoltre, un recente sondaggio condotto in Gran Bretagna da parte di Certo Software evidenzia come solo il 31% dei partecipanti fosse al corrente che spiare il telefono di un&#8217;altra persona \u00e8 illegale.<\/li><\/ul>\n\n\n\n<h5>Le organizzazioni no-profit sono allarmate da questa tendenza:<\/h5>\n\n\n\n<ul><li>Cl\u00e9mence Pajot, Direttrice del <strong>Centre Hubertine Auclert<\/strong> (Francia): \u201cLo stalkerware \u00e8 un&#8217;importante fonte di pericolo e stress per le vittime. La Coalizione \u00e8 un&#8217;ottima opportunit\u00e0 di radunare la competenza del settore della sicurezza informatica con l&#8217;esperienza delle ONG specializzate nella violenza sulle donne. Questa sinergia a livello internazionale dar\u00e0 modo di creare la miglior soluzione possibile per proteggere le vittime.&#8221;<\/li><li>Eva Galperin, Direttrice della sicurezza informatica, <strong>Electronic Frontier Foundation<\/strong> (USA): \u201cCi\u00f2 che ho imparato \u00e8 che i dati trapelano. Fuoriescono. Finiscono in posti dove non si vuole che vadano. Amici e parenti spargono in giro informazioni su di te. Vai a una festa e qualcuno ti tagga come presente in quel posto. E questo \u00e8 solo uno dei modi in cui i molestatori raccolgono informazioni su di te, che tu non vorresti rivelare loro.&#8221;<\/li><li>Alessandra Pauncz, Direttrice esecutiva, <strong>Rete europea per il lavoro con i perpetratori di violenza domestica (WWP EN)<\/strong>: \u201cGli effetti della violenza informatica su donne e ragazze sono devastanti, pervasivi e senza fine, perch\u00e9 fanno parte di un continuum di violenza (offline e online), che le priva della loro libert\u00e0. Dobbiamo mettere fine a tutto questo. E dobbiamo togliere queste armi mortali dalle mani dei perpetratori. Dobbiamo iniziare a vedere lo stalkerware come un&#8217;arma ed eliminarlo!&#8221;<\/li><li>Kim Tipsord, Direttrice esecutiva, <strong>Illinois Stalking Advocacy Center<\/strong> (USA): \u201cLo stalking \u00e8 imprevedibile e pu\u00f2 essere pericoloso, ecco perch\u00e9 \u00e8 imperativo per i difensori studiare un piano di sicurezza con i loro clienti. L&#8217;utilizzo di stalking nei casi di molestie spesso complica la realizzazione di un piano di sicurezza per le vittime, perch\u00e9 non di rado \u00e8 irrilevabile e, perfino nel caso in cui vi sia il sospetto, le risorse disponibili per rimuoverlo e impedire che venga reinstallato sono scarse. Collaborare con la Coalition Against Stalkerware \u00e8 un importante primo passo per mettere in contatto i difensori delle vittime con i professionisti della sicurezza informatica, in modo che possano lavorare assieme per combattere questo fenomeno in crescita.&#8221;<\/li><li>Deborah J. Vagins, Presidentessa e AD, <strong>National Network to End Domestic Violence (NNEDV)<\/strong> (USA): \u201cIl National Network to End Domestic Violence (NNEDV) \u00e8 entusiasta della collaborazione con la Coalition Against Stalkerware. Grazie al lavoro del nostro Safety Net Project sappiamo che molte vittime di violenza domestica subiscono molestie, monitoraggio, stalking e frode da parte dei partner a mezzo di stalkerware, uno strumento di abuso che lascia segni permanenti sui sopravvissuti, intaccando il loro senso di sicurezza. Come membro fondatore della Coalizione, riaffermiamo il nostro impegno nel capire e affrontare questa tattica di abuso per assicurarci che tutti, inclusi i sopravvissuti, possano sfruttare la tecnologia senza aver timore di subire violenze.&#8221;<\/li><li>Horst Hinger, Vice direttore generale, <strong>WEISSER RING<\/strong> (Germania): \u201cCome organizzazione a sostegno delle vittime, sappiamo bene che molte persone subiscono il cyberstalking. Le vittime raramente cercano aiuto, perch\u00e9 si vergognano e incolpano s\u00e9 stesse. Le vittime di stalkerware in particolare, poich\u00e9 temono i potenti strumenti odierni nelle mani dei perpetratori. Non c&#8217;\u00e8 rifugio che possa proteggerle, quando il cyberstalking si insinua nella loro vita digitale. Questo non solo limita la qualit\u00e0 della loro vita, ma crea inoltre una sensazione di impotenza, di totale assuefazione al controllo di un&#8217;altra persona. Anche se lo stalking non sempre lascia cicatrici visibili, le vittime spesso mostrano evidenti sintomi di stress psicologico, che con il nostro lavoro cerchiamo di alleviare. Secondo le statistiche in possesso delle forze di polizia, nel 2018 si sono verificati quasi 19.000 casi di stalking in Germania, 500 in pi\u00f9 dell&#8217;anno precedente. Ecco perch\u00e9 abbiamo sviluppato l&#8217;app NO STALK insieme a WEISSER RING Stiftung, per dare alle vittime uno strumento efficace per documentare l&#8217;abuso. Per noi di WEISSER RING \u00e8 importante fornire un supporto a chi subisce stalking. Lo facciamo attraverso l&#8217;app che permette di segnalare le azioni, ma soprattutto attraverso conversazioni personali e sostegno, ad esempio accompagnando i nostri assistiti alla polizia. WEISSER RING aiuta pi\u00f9 di 700 vittime di stalking ogni anno. Il nostro impegno sociale permette a chi ha subito tali abusi di ricostruirsi una vita.&#8221;<\/li><\/ul>\n\n\n\n<h5><strong>Gli stalkerware come fenomeno di genere<\/strong><\/h5>\n\n\n\n<ul><li>Secondo i risultati della ricerca del 2017 \u201cViolenza virtuale contro le donne e le ragazze\u201d, dell\u2019Istituto europeo per l\u2019uguaglianza di genere: \u201c7 donne su 10 (il 70 %) fra le vittime di cyberstalking, ha anche subito una o pi\u00f9 forme di violenza fisica e\/o sessuale da parte di un partner intimo.\u201d Evidenziando un allarmante trend di violenza di genere che sfocia in abusi online permessi dalle tecnologie.<\/li><li>Sebbene siano necessarie ulteriori ricerche sulla natura di genere dell\u2019utilizzo dello stalkerware, i dati disponibili dipingono un chiaro quadro: le vittime principali di questi abusi facilitati dalla tecnologia sono le donne, mentre i perpetratori di violenza sono principalmente uomini.<\/li><li>Il collegamento fra violenze da parte dei partner, il genere e l\u2019abuso aiutato dalla tecnologia, come nel caso degli stalkerware, deve trovare una chiara eco nelle politiche, nella prevenzione e nel lavoro con i perpetratori e le vittime, nelle campagne di sensibilizzazione, nella formazione e nella ricerca.<\/li><\/ul>\n\n\n\n<hr class=\"wp-block-separator has-text-color has-background has-black-background-color has-black-color is-style-wide\" \/>\n\n\n\n<h3 id=\"scrivere-sullo\"><strong>Scrivere sullo stalkerware<\/strong><\/h3>\n\n\n\n<p>L&#8217;utilizzo di stalkerware \u00e8 un tipo di abuso, che alcuni preferiscono definire come violenza intima del partner, fra i pi\u00f9 invasivi che una vittima possa subire. Quando si danno consigli e si insegnano strategie alle vittime di stalkerware, oppure quando si scrive pubblicamente su questo tema, \u00e8 cruciale avere delle conoscenze di base sull&#8217;abuso domestico, poich\u00e9 degli interventi benintenzionati ma male informati potrebbero mettere a rischio la sicurezza delle vittime stesse. Un&#8217;ottima fonte di informazioni al riguardo \u00e8 il sito <a href=\"https:\/\/nnedv.org\/about-dv\/what-is-dv\/\" target=\"_blank\" rel=\"noreferrer noopener\">NNEDV<\/a> (in inglese), o quelli di organizzazioni simili in altri paesi. Qui di seguito, un elenco delle considerazioni di sicurezza pi\u00f9 importanti da tenere a mente per comunicare con le vittime di stalkerware.<\/p>\n\n\n\n<p>La violenza nell&#8217;ambito delle relazioni intime si basa sul potere e sul controllo, scavalcando i confini della gelosia. Il controllo imposto dal perpetratore \u00e8 a volte cos\u00ec forte che la vittima sente di non avere scelta, di non poter fuggire, n\u00e9 chiedere aiuto. Anche abbandonare la relazione o tagliare i ponti con un ex molesto sembra impossibile, cos\u00ec come riprendere il pieno controllo dei propri dispositivi personali. Spesso, il momento in cui una vittima decide di ribellarsi o lasciare una persona violenta \u00e8 il momento pi\u00f9 pericoloso, che pu\u00f2 sfociare in un&#8217;escalation di violenza.<\/p>\n\n\n\n<p>Spesso accade che le vittime condividano non solo una relazione, ma anche l&#8217;accesso ai dispositivi con il proprio partner, soprattutto nel caso in cui abbiano account condivisi. Certo sarebbe bene non condividere mai il codice pin del proprio dispositivo, ma alcune persone potrebbero trovarsi in pericolo rifiutandosi di farlo.<\/p>\n\n\n\n<p>I software di sicurezza, come gli antivirus, possono informare un utente della presenza di stalkerware sul dispositivo, ma per molte vittime la rimozione di tali programmi potrebbe portare a un&#8217;escalation di violenza da parte del partner violento, in grado di monitorare il dispositivo stesso. Rilevare gli stalkerware \u00e8 difficile, ma ancor pi\u00f9 complesso pu\u00f2 essere il passo successivo da intraprendere, trattandosi di un problema molto delicato. La semplice rimozione del software potrebbe infondere una falsa sensazione di sicurezza, oltre a mettere in pericolo la vittima.<\/p>\n\n\n\n<p>Per tutti questi motivi, \u00e8 fondamentale capire che i software di sicurezza non possono risolvere tutti i problemi degli utenti vittime di stalkerware.<\/p>\n\n\n\n<p>Nel caso in cui a voi o alla vostra organizzazione vengano richiesti &#8220;consigli&#8221; o &#8220;suggerimenti&#8221; al riguardo, siate chiari: questo problema non ha un&#8217;unica soluzione. Le persone in dubbio possono essere indirizzate verso qualsiasi organizzazioni di aiuto in qualsiasi paese, ricordando loro di accedere a tali risorse da un dispositivo sicuro.<\/p>\n\n\n\n<p>\u00c8 anche bene notare che la distinzione fra stalkerware e altri metodi di tracciamento per dispositivi mobili (come account condivisi o app &#8220;trova il mio telefono&#8221;) non \u00e8 sempre chiara per gli utenti.<\/p>\n\n\n\n<p>Poich\u00e9 lo stalkerware spesso include la possibilit\u00e0 di tracciare la cronologia del browser e la posizione di un utente, sollecitare la vittima a recarsi dalla polizia o a visitare un determinato sito di aiuto non \u00e8 sempre una buona idea.<\/p>\n\n\n\n<p>Infine, lo stalkerware viene a volte associato a programmi spyware utilizzati dai governi per spiare specifici individui (ad esempio il programma Pegasus dell&#8217;azienda israeliana NSO). Si tratta certo di un grave problema, ma i metodi e le tecniche disponibili per i governi sono spesso molto pi\u00f9 sofisticati di quelli a portata di mano per comuni cittadini che acquistano stalkerware nel contesto di una relazione abusiva. Confondere le due cose pu\u00f2 causare inutili paranoie per le vittime di stalkerware.<\/p>\n","protected":false},"excerpt":{"rendered":"<p>Informazioni per media Definizione La Coalition Against Stalkerware lo definisce come un software, reso direttamente disponibile agli individui, che permette a un utente remoto di monitorare le attivit\u00e0 sul dispositivo di un altro utente, senza il consenso di quest\u2019ultimo e senza che questi riceva esplicite e persistenti notifiche al riguardo; per facilitare, in modo intenzionale [&hellip;]<\/p>\n","protected":false},"author":1,"featured_media":0,"parent":0,"menu_order":0,"comment_status":"closed","ping_status":"closed","template":"","meta":[],"_links":{"self":[{"href":"https:\/\/stopstalkerware.org\/it\/wp-json\/wp\/v2\/pages\/148"}],"collection":[{"href":"https:\/\/stopstalkerware.org\/it\/wp-json\/wp\/v2\/pages"}],"about":[{"href":"https:\/\/stopstalkerware.org\/it\/wp-json\/wp\/v2\/types\/page"}],"author":[{"embeddable":true,"href":"https:\/\/stopstalkerware.org\/it\/wp-json\/wp\/v2\/users\/1"}],"replies":[{"embeddable":true,"href":"https:\/\/stopstalkerware.org\/it\/wp-json\/wp\/v2\/comments?post=148"}],"version-history":[{"count":27,"href":"https:\/\/stopstalkerware.org\/it\/wp-json\/wp\/v2\/pages\/148\/revisions"}],"predecessor-version":[{"id":519,"href":"https:\/\/stopstalkerware.org\/it\/wp-json\/wp\/v2\/pages\/148\/revisions\/519"}],"wp:attachment":[{"href":"https:\/\/stopstalkerware.org\/it\/wp-json\/wp\/v2\/media?parent=148"}],"curies":[{"name":"wp","href":"https:\/\/api.w.org\/{rel}","templated":true}]}}