{"id":294,"date":"2021-04-15T16:26:20","date_gmt":"2021-04-15T15:26:20","guid":{"rendered":"http:\/\/stopstalkerware.org\/fr\/?page_id=294"},"modified":"2021-04-27T12:33:54","modified_gmt":"2021-04-27T11:33:54","slug":"ressources","status":"publish","type":"page","link":"https:\/\/stopstalkerware.org\/fr\/ressources\/","title":{"rendered":"Ressources"},"content":{"rendered":"\n<h1 id=\"trouvez-une-assistance\">Trouvez une assistance directe si vous rencontrez ou suspectez du harc\u00e8lement<\/h1>\n\n\n\n<p>Si vous ou quelqu\u2019un que vous connaissez est pr\u00e9occup\u00e9 par le risque d\u2019espionnage, de surveillance ou de harc\u00e8lement, suivez votre instinct et trouvez un moyen s\u00fbr de vous renseigner sur vos ressources et vos options locales. Veuillez noter que si vous pensez que quelqu\u2019un surveille votre appareil, cette personne pourra voir toutes les recherches d\u2019aide ou de ressources. Si cela vous pr\u00e9occupe, utilisez un autre appareil (un appareil auquel la personne n\u2019a pas eu physiquement acc\u00e8s) lorsque vous demandez des informations ou de l\u2019aide. Si vous \u00eates en danger imm\u00e9diat, contactez les autorit\u00e9s locales.<\/p>\n\n\n<div id=\"expanding-panels-block_60785db05dc51\" class=\"expanding-panels\">\n    <div class='expanding-panel'><div id='expandtr-1' class='expander-heading active'><h4>Australie<\/h4><div class='icon-wrap'><span class='inner'><span class='line line-horizontal'><\/span><span class='line line-vertical'><\/span><\/span><\/div><\/div><div id='expandta-1' class='expanding-content active'><div class='inner copycol'><p><a href=\"https:\/\/techsafety.org.au\/\"><strong>Technology Safety Australia<\/strong><\/a><br \/>\nManaged by WESNET\u2019s Safety Net Australia team, this website discusses technology, privacy, and safety in the context of intimate partner violence, sexual assault, and violence against women.<\/p>\n<p><a href=\"https:\/\/wesnet.org.au\/\"><strong>WESNET<\/strong><\/a><br \/>\n<b>Women\u2019s Services Network: national peak body for specialist women\u2019s domestic and family violence services.<\/b><\/p>\n<h5>In Australia, WESNET Safe Connections phones donated by Telstra provide new smartphones to women and their children. For more information, please contact <b>1800RESPECT<\/b> or your local support service.<\/h5>\n<\/div><\/div><\/div><div class='expanding-panel'><div id='expandtr-2' class='expander-heading '><h4>Autriche<\/h4><div class='icon-wrap'><span class='inner'><span class='line line-horizontal'><\/span><span class='line line-vertical'><\/span><\/span><\/div><\/div><div id='expandta-2' class='expanding-content '><div class='inner copycol'><p><a href=\"http:\/\/www.frauenhaeuser-zoef.at\/\"><strong>Z\u00d6F \u2013 Zusammenschluss \u00d6sterreichischer Frauenh\u00e4user<\/strong><\/a><br \/>\nThe women\u2019s shelters associated with the Z\u00d6F community offer all sorts of support to women been mistreated or threatened by their (ex) partner. Experts offer psychosocial, legal and practical help in particular in frames of cyber violence by a current or former partner. Depending on your needs and situation, we offer protection, advice and temporary accommodation.<\/p>\n<\/div><\/div><\/div><div class='expanding-panel'><div id='expandtr-3' class='expander-heading '><h4>France<\/h4><div class='icon-wrap'><span class='inner'><span class='line line-horizontal'><\/span><span class='line line-vertical'><\/span><\/span><\/div><\/div><div id='expandta-3' class='expanding-content '><div class='inner copycol'><ul>\n<li>Pour un conseil sp\u00e9cialis\u00e9 pour les victimes de cyberviolences conjugales\u00a0:<\/li>\n<\/ul>\n<p>Le\u00a0<a href=\"https:\/\/commentonsaime.fr\/j-ai-besoin-d-aide\/le-tchat\/\"><strong>tchat de l\u2019association \u00ab\u00a0En avant toute(s)\u00a0\u00bb<\/strong><\/a>\u00a0: gratuit et anonyme, il propose une \u00e9coute, des conseils et une orientation. Pour se rendre sur le tchat, il suffit de se rendre sur le site\u00a0<a href=\"http:\/\/www.commentonsaime.fr\/\">www.commentonsaime.fr<\/a>\u00a0\u00a0et de cliquer sur l\u2019onglet \u201cJe discute avec une professionnelle\u201d<\/p>\n<p><strong>Le site -ressources du Centre Hubertine Auclert:\u00a0<\/strong>Pour plus d\u2019information sur les cyberviolences conjugales et les cyberviolences sexistes et sexuelles, vos droits et d\u00e9marches, vous pouvez consulter le site-ressources sp\u00e9cialis\u00e9 du Centre Hubertine Auclert\u00a0:\u00a0<a href=\"https:\/\/www.stop-cybersexisme.com\/\">https:\/\/www.stop-cybersexisme.com\/<\/a><\/p>\n<ul>\n<li>Pour un accompagnement g\u00e9n\u00e9ral suite aux violences conjugales:<\/li>\n<\/ul>\n<p>Le\u00a0<a href=\"http:\/\/www.solidaritefemmes.org\/appeler-le-3919\"><strong>3919<\/strong><\/a>\u00a0\u00ab\u00a0\u00a0Violences Femmes Information\u00a0\u00bb :\u00a0num\u00e9ro national d\u2019\u00e9coute anonyme et gratuit pour les victimes et leurs proches, cr\u00e9\u00e9 et g\u00e9r\u00e9 par la F\u00e9d\u00e9ration Nationale Solidarit\u00e9 Femmes.<\/p>\n<p><a href=\"http:\/\/www.solidaritefemmes.org\/\"><strong>La F\u00e9d\u00e9ration Nationale Solidarit\u00e9 Femmes (FNSF)\u00a0<\/strong><\/a>est un r\u00e9seau d\u2019associations locales sp\u00e9cialis\u00e9es qui proposent un accompagnement pluri-professionnel et un h\u00e9bergement aux femmes victimes de violences conjugales.\u00a0<a href=\"http:\/\/www.solidaritefemmes.org\/nous-trouver\">Trouver une association pr\u00e8s de chez vous.<\/a><\/p>\n<p><a href=\"http:\/\/www.infofemmes.com\/\"><strong>Les Centres d\u2019information sur les droits des femmes et des familles (CIDFF)\u00a0<\/strong><\/a>est\u00a0une\u00a0 f\u00e9d\u00e9ration\u00a0d\u2019associations locales sp\u00e9cialis\u00e9es qui proposent des informations juridiques ainsi qu\u2019un accompagnement\u00a0social\u00a0et psychologique aux victimes de violences conjugales.\u00a0<a href=\"http:\/\/www.infofemmes.com\/v2\/p\/Contact\/Coordonnees-de-votre-CIDFF\/73\">Trouver une association pr\u00e8s de chez vous.<\/a><\/p>\n<p><strong>Arr\u00eatons les Violences:\u00a0<\/strong>le site-ressources du gouvernement fran\u00e7ais pour les femmes victimes de violences , leurs d\u00e9marches\u00a0 et les dispositifs d\u2019aide, d\u2019accompagnement et d\u2019h\u00e9bergement en France :\u00a0<a href=\"https:\/\/www.stop-violences-femmes.gouv.fr\/\">https:\/\/www.stop-violences-femmes.gouv.fr\/<\/a><\/p>\n<\/div><\/div><\/div><div class='expanding-panel'><div id='expandtr-4' class='expander-heading '><h4>Allemagne<\/h4><div class='icon-wrap'><span class='inner'><span class='line line-horizontal'><\/span><span class='line line-vertical'><\/span><\/span><\/div><\/div><div id='expandta-4' class='expanding-content '><div class='inner copycol'><ol>\n<li><strong><a href=\"https:\/\/weisser-ring.de\/\">WEISSER RING<\/a><br \/>\n<\/strong><strong><\/p>\n<p><\/strong><strong>WEISSER RING Helpline: +49-116-006<br \/>\n<\/strong><br \/>\nWEISSER RING also offers free Documentation and Evidence Collection App called \u201c<strong><a href=\"https:\/\/nostalk.de\/\">NO STALK<\/a><\/strong>\u201d.\u00a0<strong>It is important to note that this app should not be used on devices that one suspects may be monitored.<br \/>\n<\/strong><b><\/b>WEISSER RING is the only nationwide active victim support organisation in Germany. Our volunteers work in accordance to these professional standards. The victim support provided by WEISSER RING is based on the idea of offering free help to victims of crime. The victim support workers provide one-to-one assistance in a voluntary and professional capacity. We are independent from state funding and offer more than 390 nationwide local points of contact.<br \/>\n<b><\/b><\/li>\n<li><a href=\"https:\/\/www.frauen-gegen-gewalt.de\/de\/hilfe-beratung.html\"><strong>bff Bundesverband Frauenberatungsstellen und Frauennotrufe\u00a0<\/strong><\/a><strong><br \/>\nHelpline: +49-0800-22-55-530<\/p>\n<p><\/strong>Please find your local help organisation by entering your region\u00a0<strong><a href=\"https:\/\/www.frauen-gegen-gewalt.de\/de\/hilfe-beratung.html\">here<\/a><\/strong>.<\/li>\n<\/ol>\n<\/div><\/div><\/div><div class='expanding-panel'><div id='expandtr-5' class='expander-heading '><h4>Italie<\/h4><div class='icon-wrap'><span class='inner'><span class='line line-horizontal'><\/span><span class='line line-vertical'><\/span><\/span><\/div><\/div><div id='expandta-5' class='expanding-content '><div class='inner copycol'><p><a href=\"https:\/\/www.direcontrolaviolenza.it\/i-centri-antiviolenza\/\"><strong>Donne in Rete contro la violenza (D.i.Re.)<\/strong><\/a><\/p>\n<p>Les femmes sur le net contre la violence Sur ce lien, tu trouves tous\u00a0<a href=\"https:\/\/www.direcontrolaviolenza.it\/d-i-re-tutti-i-numeri-telefonici-dei-centri-antiviolenza\/\"><strong>les num\u00e9ros de t\u00e9l\u00e9phone des centres anti-violence D.i.Re<\/strong><\/a>, ville par ville par ordre alphab\u00e9tique.<\/p>\n<p>Les\u00a0<a href=\"https:\/\/www.direcontrolaviolenza.it\/i-centri-antiviolenza\/\"><strong>centres anti-violence<\/strong><\/a>\u00a0r\u00e9alisent des conseils psychologiques, des conseils juridiques, des groupes de soutien, des formations, de la promotion, de la sensibilisation et de la pr\u00e9vention, la collecte et le traitement des donn\u00e9es, l\u2019orientation et l\u2019accompagnement au travail, la collecte de mat\u00e9riel bibliographique et documentaire sur les th\u00e8mes de la violence. Les maisons d\u2019h\u00e9bergement, souvent avec une adresse secr\u00e8te, accueillent les femmes et leurs enfants mineurs pendant une p\u00e9riode d\u2019urgence.<\/p>\n<\/div><\/div><\/div><div class='expanding-panel'><div id='expandtr-6' class='expander-heading '><h4>Malaisie<\/h4><div class='icon-wrap'><span class='inner'><span class='line line-horizontal'><\/span><span class='line line-vertical'><\/span><\/span><\/div><\/div><div id='expandta-6' class='expanding-content '><div class='inner copycol'><p><strong><a href=\"https:\/\/www.awam.org.my\/\">All Women\u2019s Action Society<\/a><\/strong><\/p>\n<p><strong>Services d\u2019assistance t\u00e9l\u00e9phonique:<\/strong><\/p>\n<p><strong>+60-016-228-4221\u00a0<\/strong><\/p>\n<p><strong>+60 016 237 4221<\/strong><\/p>\n<\/div><\/div><\/div><div class='expanding-panel'><div id='expandtr-7' class='expander-heading '><h4>Russie<\/h4><div class='icon-wrap'><span class='inner'><span class='line line-horizontal'><\/span><span class='line line-vertical'><\/span><\/span><\/div><\/div><div id='expandta-7' class='expanding-content '><div class='inner copycol'><ol>\n<li><strong><a href=\"http:\/\/wcons.net\/en\/\">\u041a\u043e\u043d\u0441\u043e\u0440\u0446\u0438\u0443\u043c \u0416\u0435\u043d\u0441\u043a\u0438\u0445 \u041d\u0435\u043f\u0440\u0430\u0432\u0438\u0442\u0435\u043b\u044c\u0441\u0442\u0432\u0435\u043d\u043d\u044b\u0445 \u041e\u0431\u044a\u0435\u0434\u0438\u043d\u0435\u043d\u0438\u0439 (<span data-sheets-value=\"{\" data-sheets-userformat=\"{\">Women\u2019s Non-governmental Communities Consortium<\/span>)<\/a><\/strong><strong>Formulaire de contact:\u00a0<a href=\"http:\/\/wcons.net\/uridicheskaya-pomochs\/#section1\">http:\/\/wcons.net\/uridicheskaya-pomochs\/#section1<\/a><\/strong><\/li>\n<li><span data-sheets-value=\"{\" data-sheets-userformat=\"{\"><strong><a href=\"http:\/\/www.anna-center.ru\/index.php\/ru\/\">\u0426\u0435\u043d\u0442\u0440 \u043f\u0440\u043e\u0442\u0438\u0432 \u043d\u0430\u0441\u0438\u043b\u0438\u044f \u0432 \u043e\u0442\u043d\u043e\u0448\u0435\u043d\u0438\u0438 \u0436\u0435\u043d\u0449\u0438\u043d \u00ab\u0410\u043d\u043d\u0430\u00bb (Center Against Violence Directed at Women \u201cAnna\u201d)<\/a><\/strong><\/span><strong>Ligne d\u2019assistance panrusse pour les femmes victimes de violence domestique:\u00a0<span data-sheets-value=\"{\" data-sheets-userformat=\"{\">+7-800-7000-600<\/span><\/strong><\/li>\n<li><a href=\"https:\/\/nasiliu.net\/\"><strong>\u041d\u0430\u0441\u0438\u043b\u0438\u044e.\u041d\u0435\u0442 (No.Violence)<\/strong><\/a><\/li>\n<\/ol>\n<\/div><\/div><\/div><div class='expanding-panel'><div id='expandtr-8' class='expander-heading '><h4>Suisse<\/h4><div class='icon-wrap'><span class='inner'><span class='line line-horizontal'><\/span><span class='line line-vertical'><\/span><\/span><\/div><\/div><div id='expandta-8' class='expanding-content '><div class='inner copycol'><p><a href=\"https:\/\/www.opferhilfe-schweiz.ch\/de\/\"><strong>Aide aux victimes<\/strong><\/a><\/p>\n<p>Il existe des centres de consultation pour l\u2019aide aux victimes dans toute la Suisse. Ces centres vous renseignent sur vos droits, ils vous aident \u00e0 surmonter ce qui s\u2019est pass\u00e9 et vous apportent un soutien suppl\u00e9mentaire. Vous pouvez choisir librement le centre de consultation. Cela signifie que vous pouvez aussi aller consulter un centre dans autre canton. Liste de tous les centres de consultation en Suisse\u00a0<a href=\"https:\/\/www.opferhilfe-schweiz.ch\/fr\/ou-puis-je-trouver-de-laide\/\">https:\/\/www.opferhilfe-schweiz.ch\/fr\/ou-puis-je-trouver-de-laide\/<\/a><\/p>\n<\/div><\/div><\/div><div class='expanding-panel'><div id='expandtr-9' class='expander-heading '><h4>Ta\u00efwan<\/h4><div class='icon-wrap'><span class='inner'><span class='line line-horizontal'><\/span><span class='line line-vertical'><\/span><\/span><\/div><\/div><div id='expandta-9' class='expanding-content '><div class='inner copycol'><p><a href=\"https:\/\/www.goh.org.tw\/en\/\"><strong>The Garden of Hope Foundation<\/strong><\/a><\/p>\n<p><strong>Services d\u2019assistance t\u00e9l\u00e9phonique:\u00a0<\/strong><span data-sheets-value=\"{\" data-sheets-userformat=\"{\"><strong>+886-2-8911-5595<\/strong><\/span><\/p>\n<\/div><\/div><\/div><div class='expanding-panel'><div id='expandtr-10' class='expander-heading '><h4>Turquie<\/h4><div class='icon-wrap'><span class='inner'><span class='line line-horizontal'><\/span><span class='line line-vertical'><\/span><\/span><\/div><\/div><div id='expandta-10' class='expanding-content '><div class='inner copycol'><p><a href=\"https:\/\/morcati.org.tr\/\"><strong>Mor \u00c7at\u0131 (Purple Roof Women\u2019s Shelter Foundation)<\/strong><\/a><\/p>\n<p><span data-sheets-value=\"{\" data-sheets-userformat=\"{\"><strong>Helplines:<\/strong><\/span><\/p>\n<p><span data-sheets-value=\"{\" data-sheets-userformat=\"{\"><strong>+90-212-656-96-96<\/strong><\/span><\/p>\n<p><span data-sheets-value=\"{\" data-sheets-userformat=\"{\"><strong>+90-0553-408-19-90<\/strong><\/span><\/p>\n<p><strong>Remarque:<\/strong>\u00a0ces deux num\u00e9ros de t\u00e9l\u00e9phone sont valables pendant la p\u00e9riode COVID-19. Dans les autres cas, veuillez utiliser le num\u00e9ro de t\u00e9l\u00e9phone fixe:<\/p>\n<p><strong>+ 90 (212) 292 52 31-32<\/strong><\/p>\n<p>Disponible\u00a0<strong>le lundi, mercredi, jeudi, vendredi de 10h30 \u00e0 16h30<\/strong><\/p>\n<\/div><\/div><\/div><div class='expanding-panel'><div id='expandtr-11' class='expander-heading '><h4>Vi\u00eat-Nam<\/h4><div class='icon-wrap'><span class='inner'><span class='line line-horizontal'><\/span><span class='line line-vertical'><\/span><\/span><\/div><\/div><div id='expandta-11' class='expanding-content '><div class='inner copycol'><p><a href=\"http:\/\/csaga.org.vn\/\"><strong>Center for Studies and Applied Sciences in Gender \u2013 Family \u2013 Women and Adolescent (CSAGA)<\/strong><\/a><\/p>\n<p><strong>Services d\u2019assistance t\u00e9l\u00e9phonique:<\/strong><\/p>\n<p><strong>+84-24-3333-55-99<\/strong><\/p>\n<p><strong>+84-94-1409-119<\/strong><\/p>\n<p>Disponible\u00a0<strong>24 heures<\/strong><\/p>\n<\/div><\/div><\/div><div class='expanding-panel'><div id='expandtr-12' class='expander-heading '><h4>au Royaume-Uni<\/h4><div class='icon-wrap'><span class='inner'><span class='line line-horizontal'><\/span><span class='line line-vertical'><\/span><\/span><\/div><\/div><div id='expandta-12' class='expanding-content '><div class='inner copycol'><p><a href=\"https:\/\/www.suzylamplugh.org\/\"><strong>Suzy Lamplugh Trust<\/strong><\/a><\/p>\n<p><strong>Services d\u2019assistance t\u00e9l\u00e9phonique:<\/strong><\/p>\n<p><strong>+44 0808 802 0300<\/strong><\/p>\n<\/div><\/div><\/div><div class='expanding-panel'><div id='expandtr-13' class='expander-heading '><h4>Etats-Unis<\/h4><div class='icon-wrap'><span class='inner'><span class='line line-horizontal'><\/span><span class='line line-vertical'><\/span><\/span><\/div><\/div><div id='expandta-13' class='expanding-content '><div class='inner copycol'><ol>\n<li><strong>Le projet Safety Net du R\u00e9seau national de lutte contre les violences conjugales (NNEDV)<\/strong>\u00a0aux \u00c9tats-Unis met l\u2019accent sur l\u2019intersection de la technologie et de la violence familiale et sexuelle et s\u2019efforce de d\u00e9terminer la mani\u00e8re dont il affecte la s\u00e9curit\u00e9, la vie priv\u00e9e, l\u2019accessibilit\u00e9 et les droits civils des victimes en travaillant avec des communaut\u00e9s, des agences et des entreprises du secteur de la technologie, en sensibilisant les d\u00e9fenseurs des victimes et le grand public, en formant des syst\u00e8mes d\u2019application de la loi et de la justice, des services sociaux, des \u00e9quipes d\u2019intervention communautaire et d\u2019autres, et en faisant valoir des politiques solides locales, \u00e9tatiques, nationales, et internationales.<a href=\"https:\/\/www.techsafety.org\/resources-survivors\"><strong>Projet Safety Net<\/strong>,<\/a>\u00a0Kit de s\u00e9curit\u00e9 en mati\u00e8re de technologie et de vie priv\u00e9e<\/li>\n<li><strong>WomensLaw.org<\/strong>\u00a0fournit des informations pertinentes pour les personnes de tout sexe, non seulement les femmes. La\u00a0<strong><a href=\"https:\/\/hotline.womenslaw.org\/\">ligne d\u2019assistance par email<\/a>\u00a0<\/strong>fournira des renseignements juridiques \u00e0 toute personne qui a des questions ou des pr\u00e9occupations juridiques concernant la violence conjugale, la violence sexuelle ou tout autre sujet trait\u00e9 sur le site WomensLaw.org.<strong><a href=\"https:\/\/www.womenslaw.org\/about-abuse\/forms-abuse\/stalkingcyberstalking\">WomensLaw \u2013 Cyberharc\u00e8lement<\/a><br \/>\n<\/strong><\/li>\n<li><strong>La ligne d\u2019assistance t\u00e9l\u00e9phonique pour les victimes de violence conjugale aux \u00c9tats-Unis<\/strong>\u00a0(U.S. National Domestic Violence Hotline) dispose d\u2019avocats hautement qualifi\u00e9s disponibles 24 heures sur 24, 7 jours sur 7 et 365 jours par an pour parler en toute confidentialit\u00e9 avec toute personne victime de violence conjugale \u00e0 la recherche de ressources ou d\u2019informations, ou qui remet en question des aspects malsains de sa relation.<strong><a href=\"https:\/\/www.thehotline.org\/\">Ligne d\u2019assistance t\u00e9l\u00e9phonique nationale pour les victimes de violence conjugale (National Domestic Violence Hotline)<\/a>\u00a0:+1\u2212800\u2212799\u22127233<br \/>\n<\/strong><\/li>\n<li><strong><a href=\"https:\/\/victimconnect.org\/\">Centre national de ressources VictimConnect (National VictimConnect Resource Center)<\/a>\u00a0:+1\u2212855\u22124\u2212VICTIM\n<p><\/strong><\/li>\n<li><strong><a href=\"https:\/\/staysafeonline.org\/\">StaySafeOnline<\/a>\n<p><\/strong><\/li>\n<li><strong><a href=\"https:\/\/nostalking.org\/\">Illinois Stalking Advocacy Center<\/a><\/strong><br \/>\nIllinois Stalking Advocacy Center is the only agency whose sole focus is assisting stalking victims by providing court advocacy, safety planning and a local security camera rental program.<\/li>\n<\/ol>\n<\/div><\/div><\/div><\/div>\n\n\n<hr class=\"wp-block-separator has-text-color has-background has-black-background-color has-black-color is-style-wide\"\/>\n\n\n\n<p><a href=\"https:\/\/www.wave-network.org\/\"><strong>Women Against Violence Europe (WAVE)\u00a0<\/strong><\/a>provide database of women\u2019s specialist support services. Services include, but are not limited to national women\u2019s helplines, shelters accessible to women survivors of GBV, women\u2019s centres, counselling services and specialist services for survivors of sexualised violence from 46 European countries. You may\u00a0<strong><a href=\"https:\/\/www.wave-network.org\/find-help\/\">find helpful resource<\/a><\/strong>\u00a0by entering your location.\u00a0<\/p>\n\n\n\n<hr class=\"wp-block-separator has-text-color has-background has-black-background-color has-black-color is-style-wide\"\/>\n\n\n\n<h3 id=\"renseignez-vous-et-aidez\">Renseignez-vous et aidez \u00e0 faire conna\u00eetre le stalkerware<\/h3>\n\n\n\n<p><a href=\"https:\/\/www.stalkingawareness.org\/\"><strong>Stalking Prevention Awareness and Resource Center (SPARC)<\/strong><\/a><\/p>\n\n\n\n<p>SPARC provides nationwide training, technical assistance and resources to allied professionals, including: victim service providers, law enforcement, prosecutors, court personnel, judges, corrections, treatment providers, mental health professionals, campus student conduct offices, campus police\/security, Title IX offices, and others.<\/p>\n\n\n\n<p>SPARC does NOT provide direct services to victims of stalking. If you are experiencing stalking, please see our list of resources available&nbsp;<a href=\"https:\/\/www.stalkingawareness.org\/what-to-do-if-you-are-being-stalked\/\">here<\/a>.<\/p>\n\n\n\n<p>If you would like to receive technical assistance, please email&nbsp;<a href=\"mailto:associate@stalkingawareness.org\">ta@stalkingawareness.org&nbsp;<\/a>or contact us via phone at&nbsp;<a href=\"tel:+1-202-558-0040\">(202) 558-0040<\/a>.&nbsp;If you are interested in receiving training from SPARC, please&nbsp;<a href=\"https:\/\/www.stalkingawareness.org\/request-a-training\/\">click here<\/a><\/p>\n\n\n\n<p><a href=\"https:\/\/www.wave-network.org\/\"><strong>Women Against Violence Europe (WAVE)<\/strong><\/a><\/p>\n\n\n\n<p>The WAVE Network aims to promote and strengthen the human rights of women and children in general and to prevent violence against women and children in particular.&nbsp; WAVE is the only European network focusing solely on the elimination of violence against women and children.&nbsp;<\/p>\n\n\n\n<hr class=\"wp-block-separator has-text-color has-background has-black-background-color has-black-color is-style-wide\"\/>\n\n\n\n<h3 id=\"arretez-votre-violence\">Arr\u00eatez votre violence<\/h3>\n\n\n\n<p>Les auteurs qui veulent assumer la responsabilit\u00e9 de leurs actes et changer leurs comportements sont invit\u00e9s \u00e0 prendre contact avec <a rel=\"noreferrer noopener\" href=\"https:\/\/www.work-with-perpetrators.eu\/\" target=\"_blank\"><strong>WWP<\/strong> <strong>EN<\/strong><\/a> via <a href=\"mailto:info@work-with-perpetrators.eu\">info@work-with-perpetrators.eu<\/a>. Nous pourrons vous aider en vous orientant vers des organisations membres locales, qualifi\u00e9es pour soutenir ceux qui cherchent \u00e0 mettre fin \u00e0 leur violence.<\/p>\n","protected":false},"excerpt":{"rendered":"<p>Trouvez une assistance directe si vous rencontrez ou suspectez du harc\u00e8lement Si vous ou quelqu\u2019un que vous connaissez est pr\u00e9occup\u00e9 par le risque d\u2019espionnage, de surveillance ou de harc\u00e8lement, suivez votre instinct et trouvez un moyen s\u00fbr de vous renseigner sur vos ressources et vos options locales. Veuillez noter que si vous pensez que quelqu\u2019un [&hellip;]<\/p>\n","protected":false},"author":1,"featured_media":0,"parent":0,"menu_order":0,"comment_status":"closed","ping_status":"closed","template":"","meta":[],"_links":{"self":[{"href":"https:\/\/stopstalkerware.org\/fr\/wp-json\/wp\/v2\/pages\/294"}],"collection":[{"href":"https:\/\/stopstalkerware.org\/fr\/wp-json\/wp\/v2\/pages"}],"about":[{"href":"https:\/\/stopstalkerware.org\/fr\/wp-json\/wp\/v2\/types\/page"}],"author":[{"embeddable":true,"href":"https:\/\/stopstalkerware.org\/fr\/wp-json\/wp\/v2\/users\/1"}],"replies":[{"embeddable":true,"href":"https:\/\/stopstalkerware.org\/fr\/wp-json\/wp\/v2\/comments?post=294"}],"version-history":[{"count":59,"href":"https:\/\/stopstalkerware.org\/fr\/wp-json\/wp\/v2\/pages\/294\/revisions"}],"predecessor-version":[{"id":480,"href":"https:\/\/stopstalkerware.org\/fr\/wp-json\/wp\/v2\/pages\/294\/revisions\/480"}],"wp:attachment":[{"href":"https:\/\/stopstalkerware.org\/fr\/wp-json\/wp\/v2\/media?parent=294"}],"curies":[{"name":"wp","href":"https:\/\/api.w.org\/{rel}","templated":true}]}}