{"id":2,"date":"2021-03-01T18:53:27","date_gmt":"2021-03-01T18:53:27","guid":{"rendered":"http:\/\/stopstalkerware.org\/fr\/?page_id=2"},"modified":"2021-06-03T11:24:49","modified_gmt":"2021-06-03T10:24:49","slug":"home","status":"publish","type":"page","link":"https:\/\/stopstalkerware.org\/fr\/","title":{"rendered":"Page d&#8217;accueil"},"content":{"rendered":"\n<h1 class=\"anchor\" id=\"quest-ce-qu\"><strong>Qu&#8217;est-ce qu&#8217;un stalkerware&nbsp;?<\/strong><\/h1>\n\n\n\n<p>Le terme stalkerware d\u00e9signe les outils (logiciels, applications et appareils) qui permettent \u00e0 une personne d&#8217;espionner secr\u00e8tement la vie priv\u00e9e d&#8217;une autre personne \u00e0 l&#8217;aide de son appareil mobile. L&#8217;abuseur peut surveiller \u00e0 distance tous les \u00e9l\u00e9ments de l&#8217;appareil, y compris les recherches sur le Web, la g\u00e9olocalisation, les messages texte, les photos, les appels vocaux et bien plus encore. Il est facile d&#8217;acheter et d&#8217;installer de tels programmes. Ils fonctionnent en arri\u00e8re-plan, sans que la personne concern\u00e9e le sache ni qu&#8217;elle y consente. Quelle que soit la disponibilit\u00e9 du stalkerware, l&#8217;abuseur est responsable de son utilisation en tant qu&#8217;outil et donc du crime qu&#8217;il commet.<\/p>\n\n\n\n<p>Si vous souhaitez en savoir plus \u00e0 propos des stalkerwares, nous vous recommandons de commencer par regarder notre vid\u00e9o explicative.&nbsp;<\/p>\n\n\n\n<figure class=\"wp-block-embed is-type-video is-provider-youtube wp-block-embed-youtube wp-embed-aspect-16-9 wp-has-aspect-ratio\"><div class=\"wp-block-embed__wrapper\">\n<iframe loading=\"lazy\" title=\"Qu\u2019est-ce qu\u2019un stalkerware?\" width=\"500\" height=\"281\" src=\"https:\/\/www.youtube.com\/embed\/NdPaADXKUOs?feature=oembed\" frameborder=\"0\" allow=\"accelerometer; autoplay; clipboard-write; encrypted-media; gyroscope; picture-in-picture\" allowfullscreen><\/iframe>\n<\/div><\/figure>\n\n\n\n<hr class=\"wp-block-separator has-text-color has-background has-black-background-color has-black-color is-style-wide\"\/>\n\n\n\n<h2 class=\"anchor\" id=\"la-question\"><strong>La question du stalkerware<\/strong><\/h2>\n\n\n\n<p>Le stalkerware sert d&#8217;exemple pour illustrer la fa\u00e7on dont la technologie peut faciliter les abus, comme la surveillance des partenaires, la violence sexiste et domestique, le harc\u00e8lement, et bien plus encore. Ces derni\u00e8res ann\u00e9es, le probl\u00e8me li\u00e9 aux stalkerwares a pris de l&#8217;ampleur \u00e0 l&#8217;\u00e9chelle mondiale. Les organisations \u00e0 but non lucratif signalent qu&#8217;un nombre croissant de victimes demandent de l&#8217;aide face aux stalkerwares, et les entreprises de cybers\u00e9curit\u00e9 d\u00e9tectent une augmentation constante de ces applications nuisibles.<\/p>\n\n\n\n<hr class=\"wp-block-separator has-text-color has-background has-black-background-color has-black-color is-style-wide\"\/>\n\n\n\n<h3 class=\"key-heading anchor\" id=\"lutte-contre\"><strong>Lutte contre les stalkerwares<\/strong><\/h3>\n\n\n\n<p>La Coalition Against Stalkerware a \u00e9t\u00e9 fond\u00e9e en novembre 2019 en r\u00e9ponse \u00e0 la menace croissante des stalkerwares. Dans le but de lutter contre les abus li\u00e9s \u00e0 la technologie, l&#8217;initiative vise \u00e0 unir \u00e0 la fois les organisations qui \u0153uvrent pour combattre la violence domestique et la communaut\u00e9 de la s\u00e9curit\u00e9 informatique.<\/p>\n","protected":false},"excerpt":{"rendered":"<p>Qu&#8217;est-ce qu&#8217;un stalkerware&nbsp;? Le terme stalkerware d\u00e9signe les outils (logiciels, applications et appareils) qui permettent \u00e0 une personne d&#8217;espionner secr\u00e8tement la vie priv\u00e9e d&#8217;une autre personne \u00e0 l&#8217;aide de son appareil mobile. L&#8217;abuseur peut surveiller \u00e0 distance tous les \u00e9l\u00e9ments de l&#8217;appareil, y compris les recherches sur le Web, la g\u00e9olocalisation, les messages texte, les [&hellip;]<\/p>\n","protected":false},"author":1,"featured_media":0,"parent":0,"menu_order":0,"comment_status":"closed","ping_status":"open","template":"","meta":[],"_links":{"self":[{"href":"https:\/\/stopstalkerware.org\/fr\/wp-json\/wp\/v2\/pages\/2"}],"collection":[{"href":"https:\/\/stopstalkerware.org\/fr\/wp-json\/wp\/v2\/pages"}],"about":[{"href":"https:\/\/stopstalkerware.org\/fr\/wp-json\/wp\/v2\/types\/page"}],"author":[{"embeddable":true,"href":"https:\/\/stopstalkerware.org\/fr\/wp-json\/wp\/v2\/users\/1"}],"replies":[{"embeddable":true,"href":"https:\/\/stopstalkerware.org\/fr\/wp-json\/wp\/v2\/comments?post=2"}],"version-history":[{"count":26,"href":"https:\/\/stopstalkerware.org\/fr\/wp-json\/wp\/v2\/pages\/2\/revisions"}],"predecessor-version":[{"id":498,"href":"https:\/\/stopstalkerware.org\/fr\/wp-json\/wp\/v2\/pages\/2\/revisions\/498"}],"wp:attachment":[{"href":"https:\/\/stopstalkerware.org\/fr\/wp-json\/wp\/v2\/media?parent=2"}],"curies":[{"name":"wp","href":"https:\/\/api.w.org\/{rel}","templated":true}]}}