{"id":17,"date":"2021-03-02T15:19:37","date_gmt":"2021-03-02T15:19:37","guid":{"rendered":"http:\/\/stopstalkerware.org\/fr\/?page_id=17"},"modified":"2021-04-26T12:02:44","modified_gmt":"2021-04-26T11:02:44","slug":"devenir-un-partenaire","status":"publish","type":"page","link":"https:\/\/stopstalkerware.org\/fr\/devenir-un-partenaire\/","title":{"rendered":"Devenir un partenaire"},"content":{"rendered":"\n<h1 id=\"devenir-un-partenaire\">Devenir un partenaire<\/h1>\n\n\n\n<p>La Coalition est un groupe de travail international ouvert \u00e0 de nouveaux partenaires et appelant \u00e0 la coop\u00e9ration. \u00c0 ce jour, la Coalition compte 26&nbsp;partenaires issus de diff\u00e9rentes r\u00e9gions du monde qui ont tous apport\u00e9 leur expertise et leurs connaissances, et qui ont contribu\u00e9 \u00e0 promouvoir la Coalition Against Stalkerware \u00e0 l&#8217;\u00e9chelle nationale et internationale.<\/p>\n\n\n\n<p>En rejoignant la Coalition, les nouveaux partenaires acceptent de collaborer avec la Coalition Against Stalkerware, y compris, mais sans s&#8217;y limiter, dans les domaines suivants:<\/p>\n\n\n\n<ul><li>Partager l&#8217;expertise acquise dans le domaine des stalkerwares et de leur utilisation dans les cas de violence entre partenaires intimes (\u00ab&nbsp;VPI&nbsp;\u00bb) et\/ou de surveillance et d&#8217;abus ind\u00e9sirables<\/li><li>Participer \u00e0 des campagnes de sensibilisation et d&#8217;\u00e9ducation du public pour mettre en \u00e9vidence la nature de la menace et les nuances des probl\u00e8mes<\/li><li>Fournir du contenu pour le site Web de la Coalition destin\u00e9 au public et les futures ressources externes<\/li><li>Traduire le contenu du site Web de la Coalition ou d&#8217;autres ressources externes<\/li><li>Rassembler des informations relatives aux cadres juridiques\/r\u00e9glementaires existants concernant l&#8217;usage impropre de technologies potentiellement ind\u00e9sirables d\u00e9ploy\u00e9es sans le consentement de l&#8217;utilisateur<\/li><li>Participer \u00e0 un m\u00e9canisme d&#8217;\u00e9change d&#8217;informations concernant les \u00e9chantillons de stalkerwares et les m\u00e9tadonn\u00e9es connexes afin d&#8217;am\u00e9liorer la d\u00e9tection et la limitation des risques<\/li><li>Collaborer \u00e0 l&#8217;\u00e9laboration de d\u00e9finitions et de crit\u00e8res de d\u00e9tection fond\u00e9s sur un consensus<\/li><li>Collaborer en vue de mettre au point des pratiques exemplaires en mati\u00e8re de notification des utilisateurs concernant la pr\u00e9sence potentielle de stalkerwares afin de tenir compte de la hausse des risques et des pr\u00e9occupations relatives \u00e0 la planification de la s\u00e9curit\u00e9<\/li><li>Aider les organisations de d\u00e9fense et de service direct contre la violence domestique \u00e0 renforcer leurs comp\u00e9tences et leurs connaissances<\/li><\/ul>\n\n\n\n<hr class=\"wp-block-separator has-text-color has-background has-black-background-color has-black-color\"\/>\n\n\n\n<h2 id=\"vous-souhaitez\">Vous souhaitez devenir partenaire&nbsp;?<\/h2>\n\n\n\n<p>Remplissez le formulaire<a href=\"https:\/\/kaspersky-my.sharepoint.com\/personal\/christina_jankowski_kaspersky_com\/Documents\/ExtR%20Projects\/1%20Antistalkerware\/CAS%20Press%20Release%20&amp;%20Website\/Website%20Relaunch\/Content_New%20website_final%20draft.docx#_msocom_1\"> <\/a>ci-dessous et nous prendrons contact avec vous&nbsp;!<\/p>\n\n\n\n                <div class='gf_browser_gecko gform_wrapper' id='gform_wrapper_1' ><form method='post' enctype='multipart\/form-data'  id='gform_1'  action='\/fr\/wp-json\/wp\/v2\/pages\/17'>\n                        <div class='gform_body'><ul id='gform_fields_1' class='gform_fields top_label form_sublabel_below description_below'><li id='field_1_1'  class='gfield gfield_contains_required field_sublabel_below field_description_below gfield_visibility_visible' ><label class='gfield_label' for='input_1_1' >Company\/Organization Name<span class='gfield_required'>*<\/span><\/label><div class='ginput_container ginput_container_text'><input name='input_1' id='input_1_1' type='text' value='' class='medium'     aria-required=\"true\" aria-invalid=\"false\" \/><\/div><\/li><li id='field_1_2'  class='gfield gfield_contains_required field_sublabel_above field_description_below gfield_visibility_visible' ><label class='gfield_label gfield_label_before_complex'  >Name<span class='gfield_required'>*<\/span><\/label><div class='ginput_complex ginput_container no_prefix has_first_name no_middle_name has_last_name no_suffix gf_name_has_2 ginput_container_name' id='input_1_2'>\n                            \n                            <span id='input_1_2_3_container' class='name_first' >\n                                                    <label for='input_1_2_3' >First<\/label>\n                                                    <input type='text' name='input_2.3' id='input_1_2_3' value='' aria-label='First name'   aria-required=\"true\" aria-invalid=\"false\" \/>\n                                                <\/span>\n                            \n                            <span id='input_1_2_6_container' class='name_last' >\n                                                            <label for='input_1_2_6' >Last<\/label>\n                                                            <input type='text' name='input_2.6' id='input_1_2_6' value='' aria-label='Last name'   aria-required=\"true\" aria-invalid=\"false\" \/>\n                                                        <\/span>\n                            \n                        <\/div><\/li><li id='field_1_3'  class='gfield field_sublabel_below field_description_below gfield_visibility_visible' ><label class='gfield_label' for='input_1_3' >Contact telephone<\/label><div class='ginput_container ginput_container_phone'><input name='input_3' id='input_1_3' type='tel' value='' class='medium'    aria-invalid=\"false\"  \/><\/div><\/li><li id='field_1_4'  class='gfield gfield_contains_required field_sublabel_below field_description_below gfield_visibility_visible' ><label class='gfield_label' for='input_1_4' >Contact email<span class='gfield_required'>*<\/span><\/label><div class='ginput_container ginput_container_email'>\n                            <input name='input_4' id='input_1_4' type='email' value='' class='medium'    aria-required=\"true\" aria-invalid=\"false\" \/>\n                        <\/div><\/li><li id='field_1_5'  class='gfield gfield_contains_required field_sublabel_above field_description_below gfield_visibility_visible' ><label class='gfield_label gfield_label_before_complex'  >Mailing address<span class='gfield_required'>*<\/span><\/label>    \n                    <div class='ginput_complex ginput_container has_street has_street2 has_city has_state has_zip has_country ginput_container_address' id='input_1_5' >\n                         <span class='ginput_full address_line_1' id='input_1_5_1_container' >\n                                        <label for='input_1_5_1' id='input_1_5_1_label' >Street Address<\/label>\n                                        <input type='text' name='input_5.1' id='input_1_5_1' value=''    aria-required=\"true\"\/>\n                                    <\/span><span class='ginput_full address_line_2' id='input_1_5_2_container' >\n                                        <label for='input_1_5_2' id='input_1_5_2_label' >Address Line 2<\/label>\n                                        <input type='text' name='input_5.2' id='input_1_5_2' value=''   \/>\n                                    <\/span><span class='ginput_left address_city' id='input_1_5_3_container' >\n                                    <label for='input_1_5_3' id='input_1_5_3_label' >City<\/label>\n                                    <input type='text' name='input_5.3' id='input_1_5_3' value=''    aria-required=\"true\"\/>\n                                 <\/span><span class='ginput_right address_state' id='input_1_5_4_container' >\n                                        <label for='input_1_5_4' id='input_1_5_4_label' >County \/ State \/ Region<\/label>\n                                        <input type='text' name='input_5.4' id='input_1_5_4' value=''      aria-required=\"true\"\/>\n                                      <\/span><span class='ginput_left address_zip' id='input_1_5_5_container' >\n                                    <label for='input_1_5_5' id='input_1_5_5_label' >ZIP \/ Postal Code<\/label>\n                                    <input type='text' name='input_5.5' id='input_1_5_5' value=''    aria-required=\"true\"\/>\n                                <\/span><span class='ginput_right address_country' id='input_1_5_6_container' >\n                                        <label for='input_1_5_6' id='input_1_5_6_label' >Country<\/label>\n                                        <select name='input_5.6' id='input_1_5_6'   aria-required=\"true\"><option value='' selected='selected'><\/option><option value='Afghanistan' >Afghanistan<\/option><option value='Albania' >Albania<\/option><option value='Algeria' >Algeria<\/option><option value='American Samoa' >American Samoa<\/option><option value='Andorra' >Andorra<\/option><option value='Angola' >Angola<\/option><option value='Anguilla' >Anguilla<\/option><option value='Antarctica' >Antarctica<\/option><option value='Antigua and Barbuda' >Antigua and Barbuda<\/option><option value='Argentina' >Argentina<\/option><option value='Armenia' >Armenia<\/option><option value='Aruba' >Aruba<\/option><option value='Australia' >Australia<\/option><option value='Austria' >Austria<\/option><option value='Azerbaijan' >Azerbaijan<\/option><option value='Bahamas' >Bahamas<\/option><option value='Bahrain' >Bahrain<\/option><option value='Bangladesh' >Bangladesh<\/option><option value='Barbados' >Barbados<\/option><option value='Belarus' >Belarus<\/option><option value='Belgium' >Belgium<\/option><option value='Belize' >Belize<\/option><option value='Benin' >Benin<\/option><option value='Bermuda' >Bermuda<\/option><option value='Bhutan' >Bhutan<\/option><option value='Bolivia' >Bolivia<\/option><option value='Bonaire, Sint Eustatius and Saba' >Bonaire, Sint Eustatius and Saba<\/option><option value='Bosnia and Herzegovina' >Bosnia and Herzegovina<\/option><option value='Botswana' >Botswana<\/option><option value='Bouvet Island' >Bouvet Island<\/option><option value='Brazil' >Brazil<\/option><option value='British Indian Ocean Territory' >British Indian Ocean Territory<\/option><option value='Brunei Darussalam' >Brunei Darussalam<\/option><option value='Bulgaria' >Bulgaria<\/option><option value='Burkina Faso' >Burkina Faso<\/option><option value='Burundi' >Burundi<\/option><option value='Cambodia' >Cambodia<\/option><option value='Cameroon' >Cameroon<\/option><option value='Canada' >Canada<\/option><option value='Cape Verde' >Cape Verde<\/option><option value='Cayman Islands' >Cayman Islands<\/option><option value='Central African Republic' >Central African Republic<\/option><option value='Chad' >Chad<\/option><option value='Chile' >Chile<\/option><option value='China' >China<\/option><option value='Christmas Island' >Christmas Island<\/option><option value='Cocos Islands' >Cocos Islands<\/option><option value='Colombia' >Colombia<\/option><option value='Comoros' >Comoros<\/option><option value='Congo, Democratic Republic of the' >Congo, Democratic Republic of the<\/option><option value='Congo, Republic of the' >Congo, Republic of the<\/option><option value='Cook Islands' >Cook Islands<\/option><option value='Costa Rica' >Costa Rica<\/option><option value='Croatia' >Croatia<\/option><option value='Cuba' >Cuba<\/option><option value='Cura\u00e7ao' >Cura\u00e7ao<\/option><option value='Cyprus' >Cyprus<\/option><option value='Czech Republic' >Czech Republic<\/option><option value='C\u00f4te d&#039;Ivoire' >C\u00f4te d&#039;Ivoire<\/option><option value='Denmark' >Denmark<\/option><option value='Djibouti' >Djibouti<\/option><option value='Dominica' >Dominica<\/option><option value='Dominican Republic' >Dominican Republic<\/option><option value='Ecuador' >Ecuador<\/option><option value='Egypt' >Egypt<\/option><option value='El Salvador' >El Salvador<\/option><option value='Equatorial Guinea' >Equatorial Guinea<\/option><option value='Eritrea' >Eritrea<\/option><option value='Estonia' >Estonia<\/option><option value='Eswatini (Swaziland)' >Eswatini (Swaziland)<\/option><option value='Ethiopia' >Ethiopia<\/option><option value='Falkland Islands' >Falkland Islands<\/option><option value='Faroe Islands' >Faroe Islands<\/option><option value='Fiji' >Fiji<\/option><option value='Finland' >Finland<\/option><option value='France' >France<\/option><option value='French Guiana' >French Guiana<\/option><option value='French Polynesia' >French Polynesia<\/option><option value='French Southern Territories' >French Southern Territories<\/option><option value='Gabon' >Gabon<\/option><option value='Gambia' >Gambia<\/option><option value='Georgia' >Georgia<\/option><option value='Germany' >Germany<\/option><option value='Ghana' >Ghana<\/option><option value='Gibraltar' >Gibraltar<\/option><option value='Greece' >Greece<\/option><option value='Greenland' >Greenland<\/option><option value='Grenada' >Grenada<\/option><option value='Guadeloupe' >Guadeloupe<\/option><option value='Guam' >Guam<\/option><option value='Guatemala' >Guatemala<\/option><option value='Guernsey' >Guernsey<\/option><option value='Guinea' >Guinea<\/option><option value='Guinea-Bissau' >Guinea-Bissau<\/option><option value='Guyana' >Guyana<\/option><option value='Haiti' >Haiti<\/option><option value='Heard and McDonald Islands' >Heard and McDonald Islands<\/option><option value='Holy See' >Holy See<\/option><option value='Honduras' >Honduras<\/option><option value='Hong Kong' >Hong Kong<\/option><option value='Hungary' >Hungary<\/option><option value='Iceland' >Iceland<\/option><option value='India' >India<\/option><option value='Indonesia' >Indonesia<\/option><option value='Iran' >Iran<\/option><option value='Iraq' >Iraq<\/option><option value='Ireland' >Ireland<\/option><option value='Isle of Man' >Isle of Man<\/option><option value='Israel' >Israel<\/option><option value='Italy' >Italy<\/option><option value='Jamaica' >Jamaica<\/option><option value='Japan' >Japan<\/option><option value='Jersey' >Jersey<\/option><option value='Jordan' >Jordan<\/option><option value='Kazakhstan' >Kazakhstan<\/option><option value='Kenya' >Kenya<\/option><option value='Kiribati' >Kiribati<\/option><option value='Kuwait' >Kuwait<\/option><option value='Kyrgyzstan' >Kyrgyzstan<\/option><option value='Lao People&#039;s Democratic Republic' >Lao People&#039;s Democratic Republic<\/option><option value='Latvia' >Latvia<\/option><option value='Lebanon' >Lebanon<\/option><option value='Lesotho' >Lesotho<\/option><option value='Liberia' >Liberia<\/option><option value='Libya' >Libya<\/option><option value='Liechtenstein' >Liechtenstein<\/option><option value='Lithuania' >Lithuania<\/option><option value='Luxembourg' >Luxembourg<\/option><option value='Macau' >Macau<\/option><option value='Macedonia' >Macedonia<\/option><option value='Madagascar' >Madagascar<\/option><option value='Malawi' >Malawi<\/option><option value='Malaysia' >Malaysia<\/option><option value='Maldives' >Maldives<\/option><option value='Mali' >Mali<\/option><option value='Malta' >Malta<\/option><option value='Marshall Islands' >Marshall Islands<\/option><option value='Martinique' >Martinique<\/option><option value='Mauritania' >Mauritania<\/option><option value='Mauritius' >Mauritius<\/option><option value='Mayotte' >Mayotte<\/option><option value='Mexico' >Mexico<\/option><option value='Micronesia' >Micronesia<\/option><option value='Moldova' >Moldova<\/option><option value='Monaco' >Monaco<\/option><option value='Mongolia' >Mongolia<\/option><option value='Montenegro' >Montenegro<\/option><option value='Montserrat' >Montserrat<\/option><option value='Morocco' >Morocco<\/option><option value='Mozambique' >Mozambique<\/option><option value='Myanmar' >Myanmar<\/option><option value='Namibia' >Namibia<\/option><option value='Nauru' >Nauru<\/option><option value='Nepal' >Nepal<\/option><option value='Netherlands' >Netherlands<\/option><option value='New Caledonia' >New Caledonia<\/option><option value='New Zealand' >New Zealand<\/option><option value='Nicaragua' >Nicaragua<\/option><option value='Niger' >Niger<\/option><option value='Nigeria' >Nigeria<\/option><option value='Niue' >Niue<\/option><option value='Norfolk Island' >Norfolk Island<\/option><option value='North Korea' >North Korea<\/option><option value='Northern Mariana Islands' >Northern Mariana Islands<\/option><option value='Norway' >Norway<\/option><option value='Oman' >Oman<\/option><option value='Pakistan' >Pakistan<\/option><option value='Palau' >Palau<\/option><option value='Palestine, State of' >Palestine, State of<\/option><option value='Panama' >Panama<\/option><option value='Papua New Guinea' >Papua New Guinea<\/option><option value='Paraguay' >Paraguay<\/option><option value='Peru' >Peru<\/option><option value='Philippines' >Philippines<\/option><option value='Pitcairn' >Pitcairn<\/option><option value='Poland' >Poland<\/option><option value='Portugal' >Portugal<\/option><option value='Puerto Rico' >Puerto Rico<\/option><option value='Qatar' >Qatar<\/option><option value='Romania' >Romania<\/option><option value='Russia' >Russia<\/option><option value='Rwanda' >Rwanda<\/option><option value='R\u00e9union' >R\u00e9union<\/option><option value='Saint Barth\u00e9lemy' >Saint Barth\u00e9lemy<\/option><option value='Saint Helena' >Saint Helena<\/option><option value='Saint Kitts and Nevis' >Saint Kitts and Nevis<\/option><option value='Saint Lucia' >Saint Lucia<\/option><option value='Saint Martin' >Saint Martin<\/option><option value='Saint Pierre and Miquelon' >Saint Pierre and Miquelon<\/option><option value='Saint Vincent and the Grenadines' >Saint Vincent and the Grenadines<\/option><option value='Samoa' >Samoa<\/option><option value='San Marino' >San Marino<\/option><option value='Sao Tome and Principe' >Sao Tome and Principe<\/option><option value='Saudi Arabia' >Saudi Arabia<\/option><option value='Senegal' >Senegal<\/option><option value='Serbia' >Serbia<\/option><option value='Seychelles' >Seychelles<\/option><option value='Sierra Leone' >Sierra Leone<\/option><option value='Singapore' >Singapore<\/option><option value='Sint Maarten' >Sint Maarten<\/option><option value='Slovakia' >Slovakia<\/option><option value='Slovenia' >Slovenia<\/option><option value='Solomon Islands' >Solomon Islands<\/option><option value='Somalia' >Somalia<\/option><option value='South Africa' >South Africa<\/option><option value='South Georgia' >South Georgia<\/option><option value='South Korea' >South Korea<\/option><option value='South Sudan' >South Sudan<\/option><option value='Spain' >Spain<\/option><option value='Sri Lanka' >Sri Lanka<\/option><option value='Sudan' >Sudan<\/option><option value='Suriname' >Suriname<\/option><option value='Svalbard and Jan Mayen Islands' >Svalbard and Jan Mayen Islands<\/option><option value='Sweden' >Sweden<\/option><option value='Switzerland' >Switzerland<\/option><option value='Syria' >Syria<\/option><option value='Taiwan' >Taiwan<\/option><option value='Tajikistan' >Tajikistan<\/option><option value='Tanzania' >Tanzania<\/option><option value='Thailand' >Thailand<\/option><option value='Timor-Leste' >Timor-Leste<\/option><option value='Togo' >Togo<\/option><option value='Tokelau' >Tokelau<\/option><option value='Tonga' >Tonga<\/option><option value='Trinidad and Tobago' >Trinidad and Tobago<\/option><option value='Tunisia' >Tunisia<\/option><option value='Turkey' >Turkey<\/option><option value='Turkmenistan' >Turkmenistan<\/option><option value='Turks and Caicos Islands' >Turks and Caicos Islands<\/option><option value='Tuvalu' >Tuvalu<\/option><option value='US Minor Outlying Islands' >US Minor Outlying Islands<\/option><option value='Uganda' >Uganda<\/option><option value='Ukraine' >Ukraine<\/option><option value='United Arab Emirates' >United Arab Emirates<\/option><option value='United Kingdom' >United Kingdom<\/option><option value='United States' >United States<\/option><option value='Uruguay' >Uruguay<\/option><option value='Uzbekistan' >Uzbekistan<\/option><option value='Vanuatu' >Vanuatu<\/option><option value='Venezuela' >Venezuela<\/option><option value='Vietnam' >Vietnam<\/option><option value='Virgin Islands, British' >Virgin Islands, British<\/option><option value='Virgin Islands, U.S.' >Virgin Islands, U.S.<\/option><option value='Wallis and Futuna' >Wallis and Futuna<\/option><option value='Western Sahara' >Western Sahara<\/option><option value='Yemen' >Yemen<\/option><option value='Zambia' >Zambia<\/option><option value='Zimbabwe' >Zimbabwe<\/option><option value='\u00c5land Islands' >\u00c5land Islands<\/option><\/select>\n                                    <\/span>\n                    <div class='gf_clear gf_clear_complex'><\/div>\n                <\/div><\/li><li id='field_1_6'  class='gfield gfield_contains_required field_sublabel_below field_description_below gfield_visibility_visible' ><label class='gfield_label' for='input_1_6' >Company\/Organization Website<span class='gfield_required'>*<\/span><\/label><div class='ginput_container ginput_container_website'>\n                    <input name='input_6' id='input_1_6' type='url' value='' class='medium'    placeholder='https:\/\/' aria-required=\"true\" aria-invalid=\"false\"\/>\n                <\/div><\/li><li id='field_1_7'  class='gfield gfield_contains_required field_sublabel_below field_description_below gfield_visibility_visible' ><label class='gfield_label' for='input_1_7' >Please tell us a bit about your company\/organization.<span class='gfield_required'>*<\/span><\/label><div class='ginput_container ginput_container_textarea'><textarea name='input_7' id='input_1_7' class='textarea medium'     aria-required=\"true\" aria-invalid=\"false\"   rows='10' cols='50'><\/textarea><\/div><\/li><li id='field_1_8'  class='gfield gfield_contains_required field_sublabel_below field_description_below gfield_visibility_visible' ><label class='gfield_label' for='input_1_8' >What contribution would you like to make?<span class='gfield_required'>*<\/span><\/label><div class='ginput_container ginput_container_textarea'><textarea name='input_8' id='input_1_8' class='textarea medium'     aria-required=\"true\" aria-invalid=\"false\"   rows='10' cols='50'><\/textarea><\/div><\/li><li id='field_1_9'  class='gfield field_sublabel_below field_description_below hidden_label gfield_visibility_visible' ><label class='gfield_label' for='input_1_9' >CAPTCHA<\/label><div id='input_1_9' class='ginput_container ginput_recaptcha' data-sitekey='6LdHjaYaAAAAALzYEx4G7nvSlYo-_oSNPy6jgEYo'  data-theme='light' data-tabindex='-1' data-size='invisible' data-badge='bottomright'><\/div><\/li><li id='field_1_10'  class='gfield gform_validation_container field_sublabel_below field_description_below gfield_visibility_visible' ><label class='gfield_label' for='input_1_10' >Comments<\/label><div class='ginput_container'><input name='input_10' id='input_1_10' type='text' value='' autocomplete='off'\/><\/div><div class='gfield_description' id='gfield_description_1_10'>This field is for validation purposes and should be left unchanged.<\/div><\/li>\n                            <\/ul><\/div>\n        <div class='gform_footer top_label'> <input type='submit' id='gform_submit_button_1' class='gform_button button' value='Submit'  onclick='if(window[\"gf_submitting_1\"]){return false;}  if( !jQuery(\"#gform_1\")[0].checkValidity || jQuery(\"#gform_1\")[0].checkValidity()){window[\"gf_submitting_1\"]=true;}  ' onkeypress='if( event.keyCode == 13 ){ if(window[\"gf_submitting_1\"]){return false;} if( !jQuery(\"#gform_1\")[0].checkValidity || jQuery(\"#gform_1\")[0].checkValidity()){window[\"gf_submitting_1\"]=true;}  jQuery(\"#gform_1\").trigger(\"submit\",[true]); }' \/> \n            <input type='hidden' class='gform_hidden' name='is_submit_1' value='1' \/>\n            <input type='hidden' class='gform_hidden' name='gform_submit' value='1' \/>\n            \n            <input type='hidden' class='gform_hidden' name='gform_unique_id' value='' \/>\n            <input type='hidden' class='gform_hidden' name='state_1' value='WyJbXSIsImY0MTg1YTg2NzFmNzA4YjVhNjJkZTM3NzlmOGVmMjUxIl0=' \/>\n            <input type='hidden' class='gform_hidden' name='gform_target_page_number_1' id='gform_target_page_number_1' value='0' \/>\n            <input type='hidden' class='gform_hidden' name='gform_source_page_number_1' id='gform_source_page_number_1' value='1' \/>\n            <input type='hidden' name='gform_field_values' value='' \/>\n            \n        <\/div>\n                        <\/form>\n                        <\/div><script type='text\/javascript'> jQuery(document).bind('gform_post_render', function(event, formId, currentPage){if(formId == 1) {if(typeof Placeholders != 'undefined'){\n                        Placeholders.enable();\n                    }} } );jQuery(document).bind('gform_post_conditional_logic', function(event, formId, fields, isInit){} );<\/script><script type='text\/javascript'> jQuery(document).ready(function(){jQuery(document).trigger('gform_post_render', [1, 1]) } ); <\/script>","protected":false},"excerpt":{"rendered":"<p>Devenir un partenaire La Coalition est un groupe de travail international ouvert \u00e0 de nouveaux partenaires et appelant \u00e0 la coop\u00e9ration. \u00c0 ce jour, la Coalition compte 26&nbsp;partenaires issus de diff\u00e9rentes r\u00e9gions du monde qui ont tous apport\u00e9 leur expertise et leurs connaissances, et qui ont contribu\u00e9 \u00e0 promouvoir la Coalition Against Stalkerware \u00e0 l&#8217;\u00e9chelle [&hellip;]<\/p>\n","protected":false},"author":1,"featured_media":0,"parent":0,"menu_order":0,"comment_status":"closed","ping_status":"closed","template":"","meta":[],"_links":{"self":[{"href":"https:\/\/stopstalkerware.org\/fr\/wp-json\/wp\/v2\/pages\/17"}],"collection":[{"href":"https:\/\/stopstalkerware.org\/fr\/wp-json\/wp\/v2\/pages"}],"about":[{"href":"https:\/\/stopstalkerware.org\/fr\/wp-json\/wp\/v2\/types\/page"}],"author":[{"embeddable":true,"href":"https:\/\/stopstalkerware.org\/fr\/wp-json\/wp\/v2\/users\/1"}],"replies":[{"embeddable":true,"href":"https:\/\/stopstalkerware.org\/fr\/wp-json\/wp\/v2\/comments?post=17"}],"version-history":[{"count":17,"href":"https:\/\/stopstalkerware.org\/fr\/wp-json\/wp\/v2\/pages\/17\/revisions"}],"predecessor-version":[{"id":466,"href":"https:\/\/stopstalkerware.org\/fr\/wp-json\/wp\/v2\/pages\/17\/revisions\/466"}],"wp:attachment":[{"href":"https:\/\/stopstalkerware.org\/fr\/wp-json\/wp\/v2\/media?parent=17"}],"curies":[{"name":"wp","href":"https:\/\/api.w.org\/{rel}","templated":true}]}}