{"id":15,"date":"2021-03-02T15:19:18","date_gmt":"2021-03-02T15:19:18","guid":{"rendered":"http:\/\/stopstalkerware.org\/fr\/?page_id=15"},"modified":"2022-01-26T13:49:13","modified_gmt":"2022-01-26T13:49:13","slug":"a-propos","status":"publish","type":"page","link":"https:\/\/stopstalkerware.org\/fr\/a-propos\/","title":{"rendered":"\u00c0 propos"},"content":{"rendered":"\n<h1><strong>En r\u00e9sum\u00e9<\/strong><\/h1>\n\n\n\n<p>La Coalition Against Stalkerware a \u00e9t\u00e9 fond\u00e9e en novembre 2019 en r\u00e9ponse \u00e0 la menace croissante des stalkerwares. Les stalkerwares sont souvent utilis\u00e9s dans le cadre de surveillance de partenaires, de violence domestique et sexiste, de harc\u00e8lement et d&#8217;abus sexuels. En un an, l&#8217;alliance est pass\u00e9e de dix partenaires fondateurs \u00e0 un grand groupe de travail international.<\/p>\n\n\n\n<p>La Coalition cherche \u00e0 associer l&#8217;expertise de ses partenaires en mati\u00e8re de soutien aux victimes d&#8217;actes de violence domestique, de prise en charge des auteurs de ces actes et de d\u00e9fense des droits num\u00e9riques dans le but de lutter contre les comportements criminels li\u00e9s aux stalkerwares. Tous les membres s&#8217;engagent \u00e0 lutter contre la violence domestique et le harc\u00e8lement en luttant contre l&#8217;utilisation des stalkerwares et en sensibilisant le public \u00e0 ce probl\u00e8me.<\/p>\n\n\n\n<hr class=\"wp-block-separator has-text-color has-background has-black-background-color has-black-color is-style-wide\"\/>\n\n\n\n<h3 id=\"objectifs\"><strong>Objectifs<\/strong><\/h3>\n\n\n\n<h5>Voici les objectifs de la Coalition Against Stalkerware&nbsp;:<\/h5>\n\n\n\n<ul><li>D\u00e9finir les pratiques exemplaires dans le d\u00e9bat sur les stalkerwares et les autres technologies potentiellement ind\u00e9sirables d\u00e9ploy\u00e9es sans le consentement de l&#8217;utilisateur<\/li><li>Sensibiliser et \u00e9duquer le public aux stalkerwares par le biais de contenus et de formations<\/li><li>Accro\u00eetre la capacit\u00e9 technique des organisations de d\u00e9fense et de services qui prennent en charge les victimes<\/li><li>Faciliter la formation des professionnels de la s\u00e9curit\u00e9 et des entreprises ainsi que des forces de l&#8217;ordre en mati\u00e8re de stalkerwares et de menaces connexes<\/li><li>Am\u00e9liorer la r\u00e9ponse du secteur de la s\u00e9curit\u00e9 informatique \u00e0 ce probl\u00e8me en partageant des \u00e9chantillons de stalkerwares connus<\/li><li>Cr\u00e9er des crit\u00e8res de d\u00e9tection consensuels<\/li><\/ul>\n\n\n\n<hr class=\"wp-block-separator has-text-color has-background has-black-background-color has-black-color is-style-wide\"\/>\n\n\n\n<h3 id=\"partenaires\"><strong>Partenaires<\/strong><\/h3>\n\n\n\n<p>La Coalition Against Stalkerware a \u00e9t\u00e9 fond\u00e9e en novembre 2019 par dix partenaires fondateurs&nbsp;: Avira, Electronic Frontier Foundation (EFF), European Network for the Work with Perpetrators of Domestic Violence (WWP EN), G DATA Cyber Defense, Kaspersky, Malwarebytes, National Network to End Domestic Violence (NNEDV), NortonLifeLock, Operation Safe Escape et WEISSER RING.<\/p>\n\n\n\n<p>Depuis la cr\u00e9ation de la Coalition, Martijn Grooten joue activement le r\u00f4le de coordinateur du groupe. Adam Dodge, PDG de EndTAB.org, fait \u00e9galement office de conseiller sp\u00e9cial. En outre, INTERPOL a annonc\u00e9 son soutien \u00e0 la Coalition et \u00e0 ses activit\u00e9s afin de mieux sensibiliser la communaut\u00e9 mondiale des forces de l\u2019ordre \u00e0 la surveillance non consentie et \u00e0 la violence entre partenaires intimes.<\/p>\n\n\n\n<p>Tous les partenaires de la Coalition ont contribu\u00e9 avec leur expertise et leurs connaissances et ont contribu\u00e9 \u00e0 promouvoir la Coalition Against Stalkerware au niveau national et international:<\/p>\n\n\n<div id=\"expanding-panels-block_60704c20de452\" class=\"expanding-panels\">\n    <div class='expanding-panel'><div id='expandtr-1' class='expander-heading active'><h4>Soutien aux survivants de violence domestique et travail des agresseurs<\/h4><div class='icon-wrap'><span class='inner'><span class='line line-horizontal'><\/span><span class='line line-vertical'><\/span><\/span><\/div><\/div><div id='expandta-1' class='expanding-content active'><div class='inner copycol'><div class='fullcol logo-grid'><div class='logo-item trans'><a href='https:\/\/stopstalkerware.org\/fr\/partners\/una-casa-per-luomo-ucpu\/'><img width=\"380\" height=\"128\" src=\"https:\/\/stopstalkerware.org\/fr\/wp-content\/uploads\/sites\/4\/2022\/03\/logo-coop-originalie-380x128.png\" class=\"attachment-logo-thumbnail size-logo-thumbnail wp-post-image\" alt=\"\" loading=\"lazy\" srcset=\"https:\/\/stopstalkerware.org\/fr\/wp-content\/uploads\/sites\/4\/2022\/03\/logo-coop-originalie-380x128.png 380w, https:\/\/stopstalkerware.org\/fr\/wp-content\/uploads\/sites\/4\/2022\/03\/logo-coop-originalie-300x101.png 300w, https:\/\/stopstalkerware.org\/fr\/wp-content\/uploads\/sites\/4\/2022\/03\/logo-coop-originalie.png 672w\" sizes=\"(max-width: 380px) 100vw, 380px\" \/><\/a><\/div><div class='logo-item trans'><a href='https:\/\/stopstalkerware.org\/fr\/partners\/refuge\/'><img width=\"300\" height=\"268\" src=\"https:\/\/stopstalkerware.org\/fr\/wp-content\/uploads\/sites\/4\/2022\/01\/imgonline-com-ua-Resize-wMNmSR8XPVG-300x268-1.jpg\" class=\"attachment-logo-thumbnail size-logo-thumbnail wp-post-image\" alt=\"\" loading=\"lazy\" \/><\/a><\/div><div class='logo-item trans'><a href='https:\/\/stopstalkerware.org\/fr\/partners\/gradus\/'><img width=\"178\" height=\"107\" src=\"https:\/\/stopstalkerware.org\/fr\/wp-content\/uploads\/sites\/4\/2021\/05\/logo_gradus_project.png\" class=\"attachment-logo-thumbnail size-logo-thumbnail wp-post-image\" alt=\"\" loading=\"lazy\" \/><\/a><\/div><div class='logo-item trans'><a href='https:\/\/stopstalkerware.org\/fr\/partners\/national-center-for-victims-of-crime\/'><img width=\"216\" height=\"215\" src=\"https:\/\/stopstalkerware.org\/fr\/wp-content\/uploads\/sites\/4\/2021\/05\/logo_ncvc.png\" class=\"attachment-logo-thumbnail size-logo-thumbnail wp-post-image\" alt=\"\" loading=\"lazy\" \/><\/a><\/div><div class='logo-item trans'><a href='https:\/\/stopstalkerware.org\/fr\/partners\/sexual-violence-law-center\/'><img width=\"300\" height=\"83\" src=\"https:\/\/stopstalkerware.org\/fr\/wp-content\/uploads\/sites\/4\/2022\/01\/svlc-logo.NbxdA_-300x83-1.png\" class=\"attachment-logo-thumbnail size-logo-thumbnail wp-post-image\" alt=\"\" loading=\"lazy\" \/><\/a><\/div><div class='logo-item trans'><a href='https:\/\/stopstalkerware.org\/fr\/partners\/wesnet\/'><img width=\"216\" height=\"314\" src=\"https:\/\/stopstalkerware.org\/fr\/wp-content\/uploads\/sites\/4\/2021\/04\/logo_WESNET.png\" class=\"attachment-logo-thumbnail size-logo-thumbnail wp-post-image\" alt=\"\" loading=\"lazy\" srcset=\"https:\/\/stopstalkerware.org\/fr\/wp-content\/uploads\/sites\/4\/2021\/04\/logo_WESNET.png 216w, https:\/\/stopstalkerware.org\/fr\/wp-content\/uploads\/sites\/4\/2021\/04\/logo_WESNET-206x300.png 206w\" sizes=\"(max-width: 216px) 100vw, 216px\" \/><\/a><\/div><div class='logo-item trans'><a href='https:\/\/stopstalkerware.org\/fr\/partners\/weisser-ring\/'><img width=\"216\" height=\"65\" src=\"https:\/\/stopstalkerware.org\/fr\/wp-content\/uploads\/sites\/4\/2021\/04\/logo_WEISSERRING.png\" class=\"attachment-logo-thumbnail size-logo-thumbnail wp-post-image\" alt=\"\" loading=\"lazy\" \/><\/a><\/div><div class='logo-item trans'><a href='https:\/\/stopstalkerware.org\/fr\/partners\/stalking-prevention-awareness-and-resource-center\/'><img width=\"216\" height=\"95\" src=\"https:\/\/stopstalkerware.org\/fr\/wp-content\/uploads\/sites\/4\/2021\/04\/logo_SPARC.png\" class=\"attachment-logo-thumbnail size-logo-thumbnail wp-post-image\" alt=\"\" loading=\"lazy\" \/><\/a><\/div><div class='logo-item trans'><a href='https:\/\/stopstalkerware.org\/fr\/partners\/operation-safe-escape\/'><img width=\"216\" height=\"217\" src=\"https:\/\/stopstalkerware.org\/fr\/wp-content\/uploads\/sites\/4\/2021\/04\/logo_OperationSafeEscape.png\" class=\"attachment-logo-thumbnail size-logo-thumbnail wp-post-image\" alt=\"\" loading=\"lazy\" \/><\/a><\/div><div class='logo-item trans'><a href='https:\/\/stopstalkerware.org\/fr\/partners\/the-national-network-to-end-domestic-violence-nnedv\/'><img width=\"216\" height=\"101\" src=\"https:\/\/stopstalkerware.org\/fr\/wp-content\/uploads\/sites\/4\/2021\/04\/logo_National_Network_to_End_Domestic_Violence.png\" class=\"attachment-logo-thumbnail size-logo-thumbnail wp-post-image\" alt=\"\" loading=\"lazy\" \/><\/a><\/div><div class='logo-item trans'><a href='https:\/\/stopstalkerware.org\/fr\/partners\/illinois-stalking-advocacy-center\/'><img width=\"216\" height=\"113\" src=\"https:\/\/stopstalkerware.org\/fr\/wp-content\/uploads\/sites\/4\/2021\/04\/logo_Illinois_Stalking_Advocacy_Centre.png\" class=\"attachment-logo-thumbnail size-logo-thumbnail wp-post-image\" alt=\"\" loading=\"lazy\" \/><\/a><\/div><div class='logo-item trans'><a href='https:\/\/stopstalkerware.org\/fr\/partners\/european-network-for-the-work-with-perpetrators-of-domestic-violence-wwp-en\/'><img width=\"216\" height=\"108\" src=\"https:\/\/stopstalkerware.org\/fr\/wp-content\/uploads\/sites\/4\/2021\/04\/logo_European_Network_wwp.png\" class=\"attachment-logo-thumbnail size-logo-thumbnail wp-post-image\" alt=\"\" loading=\"lazy\" \/><\/a><\/div><div class='logo-item trans'><a href='https:\/\/stopstalkerware.org\/fr\/partners\/centre-hubertine-auclert\/'><img width=\"216\" height=\"317\" src=\"https:\/\/stopstalkerware.org\/fr\/wp-content\/uploads\/sites\/4\/2021\/04\/logo_Centre_Hubertine_Auclert.png\" class=\"attachment-logo-thumbnail size-logo-thumbnail wp-post-image\" alt=\"\" loading=\"lazy\" srcset=\"https:\/\/stopstalkerware.org\/fr\/wp-content\/uploads\/sites\/4\/2021\/04\/logo_Centre_Hubertine_Auclert.png 216w, https:\/\/stopstalkerware.org\/fr\/wp-content\/uploads\/sites\/4\/2021\/04\/logo_Centre_Hubertine_Auclert-204x300.png 204w\" sizes=\"(max-width: 216px) 100vw, 216px\" \/><\/a><\/div><div class='logo-item trans'><a href='https:\/\/stopstalkerware.org\/fr\/partners\/bff-bundesverband-frauenberatungsstellen-und-frauennotrufe\/'><img width=\"216\" height=\"105\" src=\"https:\/\/stopstalkerware.org\/fr\/wp-content\/uploads\/sites\/4\/2021\/04\/logo_bff.png\" class=\"attachment-logo-thumbnail size-logo-thumbnail wp-post-image\" alt=\"\" loading=\"lazy\" \/><\/a><\/div><div class='logo-item trans'><a href='https:\/\/stopstalkerware.org\/fr\/partners\/aequitas\/'><img width=\"216\" height=\"88\" src=\"https:\/\/stopstalkerware.org\/fr\/wp-content\/uploads\/sites\/4\/2021\/04\/logo_AEquitas.png\" class=\"attachment-logo-thumbnail size-logo-thumbnail wp-post-image\" alt=\"\" loading=\"lazy\" \/><\/a><\/div><\/div><\/div><\/div><\/div><div class='expanding-panel'><div id='expandtr-2' class='expander-heading '><h4>D\u00e9fense des droits um\u00e9riques<\/h4><div class='icon-wrap'><span class='inner'><span class='line line-horizontal'><\/span><span class='line line-vertical'><\/span><\/span><\/div><\/div><div id='expandta-2' class='expanding-content '><div class='inner copycol'><div class='fullcol logo-grid'><div class='logo-item trans'><a href='https:\/\/stopstalkerware.org\/fr\/partners\/cpaug\/'><img width=\"238\" height=\"300\" src=\"https:\/\/stopstalkerware.org\/fr\/wp-content\/uploads\/sites\/4\/2022\/01\/imgonline-com-ua-Resize-svjNXjZc2ssy9-238x300-1.jpg\" class=\"attachment-logo-thumbnail size-logo-thumbnail wp-post-image\" alt=\"\" loading=\"lazy\" \/><\/a><\/div><div class='logo-item trans'><a href='https:\/\/stopstalkerware.org\/fr\/partners\/cyberpeace-institute\/'><img width=\"300\" height=\"131\" src=\"https:\/\/stopstalkerware.org\/fr\/wp-content\/uploads\/sites\/4\/2022\/01\/imgonline-com-ua-Resize-N7oJWVcjht5l-300x131-1.jpg\" class=\"attachment-logo-thumbnail size-logo-thumbnail wp-post-image\" alt=\"\" loading=\"lazy\" \/><\/a><\/div><div class='logo-item trans'><a href='https:\/\/stopstalkerware.org\/fr\/partners\/kandoo\/'><img width=\"158\" height=\"178\" src=\"https:\/\/stopstalkerware.org\/fr\/wp-content\/uploads\/sites\/4\/2021\/05\/logo_kandoo.png\" class=\"attachment-logo-thumbnail size-logo-thumbnail wp-post-image\" alt=\"\" loading=\"lazy\" \/><\/a><\/div><div class='logo-item trans'><a href='https:\/\/stopstalkerware.org\/fr\/partners\/luchadoras\/'><img width=\"168\" height=\"124\" src=\"https:\/\/stopstalkerware.org\/fr\/wp-content\/uploads\/sites\/4\/2021\/05\/logo_luchadoras.png\" class=\"attachment-logo-thumbnail size-logo-thumbnail wp-post-image\" alt=\"\" loading=\"lazy\" \/><\/a><\/div><div class='logo-item trans'><a href='https:\/\/stopstalkerware.org\/fr\/partners\/tor\/'><img width=\"216\" height=\"131\" src=\"https:\/\/stopstalkerware.org\/fr\/wp-content\/uploads\/sites\/4\/2021\/05\/logo_tor.png\" class=\"attachment-logo-thumbnail size-logo-thumbnail wp-post-image\" alt=\"\" loading=\"lazy\" \/><\/a><\/div><div class='logo-item trans'><a href='https:\/\/stopstalkerware.org\/fr\/partners\/the-electronic-frontier-foundation\/'><img width=\"216\" height=\"53\" src=\"https:\/\/stopstalkerware.org\/fr\/wp-content\/uploads\/sites\/4\/2021\/04\/logo_Electronic_Frontier_Foundation.png\" class=\"attachment-logo-thumbnail size-logo-thumbnail wp-post-image\" alt=\"\" loading=\"lazy\" \/><\/a><\/div><div class='logo-item trans'><a href='https:\/\/stopstalkerware.org\/fr\/partners\/institut-fur-technik-und-journalismus\/'><img width=\"216\" height=\"108\" src=\"https:\/\/stopstalkerware.org\/fr\/wp-content\/uploads\/sites\/4\/2021\/04\/logo_InstitutfurTechnik.png\" class=\"attachment-logo-thumbnail size-logo-thumbnail wp-post-image\" alt=\"\" loading=\"lazy\" \/><\/a><\/div><div class='logo-item trans'><a href='https:\/\/stopstalkerware.org\/fr\/partners\/echap\/'><img width=\"216\" height=\"216\" src=\"https:\/\/stopstalkerware.org\/fr\/wp-content\/uploads\/sites\/4\/2021\/04\/logo_ECHAP.png\" class=\"attachment-logo-thumbnail size-logo-thumbnail wp-post-image\" alt=\"\" loading=\"lazy\" \/><\/a><\/div><div class='logo-item trans'><a href='https:\/\/stopstalkerware.org\/fr\/partners\/cyber-peace-foundation\/'><img width=\"216\" height=\"216\" src=\"https:\/\/stopstalkerware.org\/fr\/wp-content\/uploads\/sites\/4\/2021\/04\/logo_Cyber_Peace_Foundation.png\" class=\"attachment-logo-thumbnail size-logo-thumbnail wp-post-image\" alt=\"\" loading=\"lazy\" \/><\/a><\/div><div class='logo-item trans'><a href='https:\/\/stopstalkerware.org\/fr\/partners\/commonwealth-peoples-association-of-uganda\/'><\/a><\/div><\/div><\/div><\/div><\/div><div class='expanding-panel'><div id='expandtr-3' class='expander-heading '><h4>Entreprises de s\u00e9curit\u00e9 informatique<\/h4><div class='icon-wrap'><span class='inner'><span class='line line-horizontal'><\/span><span class='line line-vertical'><\/span><\/span><\/div><\/div><div id='expandta-3' class='expanding-content '><div class='inner copycol'><div class='fullcol logo-grid'><div class='logo-item trans'><a href='https:\/\/stopstalkerware.org\/fr\/partners\/avast\/'><img width=\"300\" height=\"93\" src=\"https:\/\/stopstalkerware.org\/fr\/wp-content\/uploads\/sites\/4\/2022\/01\/Avast_logo_small-300x93-1.png\" class=\"attachment-logo-thumbnail size-logo-thumbnail wp-post-image\" alt=\"\" loading=\"lazy\" \/><\/a><\/div><div class='logo-item trans'><a href='https:\/\/stopstalkerware.org\/fr\/partners\/cybereason\/'><img width=\"300\" height=\"93\" src=\"https:\/\/stopstalkerware.org\/fr\/wp-content\/uploads\/sites\/4\/2022\/01\/imgonline-com-ua-Resize-AoBUqfZMPBhqH-300x93-1.jpg\" class=\"attachment-logo-thumbnail size-logo-thumbnail wp-post-image\" alt=\"\" loading=\"lazy\" \/><\/a><\/div><div class='logo-item trans'><a href='https:\/\/stopstalkerware.org\/fr\/partners\/g-data\/'><img width=\"58\" height=\"81\" src=\"https:\/\/stopstalkerware.org\/fr\/wp-content\/uploads\/sites\/4\/2021\/03\/logo_gdata.png\" class=\"attachment-logo-thumbnail size-logo-thumbnail wp-post-image\" alt=\"\" loading=\"lazy\" \/><\/a><\/div><div class='logo-item trans'><a href='https:\/\/stopstalkerware.org\/fr\/partners\/traced\/'><img width=\"216\" height=\"92\" src=\"https:\/\/stopstalkerware.org\/fr\/wp-content\/uploads\/sites\/4\/2021\/04\/logo_Traced.png\" class=\"attachment-logo-thumbnail size-logo-thumbnail wp-post-image\" alt=\"\" loading=\"lazy\" \/><\/a><\/div><div class='logo-item trans'><a href='https:\/\/stopstalkerware.org\/fr\/partners\/nortonlifelock\/'><img width=\"216\" height=\"40\" src=\"https:\/\/stopstalkerware.org\/fr\/wp-content\/uploads\/sites\/4\/2021\/04\/logo_NortonLifeLock.png\" class=\"attachment-logo-thumbnail size-logo-thumbnail wp-post-image\" alt=\"\" loading=\"lazy\" \/><\/a><\/div><div class='logo-item trans'><a href='https:\/\/stopstalkerware.org\/fr\/partners\/malwarebytes\/'><img width=\"333\" height=\"187\" src=\"https:\/\/stopstalkerware.org\/fr\/wp-content\/uploads\/sites\/4\/2021\/04\/logo_Malwarebytes.png\" class=\"attachment-logo-thumbnail size-logo-thumbnail wp-post-image\" alt=\"\" loading=\"lazy\" srcset=\"https:\/\/stopstalkerware.org\/fr\/wp-content\/uploads\/sites\/4\/2021\/04\/logo_Malwarebytes.png 333w, https:\/\/stopstalkerware.org\/fr\/wp-content\/uploads\/sites\/4\/2021\/04\/logo_Malwarebytes-300x168.png 300w\" sizes=\"(max-width: 333px) 100vw, 333px\" \/><\/a><\/div><div class='logo-item trans'><a href='https:\/\/stopstalkerware.org\/fr\/partners\/kaspersky\/'><img width=\"216\" height=\"81\" src=\"https:\/\/stopstalkerware.org\/fr\/wp-content\/uploads\/sites\/4\/2021\/04\/logo_Kaspersky.png\" class=\"attachment-logo-thumbnail size-logo-thumbnail wp-post-image\" alt=\"\" loading=\"lazy\" \/><\/a><\/div><div class='logo-item trans'><a href='https:\/\/stopstalkerware.org\/fr\/partners\/f-secure\/'><img width=\"216\" height=\"214\" src=\"https:\/\/stopstalkerware.org\/fr\/wp-content\/uploads\/sites\/4\/2021\/04\/logo_F-Secure.png\" class=\"attachment-logo-thumbnail size-logo-thumbnail wp-post-image\" alt=\"\" loading=\"lazy\" \/><\/a><\/div><div class='logo-item trans'><a href='https:\/\/stopstalkerware.org\/fr\/partners\/corrata\/'><img width=\"216\" height=\"122\" src=\"https:\/\/stopstalkerware.org\/fr\/wp-content\/uploads\/sites\/4\/2021\/04\/logo_Corrata.png\" class=\"attachment-logo-thumbnail size-logo-thumbnail wp-post-image\" alt=\"\" loading=\"lazy\" \/><\/a><\/div><div class='logo-item trans'><a href='https:\/\/stopstalkerware.org\/fr\/partners\/copperhead\/'><img width=\"216\" height=\"216\" src=\"https:\/\/stopstalkerware.org\/fr\/wp-content\/uploads\/sites\/4\/2021\/04\/logo_copperhead.png\" class=\"attachment-logo-thumbnail size-logo-thumbnail wp-post-image\" alt=\"\" loading=\"lazy\" \/><\/a><\/div><div class='logo-item trans'><a href='https:\/\/stopstalkerware.org\/fr\/partners\/certo\/'><img width=\"216\" height=\"98\" src=\"https:\/\/stopstalkerware.org\/fr\/wp-content\/uploads\/sites\/4\/2021\/04\/logo_Certo.png\" class=\"attachment-logo-thumbnail size-logo-thumbnail wp-post-image\" alt=\"\" loading=\"lazy\" \/><\/a><\/div><div class='logo-item trans'><a href='https:\/\/stopstalkerware.org\/fr\/partners\/avira\/'><img width=\"216\" height=\"69\" src=\"https:\/\/stopstalkerware.org\/fr\/wp-content\/uploads\/sites\/4\/2021\/04\/logo_Avira.png\" class=\"attachment-logo-thumbnail size-logo-thumbnail wp-post-image\" alt=\"\" loading=\"lazy\" \/><\/a><\/div><div class='logo-item trans'><a href='https:\/\/stopstalkerware.org\/fr\/partners\/appesteem\/'><img width=\"216\" height=\"47\" src=\"https:\/\/stopstalkerware.org\/fr\/wp-content\/uploads\/sites\/4\/2021\/04\/logo_AppEsteem.png\" class=\"attachment-logo-thumbnail size-logo-thumbnail wp-post-image\" alt=\"\" loading=\"lazy\" \/><\/a><\/div><div class='logo-item trans'><a href='https:\/\/stopstalkerware.org\/fr\/partners\/anonyome-labs\/'><img width=\"216\" height=\"54\" src=\"https:\/\/stopstalkerware.org\/fr\/wp-content\/uploads\/sites\/4\/2021\/04\/logo_AnonyomeLabs.png\" class=\"attachment-logo-thumbnail size-logo-thumbnail wp-post-image\" alt=\"\" loading=\"lazy\" \/><\/a><\/div><\/div><\/div><\/div><\/div><div class='expanding-panel'><div id='expandtr-4' class='expander-heading '><h4>Forces de l&#8217;ordre<\/h4><div class='icon-wrap'><span class='inner'><span class='line line-horizontal'><\/span><span class='line line-vertical'><\/span><\/span><\/div><\/div><div id='expandta-4' class='expanding-content '><div class='inner copycol'><div class='fullcol logo-grid'><div class='logo-item trans'><a href='https:\/\/stopstalkerware.org\/fr\/partners\/gendarmerie-nationale\/'><img width=\"216\" height=\"186\" src=\"https:\/\/stopstalkerware.org\/fr\/wp-content\/uploads\/sites\/4\/2021\/05\/logo_gendarmerie.png\" class=\"attachment-logo-thumbnail size-logo-thumbnail wp-post-image\" alt=\"\" loading=\"lazy\" \/><\/a><\/div><\/div><\/div><\/div><\/div><div class='expanding-panel'><div id='expandtr-5' class='expander-heading '><h4>Universit\u00e9s\/Recherche en mati\u00e8re de s\u00e9curit\u00e9<\/h4><div class='icon-wrap'><span class='inner'><span class='line line-horizontal'><\/span><span class='line line-vertical'><\/span><\/span><\/div><\/div><div id='expandta-5' class='expanding-content '><div class='inner copycol'><div class='fullcol logo-grid'><div class='logo-item trans'><a href='https:\/\/stopstalkerware.org\/fr\/partners\/fics\/'><img width=\"300\" height=\"178\" src=\"https:\/\/stopstalkerware.org\/fr\/wp-content\/uploads\/sites\/4\/2022\/01\/imgonline-com-ua-Resize-HPVL1hS26qzWzH3-300x178-1.jpg\" class=\"attachment-logo-thumbnail size-logo-thumbnail wp-post-image\" alt=\"\" loading=\"lazy\" \/><\/a><\/div><div class='logo-item trans'><a href='https:\/\/stopstalkerware.org\/fr\/partners\/nc-at\/'><img width=\"300\" height=\"300\" src=\"https:\/\/stopstalkerware.org\/fr\/wp-content\/uploads\/sites\/4\/2022\/01\/2392_north_carolina_a_t_aggies-alternate-2006.uty9h-300x300-1.png\" class=\"attachment-logo-thumbnail size-logo-thumbnail wp-post-image\" alt=\"\" loading=\"lazy\" \/><\/a><\/div><\/div><\/div><\/div><\/div><\/div>","protected":false},"excerpt":{"rendered":"<p>En r\u00e9sum\u00e9 La Coalition Against Stalkerware a \u00e9t\u00e9 fond\u00e9e en novembre 2019 en r\u00e9ponse \u00e0 la menace croissante des stalkerwares. Les stalkerwares sont souvent utilis\u00e9s dans le cadre de surveillance de partenaires, de violence domestique et sexiste, de harc\u00e8lement et d&#8217;abus sexuels. En un an, l&#8217;alliance est pass\u00e9e de dix partenaires fondateurs \u00e0 un grand [&hellip;]<\/p>\n","protected":false},"author":1,"featured_media":0,"parent":0,"menu_order":0,"comment_status":"closed","ping_status":"closed","template":"","meta":[],"_links":{"self":[{"href":"https:\/\/stopstalkerware.org\/fr\/wp-json\/wp\/v2\/pages\/15"}],"collection":[{"href":"https:\/\/stopstalkerware.org\/fr\/wp-json\/wp\/v2\/pages"}],"about":[{"href":"https:\/\/stopstalkerware.org\/fr\/wp-json\/wp\/v2\/types\/page"}],"author":[{"embeddable":true,"href":"https:\/\/stopstalkerware.org\/fr\/wp-json\/wp\/v2\/users\/1"}],"replies":[{"embeddable":true,"href":"https:\/\/stopstalkerware.org\/fr\/wp-json\/wp\/v2\/comments?post=15"}],"version-history":[{"count":23,"href":"https:\/\/stopstalkerware.org\/fr\/wp-json\/wp\/v2\/pages\/15\/revisions"}],"predecessor-version":[{"id":514,"href":"https:\/\/stopstalkerware.org\/fr\/wp-json\/wp\/v2\/pages\/15\/revisions\/514"}],"wp:attachment":[{"href":"https:\/\/stopstalkerware.org\/fr\/wp-json\/wp\/v2\/media?parent=15"}],"curies":[{"name":"wp","href":"https:\/\/api.w.org\/{rel}","templated":true}]}}