{"id":33,"date":"2021-03-02T17:34:52","date_gmt":"2021-03-02T17:34:52","guid":{"rendered":"http:\/\/stopstalkerware.org\/es\/?page_id=33"},"modified":"2021-04-26T11:57:11","modified_gmt":"2021-04-26T10:57:11","slug":"informacion-para-empresas-tecnologicas","status":"publish","type":"page","link":"https:\/\/stopstalkerware.org\/es\/informacion-para-empresas-tecnologicas\/","title":{"rendered":"Informaci\u00f3n para empresas tecnol\u00f3gicas"},"content":{"rendered":"\n<h1>Informaci\u00f3n para empresas tecnol\u00f3gicas<\/h1>\n\n\n\n<h3 id=\"que-es-stalkerware\">\u00bfQu\u00e9 es Stalkerware?<\/h3>\n\n\n\n<p>The Coalition Against Stalkerware defines as software, made available directly to individuals, that enables a remote user to monitor the activities on another user\u2019s device without that user\u2019s consent and without explicit, persistent notification to that user in a manner that may facilitate intimate partner surveillance, harassment, abuse, stalking, and\/or violence. Note: we do not consider the device user has given consent when apps merely require physical access to the device, unlocking the device, or logging in with the username and password in order to install the app.<br>Some people refer to stalkerware as \u2018spouseware\u2019 or \u2018creepware\u2019, while the term stalkerware is also sometimes used colloquially to refer to any app or program that does or is perceived to invade one\u2019s privacy; we believe a clear and narrow definition is important given stalkerware\u2019s use in situations of intimate partner abuse.<\/p>\n\n\n\n<p>We also note that legitimate apps and other kinds of technology can and often do play a role in such situations.<\/p>\n\n\n\n<hr class=\"wp-block-separator has-text-color has-background has-black-background-color has-black-color is-style-wide\"\/>\n\n\n\n<h3 id=\"finalidad\">Finalidad de este documento<\/h3>\n\n\n\n<h5>Este documento se ha elaborado con la siguiente finalidad:<\/h5>\n\n\n\n<ul><li>Ofrecer orientaci\u00f3n a la comunidad inform\u00e1tica y de ciberseguridad en la definici\u00f3n de determinados tipos de comportamiento de aplicaciones que hacen que la aplicaci\u00f3n pueda ser considerada como Stalkerware.<\/li><li>Ofrecer directrices a los proveedores de productos antivirus sobre c\u00f3mo actuar ante una detecci\u00f3n de Stalkerware.<\/li><li>Informar a las partes interesadas, tales como las agencias responsables del cumplimiento de la ley u organizaciones de defensa sobre el espectro del comportamiento del Stalkerware.<\/li><\/ul>\n\n\n\n<hr class=\"wp-block-separator has-text-color has-background has-black-background-color has-black-color is-style-wide\"\/>\n\n\n\n<h3 id=\"criterios-de-deteccion\">Criterios de detecci\u00f3n<\/h3>\n\n\n\n<h5>La Coalition Against Stalkerware recomienda utilizar los criterios indicados a continuaci\u00f3n para detectar la presencia de Stalkerware:<\/h5>\n\n\n\n<ul><li>Aplicaciones que se comercializan como habilitadoras de programas ocultos de espionaje o vigilancia.<\/li><li>Aplicaciones que son capaces de rastrear a los usuarios y usuarias de dispositivos, incluida la vigilancia de su comportamiento, la visualizaci\u00f3n y\/o grabaci\u00f3n de su actividad o el control remoto de sus dispositivos sin su conocimiento y\/o consentimiento continuado;<\/li><li>Aplicaciones capaces de recopilar y filtrar datos confidenciales de los usuarios y usuarias del dispositivo (como, por ejemplo, datos de ubicaci\u00f3n, contactos, registros de llamadas\/mensajes de texto, contrase\u00f1as, historial de navegaci\u00f3n, etc.) sin su conocimiento o consentimiento continuado;<\/li><li>Aplicaciones que facilitan el espionaje y vigilancia sin consentimiento. Ejemplos de este tipo de funciones incluyen el ocultar su instalaci\u00f3n, el dificultar su desinstalaci\u00f3n, la necesidad de disponer de privilegios adicionales, la ocultaci\u00f3n de su actividad y\/o la utilizaci\u00f3n de nombres o descripciones en blanco\/diferentes\/aleatorios en los dispositivos afectados tras su instalaci\u00f3n.<\/li><\/ul>\n\n\n\n<hr class=\"wp-block-separator has-text-color has-background has-black-background-color has-black-color is-style-wide\"\/>\n\n\n\n<h3 id=\"deteccion\">Actuaci\u00f3n en caso de detecci\u00f3n de Stalkerware<\/h3>\n\n\n\n<p>Stalkerware es una herramienta utilizada en gran variedad de situaciones y su presencia puede indicar que se est\u00e1 utilizando en una relaci\u00f3n abusiva. Dado que la eliminaci\u00f3n de la aplicaci\u00f3n de Stalkerware puede ser detectada por la persona que lo instal\u00f3, es importante que al propietario o propietaria del dispositivo se le ofrezca con claridad la posibilidad de elegir si desea eliminar la aplicaci\u00f3n de Stalkerware o no. Por lo tanto, la Coalition Against Stalkerware recomienda encarecidamente a los proveedores de seguridad proceder de las formas indicadas a continuaci\u00f3n:<\/p>\n\n\n\n<h5>Si la aplicaci\u00f3n de seguridad detecta la aplicaci\u00f3n de Stalkerware en el momento de su instalaci\u00f3n, si procede:<\/h5>\n\n\n\n<ul><li>No permitir que la aplicaci\u00f3n de Stalkerware se pueda a\u00f1adir a ninguna lista segura<\/li><li>Notificar al usuario o a la usuaria sobre la instalaci\u00f3n de dicha aplicaci\u00f3n de Stalkerware utilizando un canal independiente (por ejemplo, mediante correo electr\u00f3nico)<\/li><\/ul>\n\n\n\n<h5>Si la aplicaci\u00f3n de seguridad detecta la presencia de Stalkerware una vez instalado, mientras se est\u00e1 utilizando el dispositivo:<\/h5>\n\n\n\n<ul><li>Notificar de forma clara a los\/las usuarios\/as que el tipo de amenaza detectada en el dispositivo es diferente al malware ordinario y a otro tipo de aplicaciones no deseadas;<\/li><li>Ofrecer con claridad al usuario o usuaria la posibilidad de elegir si desea eliminar o no la aplicaci\u00f3n Stalkerware.<\/li><\/ul>\n","protected":false},"excerpt":{"rendered":"<p>Informaci\u00f3n para empresas tecnol\u00f3gicas \u00bfQu\u00e9 es Stalkerware? The Coalition Against Stalkerware defines as software, made available directly to individuals, that enables a remote user to monitor the activities on another user\u2019s device without that user\u2019s consent and without explicit, persistent notification to that user in a manner that may facilitate intimate partner surveillance, harassment, abuse, [&hellip;]<\/p>\n","protected":false},"author":1,"featured_media":0,"parent":0,"menu_order":0,"comment_status":"closed","ping_status":"closed","template":"","meta":[],"_links":{"self":[{"href":"https:\/\/stopstalkerware.org\/es\/wp-json\/wp\/v2\/pages\/33"}],"collection":[{"href":"https:\/\/stopstalkerware.org\/es\/wp-json\/wp\/v2\/pages"}],"about":[{"href":"https:\/\/stopstalkerware.org\/es\/wp-json\/wp\/v2\/types\/page"}],"author":[{"embeddable":true,"href":"https:\/\/stopstalkerware.org\/es\/wp-json\/wp\/v2\/users\/1"}],"replies":[{"embeddable":true,"href":"https:\/\/stopstalkerware.org\/es\/wp-json\/wp\/v2\/comments?post=33"}],"version-history":[{"count":25,"href":"https:\/\/stopstalkerware.org\/es\/wp-json\/wp\/v2\/pages\/33\/revisions"}],"predecessor-version":[{"id":462,"href":"https:\/\/stopstalkerware.org\/es\/wp-json\/wp\/v2\/pages\/33\/revisions\/462"}],"wp:attachment":[{"href":"https:\/\/stopstalkerware.org\/es\/wp-json\/wp\/v2\/media?parent=33"}],"curies":[{"name":"wp","href":"https:\/\/api.w.org\/{rel}","templated":true}]}}