{"id":294,"date":"2021-04-15T16:26:20","date_gmt":"2021-04-15T15:26:20","guid":{"rendered":"http:\/\/stopstalkerware.org\/es\/?page_id=294"},"modified":"2021-04-27T12:34:15","modified_gmt":"2021-04-27T11:34:15","slug":"recursos","status":"publish","type":"page","link":"https:\/\/stopstalkerware.org\/es\/recursos\/","title":{"rendered":"Recursos"},"content":{"rendered":"\n<h1 id=\"encuentre-soporte\"><strong>Busque ayuda directamente si est\u00e1 sufriendo o sospecha que pudiera estar experimentando acoso<\/strong><\/h1>\n\n\n\n<p>Si usted o alguna persona que conoce est\u00e1 preocupado\/a sobre un posible acoso, espionaje o vigilancia, conf\u00ede en su instinto y busque una forma segura de obtener informaci\u00f3n sobre los recursos y opciones disponibles en la zona en la que se encuentra. Tenga en cuenta que si cree que alguna persona puede estar vigilando su dispositivo, esa persona podr\u00e1 ver todas las b\u00fasquedas que haga para encontrar ayuda o recursos. Si esto le preocupa, utilice otro dispositivo, uno al cual esa persona no tenga acceso f\u00edsicamente, para buscar informaci\u00f3n o solicitar ayuda con su problema. Si se encuentra en una situaci\u00f3n de peligro inmediato, p\u00f3ngase en contacto con las autoridades locales.<\/p>\n\n\n<div id=\"expanding-panels-block_60785db05dc51\" class=\"expanding-panels\">\n    <div class='expanding-panel'><div id='expandtr-1' class='expander-heading active'><h4>Australia<\/h4><div class='icon-wrap'><span class='inner'><span class='line line-horizontal'><\/span><span class='line line-vertical'><\/span><\/span><\/div><\/div><div id='expandta-1' class='expanding-content active'><div class='inner copycol'><p><a href=\"https:\/\/techsafety.org.au\/\"><strong>Technology Safety Australia<\/strong><\/a><br \/>\nManaged by WESNET\u2019s Safety Net Australia team, this website discusses technology, privacy, and safety in the context of intimate partner violence, sexual assault, and violence against women.<\/p>\n<p><a href=\"https:\/\/wesnet.org.au\/\"><strong>WESNET<\/strong><\/a><br \/>\n<b>Women\u2019s Services Network: national peak body for specialist women\u2019s domestic and family violence services.<\/b><\/p>\n<h5>In Australia, WESNET Safe Connections phones donated by Telstra provide new smartphones to women and their children. For more information, please contact <b>1800RESPECT<\/b> or your local support service.<\/h5>\n<\/div><\/div><\/div><div class='expanding-panel'><div id='expandtr-2' class='expander-heading '><h4>Austria<\/h4><div class='icon-wrap'><span class='inner'><span class='line line-horizontal'><\/span><span class='line line-vertical'><\/span><\/span><\/div><\/div><div id='expandta-2' class='expanding-content '><div class='inner copycol'><p><a href=\"http:\/\/www.frauenhaeuser-zoef.at\/\"><strong>Z\u00d6F \u2013 Zusammenschluss \u00d6sterreichischer Frauenh\u00e4user<\/strong><\/a><br \/>\nThe women\u2019s shelters associated with the Z\u00d6F community offer all sorts of support to women been mistreated or threatened by their (ex) partner. Experts offer psychosocial, legal and practical help in particular in frames of cyber violence by a current or former partner. Depending on your needs and situation, we offer protection, advice and temporary accommodation.<\/p>\n<\/div><\/div><\/div><div class='expanding-panel'><div id='expandtr-3' class='expander-heading '><h4>Francia<\/h4><div class='icon-wrap'><span class='inner'><span class='line line-horizontal'><\/span><span class='line line-vertical'><\/span><\/span><\/div><\/div><div id='expandta-3' class='expanding-content '><div class='inner copycol'><ul>\n<li>Specialized advice for victims of domestic cyberviolence:<\/li>\n<\/ul>\n<p>The <strong>\u201c<a href=\"https:\/\/commentonsaime.fr\/j-ai-besoin-d-aide\/le-tchat\/\">En avant toute(s)<\/a>\u201d<\/strong> chat room: free and anonymous, it offers listening, advice and guidance. To go to the chat, just go to the website <a href=\"http:\/\/www.commentonsaime.fr\">www.commentonsaime.fr<\/a> and click on the tab \u201cJe discute avec une professionnelle\u201d<\/p>\n<p><strong>The Centre Hubertine Auclert\u2019s resource site:<\/strong> For more information on marital cyberviolence and sexist and sexual cyberviolence, your rights and procedures, you can consult https: \/\/www.stop -cybersexisme.com\/<\/p>\n<ul>\n<li>General support against domestic violence:<\/li>\n<\/ul>\n<p><strong><a href=\"http:\/\/www.solidaritefemmes.org\/appeler-le-3919\">3919<\/a> <\/strong>\u201cViolences Femmes Information\u201d: national, anonymous and free helpline for victims and their relatives, created and managed by the F\u00e9d\u00e9ration Nationale Solidarit\u00e9 Femmes.<\/p>\n<p><strong>The F\u00e9d\u00e9ration Nationale Solidarit\u00e9 Femmes (<a href=\"http:\/\/www.solidaritefemmes.org\/\">FNSF<\/a>)<\/strong> is a network of specialized local associations that offer multi-professional support and shelter for female victims of domestic violence. Find <a href=\"http:\/\/www.solidaritefemmes.org\/nous-trouver\">here<\/a> an association near you.<\/p>\n<p><strong>The <a href=\"http:\/\/www.infofemmes.com\/\">Information Centers on the Rights of Women and Families<\/a> (CIDFF)<\/strong> is a federation of specialized local associations which offer legal information as well as social and psychological support to victims of domestic violence. Find <a href=\"http:\/\/www.solidaritefemmes.org\/nous-trouver\">here<\/a> an association near you.<\/p>\n<p><strong>Arr\u00eatons les Violences <\/strong>(Stop Violence): the French government\u2019s resource site for female victims of violence offering information about procedures and assistance as well as about support and shelter systems in France: <a href=\"https:\/\/stop-violences-femmes.gouv.fr\/\">https: \/\/www.stop-violences-femmes.gouv.Fr\/<\/a><\/p>\n<\/div><\/div><\/div><div class='expanding-panel'><div id='expandtr-4' class='expander-heading '><h4>Alemania<\/h4><div class='icon-wrap'><span class='inner'><span class='line line-horizontal'><\/span><span class='line line-vertical'><\/span><\/span><\/div><\/div><div id='expandta-4' class='expanding-content '><div class='inner copycol'><div id=\"elementor-tab-content-1301\" class=\"elementor-tab-content elementor-clearfix elementor-active\" role=\"tabpanel\" data-tab=\"1\" aria-labelledby=\"elementor-tab-title-1301\">\n<ol>\n<li><strong><a href=\"https:\/\/weisser-ring.de\/\">WEISSER RING<\/a>\n<p><\/strong><strong>WEISSER RING L\u00ednea de ayuda: +49-116-006<br \/>\n<\/strong><br \/>\nWEISSER RING also offers free Documentation and Evidence Collection App called \u201c<strong><a href=\"https:\/\/nostalk.de\/\">NO STALK<\/a><\/strong>\u201d.\u00a0<strong>It is important to note that this app should not be used on devices that one suspects may be monitored.<br \/>\n<\/strong><b><\/b>WEISSER RING es la \u00fanica organizaci\u00f3n nacional de apoyo a las v\u00edctimas activa en Alemania. Nuestros voluntarios trabajan en conformidad con estas normas profesionales. El apoyo a las v\u00edctimas que ofrece WEISSER RING se basa en la idea de ofrecer ayuda gratuita a las v\u00edctimas de delitos. Los trabajadores de apoyo a las v\u00edctimas proporcionan ayuda personalizada con car\u00e1cter voluntario y profesional. Somos independientes de los fondos estatales y ofrecemos m\u00e1s de 390 puntos de contacto locales en todo el pa\u00eds.<\/p>\n<p>&nbsp;<\/li>\n<li><a href=\"https:\/\/www.frauen-gegen-gewalt.de\/de\/hilfe-beratung.html\"><strong>bff Bundesverband Frauenberatungsstellen und Frauennotrufe\u00a0<\/strong><\/a><strong><br \/>\nHelpline: +49-0800-22-55-530<\/strong><\/p>\n<p>Please find your local help organisation by entering your region\u00a0<strong><a href=\"https:\/\/www.frauen-gegen-gewalt.de\/de\/hilfe-beratung.html\">here<\/a><\/strong>.<\/li>\n<\/ol>\n<\/div>\n<\/div><\/div><\/div><div class='expanding-panel'><div id='expandtr-5' class='expander-heading '><h4>Italia<\/h4><div class='icon-wrap'><span class='inner'><span class='line line-horizontal'><\/span><span class='line line-vertical'><\/span><\/span><\/div><\/div><div id='expandta-5' class='expanding-content '><div class='inner copycol'><div id=\"elementor-tab-content-1304\" class=\"elementor-tab-content elementor-clearfix elementor-active\" role=\"tabpanel\" data-tab=\"4\" aria-labelledby=\"elementor-tab-title-1304\">\n<p><strong><a href=\"https:\/\/www.direcontrolaviolenza.it\/i-centri-antiviolenza\/\">Donne in Rete contro la violenza<\/a> (D.i.Re, \u201cMujeres en la red contra la violencia\u201d) <\/strong><\/p>\n<p>En este enlace puedes encontrar <strong><a href=\"https:\/\/www.direcontrolaviolenza.it\/d-i-re-tutti-i-numeri-telefonici-dei-centri-antiviolenza\/\">todos los n\u00fameros de tel\u00e9fono de los centros contra la violencia D.i.Re<\/a><\/strong>, ciudad por ciudad en orden alfab\u00e9tico.<\/p>\n<p>Los <a href=\"https:\/\/www.direcontrolaviolenza.it\/i-centri-antiviolenza\/\"><strong>centros antiviolencia<\/strong><\/a> realizan <strong>asesoramiento psicol\u00f3gico, asesoramiento jur\u00eddico, grupos de apoyo, capacitaci\u00f3n, promoci\u00f3n, sensibilizaci\u00f3n y prevenci\u00f3n, procesamiento de datos, orientaci\u00f3n y acompa\u00f1amiento al trabajo, recopilaci\u00f3n de material bibliogr\u00e1fico y documental sobre los temas de violencia<\/strong>. Las <strong>casas de refugio<\/strong>, a menudo con una direcci\u00f3n secreta, acogen a las mujeres y sus hijos menores durante un per\u00edodo de emergencia.<\/p>\n<\/div>\n<\/div><\/div><\/div><div class='expanding-panel'><div id='expandtr-6' class='expander-heading '><h4>Malasia<\/h4><div class='icon-wrap'><span class='inner'><span class='line line-horizontal'><\/span><span class='line line-vertical'><\/span><\/span><\/div><\/div><div id='expandta-6' class='expanding-content '><div class='inner copycol'><div id=\"elementor-tab-content-1305\" class=\"elementor-tab-content elementor-clearfix elementor-active\" role=\"tabpanel\" data-tab=\"5\" aria-labelledby=\"elementor-tab-title-1305\">\n<p><strong><a href=\"https:\/\/www.awam.org.my\/\">All Women\u2019s Action Society<\/a><\/strong><\/p>\n<p><strong>L\u00edneas de ayuda: <\/strong><\/p>\n<p><strong>+60-016-228-4221\u00a0<\/strong><\/p>\n<p><strong>+60 016 237 4221<\/strong><\/p>\n<\/div>\n<\/div><\/div><\/div><div class='expanding-panel'><div id='expandtr-7' class='expander-heading '><h4>Rusia<\/h4><div class='icon-wrap'><span class='inner'><span class='line line-horizontal'><\/span><span class='line line-vertical'><\/span><\/span><\/div><\/div><div id='expandta-7' class='expanding-content '><div class='inner copycol'><div id=\"elementor-tab-content-1307\" class=\"elementor-tab-content elementor-clearfix elementor-active\" role=\"tabpanel\" data-tab=\"7\" aria-labelledby=\"elementor-tab-title-1307\">\n<ol>\n<li><strong><a href=\"http:\/\/wcons.net\/en\/\">\u041a\u043e\u043d\u0441\u043e\u0440\u0446\u0438\u0443\u043c \u0416\u0435\u043d\u0441\u043a\u0438\u0445 \u041d\u0435\u043f\u0440\u0430\u0432\u0438\u0442\u0435\u043b\u044c\u0441\u0442\u0432\u0435\u043d\u043d\u044b\u0445 \u041e\u0431\u044a\u0435\u0434\u0438\u043d\u0435\u043d\u0438\u0439 (<span data-sheets-value=\"{\" data-sheets-userformat=\"{\">Women\u2019s Non-governmental Communities Consortium<\/span>)<\/a><\/strong><strong>Formulario de contacto: <a href=\"http:\/\/wcons.net\/uridicheskaya-pomochs\/#section1\">http:\/\/wcons.net\/uridicheskaya-pomochs\/#section1<\/a><br \/>\n<\/strong><\/li>\n<li><span data-sheets-value=\"{\" data-sheets-userformat=\"{\"><strong><a href=\"http:\/\/www.anna-center.ru\/index.php\/ru\/\">\u0426\u0435\u043d\u0442\u0440 \u043f\u0440\u043e\u0442\u0438\u0432 \u043d\u0430\u0441\u0438\u043b\u0438\u044f \u0432 \u043e\u0442\u043d\u043e\u0448\u0435\u043d\u0438\u0438 \u0436\u0435\u043d\u0449\u0438\u043d \u00ab\u0410\u043d\u043d\u0430\u00bb (Center Against Violence Directed at Women \u201cAnna\u201d)<\/a><\/strong><\/span><strong>L\u00ednea de ayuda en toda Rusia para mujeres afectadas por violencia dom\u00e9stica: <span data-sheets-value=\"{\" data-sheets-userformat=\"{\">+7-800-7000-600<\/span><\/strong><\/li>\n<li><a href=\"https:\/\/nasiliu.net\/\"><strong>\u041d\u0430\u0441\u0438\u043b\u0438\u044e.\u041d\u0435\u0442 (No.Violence)<\/strong><\/a><\/li>\n<\/ol>\n<\/div>\n<\/div><\/div><\/div><div class='expanding-panel'><div id='expandtr-8' class='expander-heading '><h4>Suiza<\/h4><div class='icon-wrap'><span class='inner'><span class='line line-horizontal'><\/span><span class='line line-vertical'><\/span><\/span><\/div><\/div><div id='expandta-8' class='expanding-content '><div class='inner copycol'><div id=\"elementor-tab-content-1308\" class=\"elementor-tab-content elementor-clearfix elementor-active\" role=\"tabpanel\" data-tab=\"8\" aria-labelledby=\"elementor-tab-title-1308\">\n<p><a href=\"https:\/\/www.opferhilfe-schweiz.ch\/de\/\"><strong>Victim Support Switzerland<\/strong><\/a><\/p>\n<p>Victim support services are available all over Switzerland to tell you about your rights, help you process what has happened and let you know about further support options. You can choose the one you would like to contact, which means that you can also use victim support services in another canton. List of all victim support services in Switzerland\u00a0<a href=\"https:\/\/www.opferhilfe-schweiz.ch\/en\/where-can-i-find-support\/\">https:\/\/www.opferhilfe-schweiz.ch\/en\/where-can-i-find-support\/<\/a><\/p>\n<\/div>\n<\/div><\/div><\/div><div class='expanding-panel'><div id='expandtr-9' class='expander-heading '><h4>Taiw\u00e1n<\/h4><div class='icon-wrap'><span class='inner'><span class='line line-horizontal'><\/span><span class='line line-vertical'><\/span><\/span><\/div><\/div><div id='expandta-9' class='expanding-content '><div class='inner copycol'><p><a href=\"https:\/\/www.goh.org.tw\/en\/\"><strong>The Garden of Hope Foundation<\/strong><\/a><\/p>\n<p><strong>L\u00ednea de ayuda:: <\/strong><span data-sheets-value=\"{\" data-sheets-userformat=\"{\"><strong>+886-2-8911-5595<\/strong><\/span><\/p>\n<\/div><\/div><\/div><div class='expanding-panel'><div id='expandtr-10' class='expander-heading '><h4>Turqu\u00eda <\/h4><div class='icon-wrap'><span class='inner'><span class='line line-horizontal'><\/span><span class='line line-vertical'><\/span><\/span><\/div><\/div><div id='expandta-10' class='expanding-content '><div class='inner copycol'><div id=\"elementor-tab-content-13010\" class=\"elementor-tab-content elementor-clearfix elementor-active\" role=\"tabpanel\" data-tab=\"10\" aria-labelledby=\"elementor-tab-title-13010\">\n<p><a href=\"https:\/\/morcati.org.tr\/\"><strong>Mor \u00c7at\u0131 (Purple Roof Women\u2019s Shelter Foundation)<\/strong><\/a><\/p>\n<p><span data-sheets-value=\"{\" data-sheets-userformat=\"{\"><strong>L\u00edneas de ayuda:<\/strong><\/span><\/p>\n<p><span data-sheets-value=\"{\" data-sheets-userformat=\"{\"><strong>+90-212-656-96-96 <\/strong><\/span><\/p>\n<p><span data-sheets-value=\"{\" data-sheets-userformat=\"{\"><strong>+90-0553-408-19-90<\/strong> <\/span><\/p>\n<p><strong>Tenga en cuenta:<\/strong> estos dos n\u00fameros de tel\u00e9fono son v\u00e1lidos solo durante COVID-19. En otros casos, utilice el n\u00famero de tel\u00e9fono fijo:<\/p>\n<p><strong>+ 90 (212) 292 52 31-32<\/strong><\/p>\n<p>Disponible los <strong>lunes, mi\u00e9rcoles, jueves y viernes<\/strong> de 10.30 a 16.30<\/p>\n<\/div>\n<\/div><\/div><\/div><div class='expanding-panel'><div id='expandtr-11' class='expander-heading '><h4>Vietnam<\/h4><div class='icon-wrap'><span class='inner'><span class='line line-horizontal'><\/span><span class='line line-vertical'><\/span><\/span><\/div><\/div><div id='expandta-11' class='expanding-content '><div class='inner copycol'><div id=\"elementor-tab-content-13011\" class=\"elementor-tab-content elementor-clearfix elementor-active\" role=\"tabpanel\" data-tab=\"11\" aria-labelledby=\"elementor-tab-title-13011\">\n<p><a href=\"http:\/\/csaga.org.vn\/\"><strong>Center for Studies and Applied Sciences in Gender \u2013 Family \u2013 Women and Adolescent (CSAGA)<\/strong><\/a><\/p>\n<p><strong>L\u00edneas de ayuda:<\/strong><\/p>\n<p><strong>+84-24-3333-55-99<\/strong><\/p>\n<p><strong>+84-94-1409-119<\/strong><\/p>\n<p>Disponible las <strong>24 horas<\/strong><\/p>\n<\/div>\n<\/div><\/div><\/div><div class='expanding-panel'><div id='expandtr-12' class='expander-heading '><h4>el Reino Unido<\/h4><div class='icon-wrap'><span class='inner'><span class='line line-horizontal'><\/span><span class='line line-vertical'><\/span><\/span><\/div><\/div><div id='expandta-12' class='expanding-content '><div class='inner copycol'><div id=\"elementor-tab-content-1306\" class=\"elementor-tab-content elementor-clearfix elementor-active\" role=\"tabpanel\" data-tab=\"6\" aria-labelledby=\"elementor-tab-title-1306\">\n<p><a href=\"https:\/\/www.suzylamplugh.org\/\"><strong>Suzy Lamplugh Trust<\/strong><\/a><\/p>\n<p><strong>L\u00ednea de ayuda:<\/strong><\/p>\n<p><strong>+44 0808 802 0300<\/strong><\/p>\n<\/div>\n<\/div><\/div><\/div><div class='expanding-panel'><div id='expandtr-13' class='expander-heading '><h4>EE UU<\/h4><div class='icon-wrap'><span class='inner'><span class='line line-horizontal'><\/span><span class='line line-vertical'><\/span><\/span><\/div><\/div><div id='expandta-13' class='expanding-content '><div class='inner copycol'><div id=\"elementor-tab-content-13012\" class=\"elementor-tab-content elementor-clearfix elementor-active\" role=\"tabpanel\" data-tab=\"12\" aria-labelledby=\"elementor-tab-title-13012\">\n<ul>\n<li>\n<ol>\n<li><strong>El Proyecto Red de Seguridad de la Red Estadounidense para Eliminar la Violencia Dom\u00e9stica (NNEDV,<\/strong> por sus siglas en ingl\u00e9s) se centra en la interrelaci\u00f3n entre la tecnolog\u00eda y la violencia dom\u00e9stica y sexual, y trabaja para abordar la forma en que afecta la seguridad, la privacidad, la accesibilidad y los derechos civiles de las v\u00edctimas. Para ello, se encarga de trabajar con las comunidades, las agencias y las empresas de tecnolog\u00eda; educar a los defensores de las v\u00edctimas y a la opini\u00f3n p\u00fablica en general; formar a la polic\u00eda y a los sistemas de justicia, a los servicios sociales, a los equipos de respuesta coordinados a nivel de las comunidades y a otros grupos; y defender fuertes pol\u00edticas a nivel local, estatal, nacional e internacional.<br \/>\n<strong><br \/>\n<a href=\"https:\/\/www.techsafety.org\/resources-survivors\">Proyecto Red de Seguridad,<\/a><\/strong>\u00a0Kit de herramientas de tecnolog\u00eda y privacidad para sobrevivientes<\/li>\n<li><strong> WomensLaw.org<\/strong> proporciona informaci\u00f3n que es relevante para personas de todos los g\u00e9neros, no solo para mujeres. La\u00a0<a href=\"https:\/\/hotline.womenslaw.org\/\">L\u00ednea Directa de Correo Electr\u00f3nico<\/a>\u00a0brindar\u00e1 informaci\u00f3n legal a cualquier persona que se acerque con preguntas o inquietudes legales relacionadas con violencia dom\u00e9stica, violencia sexual o cualquier otro tema que se trate en <a href=\"https:\/\/www.womenslaw.org\/\">WomensLaw.org<\/a>.<strong><a href=\"https:\/\/www.womenslaw.org\/about-abuse\/forms-abuse\/stalkingcyberstalking\">WomensLaw: ciberacoso<\/a><\/strong>\n<p>&nbsp;<\/li>\n<li><b><a href=\"https:\/\/www.thehotline.org\/\">La L\u00ednea Nacional contra la Violencia Dom\u00e9stica de EE. UU.<\/a><\/b>\u00a0tiene defensores sumamente capacitados disponibles las 24 horas del d\u00eda, los 7 d\u00edas de la semana, los 365 d\u00edas del a\u00f1o para hablar confidencialmente con cualquier persona que est\u00e9 sufriendo violencia dom\u00e9stica, que busque recursos o informaci\u00f3n, o que se cuestione alg\u00fan aspecto insalubre de su relaci\u00f3n.<a href=\"https:\/\/www.thehotline.org\/\"><strong>L\u00ednea Nacional contra<\/strong><\/a><b><a href=\"https:\/\/www.thehotline.org\/\"> la Violencia Dom\u00e9stica<\/a><\/b><b>: <\/b><strong>+1\u2212800\u2212799\u22127233<\/strong>\n<p>&nbsp;<\/li>\n<li><b><\/b><b><a href=\"https:\/\/victimconnect.org\/\">Centro Nacional de Recursos VictimConnect<\/a><\/b><b>: <\/b><strong>+1\u2212855\u22124\u2212VICTIM<\/strong>&nbsp;<\/li>\n<li><a href=\"https:\/\/staysafeonline.org\/\"><b>StaySafeOnline<\/b><\/a><\/li>\n<li><strong><a href=\"https:\/\/nostalking.org\/\">Illinois Stalking Advocacy Center<\/a><\/strong><br \/>\nIllinois Stalking Advocacy Center is the only agency whose sole focus is assisting stalking victims by providing court advocacy, safety planning and a local security camera rental program.<\/li>\n<\/ol>\n<\/li>\n<\/ul>\n<\/div>\n<\/div><\/div><\/div><\/div>\n\n\n<hr class=\"wp-block-separator has-text-color has-background has-black-background-color has-black-color is-style-wide\"\/>\n\n\n\n<p><strong><a rel=\"noreferrer noopener\" href=\"https:\/\/www.wave-network.org\/\" target=\"_blank\">Women Against Violence Europe (WAVE)<\/a><\/strong> ofrece una base de datos de servicios de asistencia especializados para mujeres. Estos servicios incluyen, entre otros, l\u00edneas gratuitas de asistencia telef\u00f3nica nacionales, albergues para mujeres supervivientes de violencia de g\u00e9nero, centros para mujeres, servicios de asesoramiento y servicios especializados para supervivientes de violencia de \u00edndole sexual disponibles en 46 pa\u00edses europeos. Puede <a href=\"https:\/\/www.wave-network.org\/find-help\/\"><strong>encontrar recursos de gran utilidad<\/strong><\/a> introduciendo su ubicaci\u00f3n.<\/p>\n\n\n\n<hr class=\"wp-block-separator has-text-color has-background has-black-background-color has-black-color is-style-wide\"\/>\n\n\n\n<h3 id=\"eduquese\">Ed\u00faquese y ayude a crear conciencia sobre el stalkerware<\/h3>\n\n\n\n<p><a href=\"https:\/\/www.stalkingawareness.org\/\"><strong>Stalking Prevention Awareness and Resource Center (SPARC)<\/strong><\/a><\/p>\n\n\n\n<p>SPARC provides nationwide training, technical assistance and resources to allied professionals, including: victim service providers, law enforcement, prosecutors, court personnel, judges, corrections, treatment providers, mental health professionals, campus student conduct offices, campus police\/security, Title IX offices, and others.<\/p>\n\n\n\n<p>SPARC does NOT provide direct services to victims of stalking. If you are experiencing stalking, please see our list of resources available&nbsp;<a href=\"https:\/\/www.stalkingawareness.org\/what-to-do-if-you-are-being-stalked\/\">here<\/a>.<\/p>\n\n\n\n<p>If you would like to receive technical assistance, please email&nbsp;<a href=\"mailto:associate@stalkingawareness.org\">ta@stalkingawareness.org&nbsp;<\/a>or contact us via phone at&nbsp;<a href=\"tel:+1-202-558-0040\">(202) 558-0040<\/a>.&nbsp;If you are interested in receiving training from SPARC, please&nbsp;<a href=\"https:\/\/www.stalkingawareness.org\/request-a-training\/\">click here<\/a><\/p>\n\n\n\n<p><a href=\"https:\/\/www.wave-network.org\/\"><strong>Women Against Violence Europe (WAVE)<\/strong><\/a><\/p>\n\n\n\n<p>The WAVE Network aims to promote and strengthen the human rights of women and children in general and to prevent violence against women and children in particular.&nbsp; WAVE is the only European network focusing solely on the elimination of violence against women and children.<\/p>\n\n\n\n<hr class=\"wp-block-separator has-text-color has-background has-black-background-color has-black-color is-style-wide\"\/>\n\n\n\n<h3 id=\"termina-tu-violencia\">Termina tu violencia<\/h3>\n\n\n\n<p>Los agresores que deseen asumir la responsabilidad de sus acciones y que deseen cambiar sus comportamientos pueden comunicarse con <a rel=\"noreferrer noopener\" href=\"https:\/\/www.work-with-perpetrators.eu\/\" target=\"_blank\"><strong>WWP<\/strong> <strong>EN<\/strong><\/a> a trav\u00e9s de <a href=\"mailto:info@work-with-perpetrators.eu\">info@work-with-perpetrators.eu<\/a>. Podremos ayudar con recomendaciones de organizaciones de miembros locales, calificadas para ayudar a aquellos que buscan detener su violencia.<\/p>\n","protected":false},"excerpt":{"rendered":"<p>Busque ayuda directamente si est\u00e1 sufriendo o sospecha que pudiera estar experimentando acoso Si usted o alguna persona que conoce est\u00e1 preocupado\/a sobre un posible acoso, espionaje o vigilancia, conf\u00ede en su instinto y busque una forma segura de obtener informaci\u00f3n sobre los recursos y opciones disponibles en la zona en la que se encuentra. [&hellip;]<\/p>\n","protected":false},"author":1,"featured_media":0,"parent":0,"menu_order":0,"comment_status":"closed","ping_status":"closed","template":"","meta":[],"_links":{"self":[{"href":"https:\/\/stopstalkerware.org\/es\/wp-json\/wp\/v2\/pages\/294"}],"collection":[{"href":"https:\/\/stopstalkerware.org\/es\/wp-json\/wp\/v2\/pages"}],"about":[{"href":"https:\/\/stopstalkerware.org\/es\/wp-json\/wp\/v2\/types\/page"}],"author":[{"embeddable":true,"href":"https:\/\/stopstalkerware.org\/es\/wp-json\/wp\/v2\/users\/1"}],"replies":[{"embeddable":true,"href":"https:\/\/stopstalkerware.org\/es\/wp-json\/wp\/v2\/comments?post=294"}],"version-history":[{"count":61,"href":"https:\/\/stopstalkerware.org\/es\/wp-json\/wp\/v2\/pages\/294\/revisions"}],"predecessor-version":[{"id":476,"href":"https:\/\/stopstalkerware.org\/es\/wp-json\/wp\/v2\/pages\/294\/revisions\/476"}],"wp:attachment":[{"href":"https:\/\/stopstalkerware.org\/es\/wp-json\/wp\/v2\/media?parent=294"}],"curies":[{"name":"wp","href":"https:\/\/api.w.org\/{rel}","templated":true}]}}