{"id":2,"date":"2021-03-01T18:53:27","date_gmt":"2021-03-01T18:53:27","guid":{"rendered":"http:\/\/stopstalkerware.org\/es\/?page_id=2"},"modified":"2021-06-03T11:27:11","modified_gmt":"2021-06-03T10:27:11","slug":"home","status":"publish","type":"page","link":"https:\/\/stopstalkerware.org\/es\/","title":{"rendered":"P\u00e1gina de inicio"},"content":{"rendered":"\n<h1 class=\"anchor\" id=\"que-es-stalkerware\"><strong>\u00bfQu\u00e9 es Stalkerware?<\/strong><\/h1>\n\n\n\n<p>El t\u00e9rmino Stalkerware se refiere a herramientas, programas de software, aplicaciones y dispositivos que permiten que una persona pueda espiar inadvertidamente la vida privada de otra persona por medio de su dispositivo m\u00f3vil. La persona responsable del abuso puede vigilar de forma remota la actividad completa del dispositivo m\u00f3vil de la otra persona, incluidas las b\u00fasquedas web, la geolocalizaci\u00f3n, mensajes de texto, fotos, llamadas de voz y mucho m\u00e1s. Dichos programas se pueden adquirir e instalar con facilidad. Se ejecutan de forma oculta en segundo plano, sin que la persona afectada sea consciente o haya dado su consentimiento. Independientemente de que los programas de stalkerware puedan estar disponibles, la persona que perpetra el abuso es responsable de utilizarlo como una herramienta y, por lo tanto, de cometer un crimen.&nbsp;&nbsp;<\/p>\n\n\n\n<p>Si desea obtener informaci\u00f3n adicional sobre Stalkerware, le recomendamos que visualice nuestro v\u00eddeo explicativo para comenzar.&nbsp;<\/p>\n\n\n\n<figure class=\"wp-block-embed is-type-video is-provider-youtube wp-block-embed-youtube wp-embed-aspect-16-9 wp-has-aspect-ratio\"><div class=\"wp-block-embed__wrapper\">\nhttps:\/\/www.youtube.com\/watch?v=_ens5N_36yo\n<\/div><\/figure>\n\n\n\n<hr class=\"wp-block-separator has-text-color has-background has-black-background-color has-black-color is-style-wide\"\/>\n\n\n\n<h2 class=\"anchor\" id=\"el-problema\"><strong>El problema de Stalkerware<\/strong><\/h2>\n\n\n\n<p>Stalkerware es un ejemplo de c\u00f3mo la tecnolog\u00eda puede facilitar la perpetraci\u00f3n de abusos tales como la vigilancia de parejas sentimentales, la violencia de g\u00e9nero y violencia dom\u00e9stica, el acoso y otros tipos de delitos. Durante los \u00faltimos a\u00f1os, el problema del stalkerware no ha dejado de aumentar a nivel mundial. Las organizaciones sin \u00e1nimo de lucro informan de un n\u00famero cada vez mayor de supervivientes que buscan ayuda por problemas relacionados con el stalkerware, y las empresas de ciberseguridad est\u00e1n detectando un aumento consistente en el n\u00famero de aplicaciones da\u00f1inas de este tipo disponibles para los usuarios.<\/p>\n\n\n\n<hr class=\"wp-block-separator has-text-color has-background has-black-background-color has-black-color is-style-wide\"\/>\n\n\n\n<h3 class=\"key-heading anchor\" id=\"luchar-frente\"><strong>Luchar frente al stalkerware<\/strong><\/h3>\n\n\n\n<p>La Coalition Against Stalkerware (Coalici\u00f3n contra el stalkerware) se fund\u00f3 en noviembre de 2019 como respuesta a la creciente amenaza creada por el stalkerware. Con el objetivo de luchar contra la tecnolog\u00eda que facilita el abuso, la iniciativa pretende unir a las organizaciones que trabajan para combatir la violencia dom\u00e9stica y a la comunidad que se dedica a garantizar la seguridad en el campo de la tecnolog\u00eda de la informaci\u00f3n.<\/p>\n","protected":false},"excerpt":{"rendered":"<p>\u00bfQu\u00e9 es Stalkerware? El t\u00e9rmino Stalkerware se refiere a herramientas, programas de software, aplicaciones y dispositivos que permiten que una persona pueda espiar inadvertidamente la vida privada de otra persona por medio de su dispositivo m\u00f3vil. La persona responsable del abuso puede vigilar de forma remota la actividad completa del dispositivo m\u00f3vil de la otra [&hellip;]<\/p>\n","protected":false},"author":1,"featured_media":0,"parent":0,"menu_order":0,"comment_status":"closed","ping_status":"open","template":"","meta":[],"_links":{"self":[{"href":"https:\/\/stopstalkerware.org\/es\/wp-json\/wp\/v2\/pages\/2"}],"collection":[{"href":"https:\/\/stopstalkerware.org\/es\/wp-json\/wp\/v2\/pages"}],"about":[{"href":"https:\/\/stopstalkerware.org\/es\/wp-json\/wp\/v2\/types\/page"}],"author":[{"embeddable":true,"href":"https:\/\/stopstalkerware.org\/es\/wp-json\/wp\/v2\/users\/1"}],"replies":[{"embeddable":true,"href":"https:\/\/stopstalkerware.org\/es\/wp-json\/wp\/v2\/comments?post=2"}],"version-history":[{"count":29,"href":"https:\/\/stopstalkerware.org\/es\/wp-json\/wp\/v2\/pages\/2\/revisions"}],"predecessor-version":[{"id":509,"href":"https:\/\/stopstalkerware.org\/es\/wp-json\/wp\/v2\/pages\/2\/revisions\/509"}],"wp:attachment":[{"href":"https:\/\/stopstalkerware.org\/es\/wp-json\/wp\/v2\/media?parent=2"}],"curies":[{"name":"wp","href":"https:\/\/api.w.org\/{rel}","templated":true}]}}