{"id":15,"date":"2021-03-02T15:19:18","date_gmt":"2021-03-02T15:19:18","guid":{"rendered":"http:\/\/stopstalkerware.org\/es\/?page_id=15"},"modified":"2022-01-26T11:11:47","modified_gmt":"2022-01-26T11:11:47","slug":"quienes-somos","status":"publish","type":"page","link":"https:\/\/stopstalkerware.org\/es\/quienes-somos\/","title":{"rendered":"Qui\u00e9nes somos"},"content":{"rendered":"\n<h1><strong>En resumen<\/strong><\/h1>\n\n\n\n<p>La Coalition Against Stalkerware (Coalici\u00f3n contra el stalkerware) se fund\u00f3 en noviembre de 2019 como respuesta a la creciente amenaza creada por el stalkerware. El stalkerware se utiliza con gran frecuencia para vigilar a las parejas, para cometer violencia de g\u00e9nero y dom\u00e9stica, acoso y abuso sexual. En un a\u00f1o, la alianza ha pasado de ser una peque\u00f1a organizaci\u00f3n formada por diez socios fundadores a ser un gran grupo de trabajo internacional.<\/p>\n\n\n\n<p>La Coalici\u00f3n busca combinar la experiencia de sus socios en el \u00e1mbito de la asistencia a las personas supervivientes de violencia dom\u00e9stica, el trabajo con la persona que ha perpetrado el abuso y la defensa de los derechos digitales para abordar el comportamiento criminal perpetrado mediante stalkerware. Todos los miembros tienen el firme compromiso de luchar contra la violencia dom\u00e9stica, el acoso y el acecho abordando la utilizaci\u00f3n de stalkerware y creando conciencia p\u00fablica sobre este problema.<\/p>\n\n\n\n<hr class=\"wp-block-separator has-text-color has-background has-black-background-color has-black-color is-style-wide\"\/>\n\n\n\n<h3 id=\"objetivos\"><strong>Objetivos<\/strong><\/h3>\n\n\n\n<h5>A medida que avanza, los objetivos de Coalition Against Stalkerware son los siguientes:<\/h5>\n\n\n\n<ul><li>Definir las mejores pr\u00e1cticas en el debate entorno al stalkerware y otras tecnolog\u00edas potencialmente no deseadas instalados sin el consentimiento del usuario<\/li><li>Crear consciencia y educar sobre el stalkerware ofreciendo informaci\u00f3n y formaci\u00f3n<\/li><li>Aumentar la capacidad t\u00e9cnica de las organizaciones de defensa y servicios que trabajan con v\u00edctimas y supervivientes<\/li><li>Facilitar formaci\u00f3n sobre el stalkerware y las amenazas relacionadas, impartida por profesionales y empresas de seguridad, as\u00ed como por autoridades policiales<\/li><li>Mejorar la respuesta del Sector de la seguridad de TI a este problema compartiendo con ellos ejemplos de casos conocidos de stalkerware<\/li><li>Crear criterios de detecci\u00f3n consensuados<\/li><\/ul>\n\n\n\n<hr class=\"wp-block-separator has-text-color has-background has-black-background-color has-black-color is-style-wide\"\/>\n\n\n\n<h3 id=\"socios\"><strong>Socios<\/strong><\/h3>\n\n\n\n<p>La Coalition Against Stalkerware se fund\u00f3 en noviembre de 2019, los socios fundadores son: Avira, Electronic Frontier Foundation (EFF), European Network for the Work with Perpetrators of Domestic Violence (WWP EN), G DATA Cyber Defense, Kaspersky, Malwarebytes, National Network to End Domestic Violence (NNEDV), NortonLifeLock, Operation Safe Escape and WEISSER RING.<\/p>\n\n\n\n<p>Desde la creaci\u00f3n de la Coalici\u00f3n, Martijn Grooten ha actuado como coordinador del grupo. Por su parte, Adam Dodge, director general de EndTAB.org, ejerce como asesor especial. Adem\u00e1s, INTERPOL ha anunciado su apoyo a la Coalici\u00f3n y a sus actividades en un esfuerzo por crear mayor concienciaci\u00f3n entre la comunidad de las fuerzas de seguridad sobre la vigilancia no deseada y la violencia en pareja.<\/p>\n\n\n\n<p>Todos los socios de la Coalici\u00f3n han contribuido con su experiencia y conocimiento y han ayudado a promover la Coalici\u00f3n contra el Stalkerware a nivel nacional e internacional:<\/p>\n\n\n<div id=\"expanding-panels-block_60704c20de452\" class=\"expanding-panels\">\n    <div class='expanding-panel'><div id='expandtr-1' class='expander-heading active'><h4>Apoyo a sobrevivientes de violencia dom\u00e9stica y trabajo de perpetradores<\/h4><div class='icon-wrap'><span class='inner'><span class='line line-horizontal'><\/span><span class='line line-vertical'><\/span><\/span><\/div><\/div><div id='expandta-1' class='expanding-content active'><div class='inner copycol'><div class='fullcol logo-grid'><div class='logo-item trans'><a href='https:\/\/stopstalkerware.org\/es\/partners\/una-casa-per-luomo-ucpu\/'><img width=\"380\" height=\"128\" src=\"https:\/\/stopstalkerware.org\/es\/wp-content\/uploads\/sites\/3\/2022\/03\/logo-coop-originalie-380x128.png\" class=\"attachment-logo-thumbnail size-logo-thumbnail wp-post-image\" alt=\"\" loading=\"lazy\" srcset=\"https:\/\/stopstalkerware.org\/es\/wp-content\/uploads\/sites\/3\/2022\/03\/logo-coop-originalie-380x128.png 380w, https:\/\/stopstalkerware.org\/es\/wp-content\/uploads\/sites\/3\/2022\/03\/logo-coop-originalie-300x101.png 300w, https:\/\/stopstalkerware.org\/es\/wp-content\/uploads\/sites\/3\/2022\/03\/logo-coop-originalie.png 672w\" sizes=\"(max-width: 380px) 100vw, 380px\" \/><\/a><\/div><div class='logo-item trans'><a href='https:\/\/stopstalkerware.org\/es\/partners\/refuge\/'><img width=\"300\" height=\"268\" src=\"https:\/\/stopstalkerware.org\/es\/wp-content\/uploads\/sites\/3\/2022\/01\/imgonline-com-ua-Resize-wMNmSR8XPVG-300x268-1.jpg\" class=\"attachment-logo-thumbnail size-logo-thumbnail wp-post-image\" alt=\"\" loading=\"lazy\" \/><\/a><\/div><div class='logo-item trans'><a href='https:\/\/stopstalkerware.org\/es\/partners\/gradus\/'><img width=\"178\" height=\"107\" src=\"https:\/\/stopstalkerware.org\/es\/wp-content\/uploads\/sites\/3\/2021\/05\/logo_gradus_project.png\" class=\"attachment-logo-thumbnail size-logo-thumbnail wp-post-image\" alt=\"\" loading=\"lazy\" \/><\/a><\/div><div class='logo-item trans'><a href='https:\/\/stopstalkerware.org\/es\/partners\/national-center-for-victims-of-crime\/'><img width=\"216\" height=\"215\" src=\"https:\/\/stopstalkerware.org\/es\/wp-content\/uploads\/sites\/3\/2021\/05\/logo_ncvc.png\" class=\"attachment-logo-thumbnail size-logo-thumbnail wp-post-image\" alt=\"\" loading=\"lazy\" \/><\/a><\/div><div class='logo-item trans'><a href='https:\/\/stopstalkerware.org\/es\/partners\/sexual-violence-law-center\/'><img width=\"380\" height=\"111\" src=\"https:\/\/stopstalkerware.org\/es\/wp-content\/uploads\/sites\/3\/2022\/01\/SVLC-Logo-380x111.png\" class=\"attachment-logo-thumbnail size-logo-thumbnail wp-post-image\" alt=\"\" loading=\"lazy\" srcset=\"https:\/\/stopstalkerware.org\/es\/wp-content\/uploads\/sites\/3\/2022\/01\/SVLC-Logo-380x111.png 380w, https:\/\/stopstalkerware.org\/es\/wp-content\/uploads\/sites\/3\/2022\/01\/SVLC-Logo-300x87.png 300w, https:\/\/stopstalkerware.org\/es\/wp-content\/uploads\/sites\/3\/2022\/01\/SVLC-Logo-1024x298.png 1024w, https:\/\/stopstalkerware.org\/es\/wp-content\/uploads\/sites\/3\/2022\/01\/SVLC-Logo-768x224.png 768w, https:\/\/stopstalkerware.org\/es\/wp-content\/uploads\/sites\/3\/2022\/01\/SVLC-Logo-1536x447.png 1536w, https:\/\/stopstalkerware.org\/es\/wp-content\/uploads\/sites\/3\/2022\/01\/SVLC-Logo-2048x596.png 2048w\" sizes=\"(max-width: 380px) 100vw, 380px\" \/><\/a><\/div><div class='logo-item trans'><a href='https:\/\/stopstalkerware.org\/es\/partners\/wesnet\/'><img width=\"216\" height=\"314\" src=\"https:\/\/stopstalkerware.org\/es\/wp-content\/uploads\/sites\/3\/2021\/04\/logo_WESNET.png\" class=\"attachment-logo-thumbnail size-logo-thumbnail wp-post-image\" alt=\"\" loading=\"lazy\" srcset=\"https:\/\/stopstalkerware.org\/es\/wp-content\/uploads\/sites\/3\/2021\/04\/logo_WESNET.png 216w, https:\/\/stopstalkerware.org\/es\/wp-content\/uploads\/sites\/3\/2021\/04\/logo_WESNET-206x300.png 206w\" sizes=\"(max-width: 216px) 100vw, 216px\" \/><\/a><\/div><div class='logo-item trans'><a href='https:\/\/stopstalkerware.org\/es\/partners\/weisser-ring\/'><img width=\"216\" height=\"65\" src=\"https:\/\/stopstalkerware.org\/es\/wp-content\/uploads\/sites\/3\/2021\/04\/logo_WEISSERRING.png\" class=\"attachment-logo-thumbnail size-logo-thumbnail wp-post-image\" alt=\"\" loading=\"lazy\" \/><\/a><\/div><div class='logo-item trans'><a href='https:\/\/stopstalkerware.org\/es\/partners\/stalking-prevention-awareness-and-resource-center\/'><img width=\"216\" height=\"95\" src=\"https:\/\/stopstalkerware.org\/es\/wp-content\/uploads\/sites\/3\/2021\/04\/logo_SPARC.png\" class=\"attachment-logo-thumbnail size-logo-thumbnail wp-post-image\" alt=\"\" loading=\"lazy\" \/><\/a><\/div><div class='logo-item trans'><a href='https:\/\/stopstalkerware.org\/es\/partners\/operation-safe-escape\/'><img width=\"216\" height=\"217\" src=\"https:\/\/stopstalkerware.org\/es\/wp-content\/uploads\/sites\/3\/2021\/04\/logo_OperationSafeEscape.png\" class=\"attachment-logo-thumbnail size-logo-thumbnail wp-post-image\" alt=\"\" loading=\"lazy\" \/><\/a><\/div><div class='logo-item trans'><a href='https:\/\/stopstalkerware.org\/es\/partners\/the-national-network-to-end-domestic-violence-nnedv\/'><img width=\"216\" height=\"101\" src=\"https:\/\/stopstalkerware.org\/es\/wp-content\/uploads\/sites\/3\/2021\/04\/logo_National_Network_to_End_Domestic_Violence.png\" class=\"attachment-logo-thumbnail size-logo-thumbnail wp-post-image\" alt=\"\" loading=\"lazy\" \/><\/a><\/div><div class='logo-item trans'><a href='https:\/\/stopstalkerware.org\/es\/partners\/illinois-stalking-advocacy-center\/'><img width=\"216\" height=\"113\" src=\"https:\/\/stopstalkerware.org\/es\/wp-content\/uploads\/sites\/3\/2021\/04\/logo_Illinois_Stalking_Advocacy_Centre.png\" class=\"attachment-logo-thumbnail size-logo-thumbnail wp-post-image\" alt=\"\" loading=\"lazy\" \/><\/a><\/div><div class='logo-item trans'><a href='https:\/\/stopstalkerware.org\/es\/partners\/european-network-for-the-work-with-perpetrators-of-domestic-violence-wwp-en\/'><img width=\"216\" height=\"108\" src=\"https:\/\/stopstalkerware.org\/es\/wp-content\/uploads\/sites\/3\/2021\/04\/logo_European_Network_wwp.png\" class=\"attachment-logo-thumbnail size-logo-thumbnail wp-post-image\" alt=\"\" loading=\"lazy\" \/><\/a><\/div><div class='logo-item trans'><a href='https:\/\/stopstalkerware.org\/es\/partners\/centre-hubertine-auclert\/'><img width=\"216\" height=\"317\" src=\"https:\/\/stopstalkerware.org\/es\/wp-content\/uploads\/sites\/3\/2021\/04\/logo_Centre_Hubertine_Auclert.png\" class=\"attachment-logo-thumbnail size-logo-thumbnail wp-post-image\" alt=\"\" loading=\"lazy\" srcset=\"https:\/\/stopstalkerware.org\/es\/wp-content\/uploads\/sites\/3\/2021\/04\/logo_Centre_Hubertine_Auclert.png 216w, https:\/\/stopstalkerware.org\/es\/wp-content\/uploads\/sites\/3\/2021\/04\/logo_Centre_Hubertine_Auclert-204x300.png 204w\" sizes=\"(max-width: 216px) 100vw, 216px\" \/><\/a><\/div><div class='logo-item trans'><a href='https:\/\/stopstalkerware.org\/es\/partners\/bff-bundesverband-frauenberatungsstellen-und-frauennotrufe\/'><img width=\"216\" height=\"105\" src=\"https:\/\/stopstalkerware.org\/es\/wp-content\/uploads\/sites\/3\/2021\/04\/logo_bff.png\" class=\"attachment-logo-thumbnail size-logo-thumbnail wp-post-image\" alt=\"\" loading=\"lazy\" \/><\/a><\/div><div class='logo-item trans'><a href='https:\/\/stopstalkerware.org\/es\/partners\/aequitas\/'><img width=\"216\" height=\"88\" src=\"https:\/\/stopstalkerware.org\/es\/wp-content\/uploads\/sites\/3\/2021\/04\/logo_AEquitas.png\" class=\"attachment-logo-thumbnail size-logo-thumbnail wp-post-image\" alt=\"\" loading=\"lazy\" \/><\/a><\/div><\/div><\/div><\/div><\/div><div class='expanding-panel'><div id='expandtr-2' class='expander-heading '><h4>Defensa de los derechos digitales<\/h4><div class='icon-wrap'><span class='inner'><span class='line line-horizontal'><\/span><span class='line line-vertical'><\/span><\/span><\/div><\/div><div id='expandta-2' class='expanding-content '><div class='inner copycol'><div class='fullcol logo-grid'><div class='logo-item trans'><a href='https:\/\/stopstalkerware.org\/es\/partners\/cpaug\/'><img width=\"238\" height=\"300\" src=\"https:\/\/stopstalkerware.org\/es\/wp-content\/uploads\/sites\/3\/2022\/01\/imgonline-com-ua-Resize-svjNXjZc2ssy9-238x300-1.jpg\" class=\"attachment-logo-thumbnail size-logo-thumbnail wp-post-image\" alt=\"\" loading=\"lazy\" \/><\/a><\/div><div class='logo-item trans'><a href='https:\/\/stopstalkerware.org\/es\/partners\/cyberpeace-institute\/'><img width=\"380\" height=\"214\" src=\"https:\/\/stopstalkerware.org\/es\/wp-content\/uploads\/sites\/3\/2022\/01\/CyberPeace-Institute-logo-new-800x450-1-380x214.png\" class=\"attachment-logo-thumbnail size-logo-thumbnail wp-post-image\" alt=\"\" loading=\"lazy\" srcset=\"https:\/\/stopstalkerware.org\/es\/wp-content\/uploads\/sites\/3\/2022\/01\/CyberPeace-Institute-logo-new-800x450-1-380x214.png 380w, https:\/\/stopstalkerware.org\/es\/wp-content\/uploads\/sites\/3\/2022\/01\/CyberPeace-Institute-logo-new-800x450-1-300x169.png 300w, https:\/\/stopstalkerware.org\/es\/wp-content\/uploads\/sites\/3\/2022\/01\/CyberPeace-Institute-logo-new-800x450-1-768x432.png 768w, https:\/\/stopstalkerware.org\/es\/wp-content\/uploads\/sites\/3\/2022\/01\/CyberPeace-Institute-logo-new-800x450-1.png 800w\" sizes=\"(max-width: 380px) 100vw, 380px\" \/><\/a><\/div><div class='logo-item trans'><a href='https:\/\/stopstalkerware.org\/es\/partners\/kandoo\/'><img width=\"158\" height=\"178\" src=\"https:\/\/stopstalkerware.org\/es\/wp-content\/uploads\/sites\/3\/2021\/05\/logo_kandoo.png\" class=\"attachment-logo-thumbnail size-logo-thumbnail wp-post-image\" alt=\"\" loading=\"lazy\" \/><\/a><\/div><div class='logo-item trans'><a href='https:\/\/stopstalkerware.org\/es\/partners\/luchadoras\/'><img width=\"168\" height=\"124\" src=\"https:\/\/stopstalkerware.org\/es\/wp-content\/uploads\/sites\/3\/2021\/05\/logo_luchadoras.png\" class=\"attachment-logo-thumbnail size-logo-thumbnail wp-post-image\" alt=\"\" loading=\"lazy\" \/><\/a><\/div><div class='logo-item trans'><a href='https:\/\/stopstalkerware.org\/es\/partners\/tor\/'><img width=\"216\" height=\"131\" src=\"https:\/\/stopstalkerware.org\/es\/wp-content\/uploads\/sites\/3\/2022\/01\/logo_tor.png\" class=\"attachment-logo-thumbnail size-logo-thumbnail wp-post-image\" alt=\"\" loading=\"lazy\" \/><\/a><\/div><div class='logo-item trans'><a href='https:\/\/stopstalkerware.org\/es\/partners\/the-electronic-frontier-foundation\/'><img width=\"216\" height=\"53\" src=\"https:\/\/stopstalkerware.org\/es\/wp-content\/uploads\/sites\/3\/2021\/04\/logo_Electronic_Frontier_Foundation.png\" class=\"attachment-logo-thumbnail size-logo-thumbnail wp-post-image\" alt=\"\" loading=\"lazy\" \/><\/a><\/div><div class='logo-item trans'><a href='https:\/\/stopstalkerware.org\/es\/partners\/institut-fur-technik-und-journalismus\/'><img width=\"216\" height=\"108\" src=\"https:\/\/stopstalkerware.org\/es\/wp-content\/uploads\/sites\/3\/2021\/04\/logo_InstitutfurTechnik.png\" class=\"attachment-logo-thumbnail size-logo-thumbnail wp-post-image\" alt=\"\" loading=\"lazy\" \/><\/a><\/div><div class='logo-item trans'><a href='https:\/\/stopstalkerware.org\/es\/partners\/echap\/'><img width=\"216\" height=\"216\" src=\"https:\/\/stopstalkerware.org\/es\/wp-content\/uploads\/sites\/3\/2021\/04\/logo_ECHAP.png\" class=\"attachment-logo-thumbnail size-logo-thumbnail wp-post-image\" alt=\"\" loading=\"lazy\" \/><\/a><\/div><div class='logo-item trans'><a href='https:\/\/stopstalkerware.org\/es\/partners\/cyber-peace-foundation\/'><img width=\"216\" height=\"216\" src=\"https:\/\/stopstalkerware.org\/es\/wp-content\/uploads\/sites\/3\/2021\/04\/logo_Cyber_Peace_Foundation.png\" class=\"attachment-logo-thumbnail size-logo-thumbnail wp-post-image\" alt=\"\" loading=\"lazy\" \/><\/a><\/div><div class='logo-item trans'><a href='https:\/\/stopstalkerware.org\/es\/partners\/commonwealth-peoples-association-of-uganda\/'><\/a><\/div><\/div><\/div><\/div><\/div><div class='expanding-panel'><div id='expandtr-3' class='expander-heading '><h4>Empresas de seguridad de TI<\/h4><div class='icon-wrap'><span class='inner'><span class='line line-horizontal'><\/span><span class='line line-vertical'><\/span><\/span><\/div><\/div><div id='expandta-3' class='expanding-content '><div class='inner copycol'><div class='fullcol logo-grid'><div class='logo-item trans'><a href='https:\/\/stopstalkerware.org\/es\/partners\/avast\/'><img width=\"300\" height=\"93\" src=\"https:\/\/stopstalkerware.org\/es\/wp-content\/uploads\/sites\/3\/2022\/01\/Avast_logo_small-300x93-1.png\" class=\"attachment-logo-thumbnail size-logo-thumbnail wp-post-image\" alt=\"\" loading=\"lazy\" \/><\/a><\/div><div class='logo-item trans'><a href='https:\/\/stopstalkerware.org\/es\/partners\/cybereason\/'><img width=\"380\" height=\"82\" src=\"https:\/\/stopstalkerware.org\/es\/wp-content\/uploads\/sites\/3\/2022\/01\/Cybereason-1-480x104-1-380x82.png\" class=\"attachment-logo-thumbnail size-logo-thumbnail wp-post-image\" alt=\"\" loading=\"lazy\" srcset=\"https:\/\/stopstalkerware.org\/es\/wp-content\/uploads\/sites\/3\/2022\/01\/Cybereason-1-480x104-1-380x82.png 380w, https:\/\/stopstalkerware.org\/es\/wp-content\/uploads\/sites\/3\/2022\/01\/Cybereason-1-480x104-1-300x65.png 300w, https:\/\/stopstalkerware.org\/es\/wp-content\/uploads\/sites\/3\/2022\/01\/Cybereason-1-480x104-1.png 480w\" sizes=\"(max-width: 380px) 100vw, 380px\" \/><\/a><\/div><div class='logo-item trans'><a href='https:\/\/stopstalkerware.org\/es\/partners\/g-data\/'><img width=\"58\" height=\"81\" src=\"https:\/\/stopstalkerware.org\/es\/wp-content\/uploads\/sites\/3\/2021\/03\/logo_gdata.png\" class=\"attachment-logo-thumbnail size-logo-thumbnail wp-post-image\" alt=\"\" loading=\"lazy\" \/><\/a><\/div><div class='logo-item trans'><a href='https:\/\/stopstalkerware.org\/es\/partners\/traced\/'><img width=\"216\" height=\"92\" src=\"https:\/\/stopstalkerware.org\/es\/wp-content\/uploads\/sites\/3\/2021\/04\/logo_Traced.png\" class=\"attachment-logo-thumbnail size-logo-thumbnail wp-post-image\" alt=\"\" loading=\"lazy\" \/><\/a><\/div><div class='logo-item trans'><a href='https:\/\/stopstalkerware.org\/es\/partners\/nortonlifelock\/'><img width=\"216\" height=\"40\" src=\"https:\/\/stopstalkerware.org\/es\/wp-content\/uploads\/sites\/3\/2021\/04\/logo_NortonLifeLock.png\" class=\"attachment-logo-thumbnail size-logo-thumbnail wp-post-image\" alt=\"\" loading=\"lazy\" \/><\/a><\/div><div class='logo-item trans'><a href='https:\/\/stopstalkerware.org\/es\/partners\/malwarebytes\/'><img width=\"333\" height=\"187\" src=\"https:\/\/stopstalkerware.org\/es\/wp-content\/uploads\/sites\/3\/2021\/04\/logo_Malwarebytes.png\" class=\"attachment-logo-thumbnail size-logo-thumbnail wp-post-image\" alt=\"\" loading=\"lazy\" srcset=\"https:\/\/stopstalkerware.org\/es\/wp-content\/uploads\/sites\/3\/2021\/04\/logo_Malwarebytes.png 333w, https:\/\/stopstalkerware.org\/es\/wp-content\/uploads\/sites\/3\/2021\/04\/logo_Malwarebytes-300x168.png 300w\" sizes=\"(max-width: 333px) 100vw, 333px\" \/><\/a><\/div><div class='logo-item trans'><a href='https:\/\/stopstalkerware.org\/es\/partners\/kaspersky\/'><img width=\"216\" height=\"81\" src=\"https:\/\/stopstalkerware.org\/es\/wp-content\/uploads\/sites\/3\/2021\/04\/logo_Kaspersky.png\" class=\"attachment-logo-thumbnail size-logo-thumbnail wp-post-image\" alt=\"\" loading=\"lazy\" \/><\/a><\/div><div class='logo-item trans'><a href='https:\/\/stopstalkerware.org\/es\/partners\/f-secure\/'><img width=\"216\" height=\"214\" src=\"https:\/\/stopstalkerware.org\/es\/wp-content\/uploads\/sites\/3\/2021\/04\/logo_F-Secure.png\" class=\"attachment-logo-thumbnail size-logo-thumbnail wp-post-image\" alt=\"\" loading=\"lazy\" \/><\/a><\/div><div class='logo-item trans'><a href='https:\/\/stopstalkerware.org\/es\/partners\/corrata\/'><img width=\"216\" height=\"122\" src=\"https:\/\/stopstalkerware.org\/es\/wp-content\/uploads\/sites\/3\/2021\/04\/logo_Corrata.png\" class=\"attachment-logo-thumbnail size-logo-thumbnail wp-post-image\" alt=\"\" loading=\"lazy\" \/><\/a><\/div><div class='logo-item trans'><a href='https:\/\/stopstalkerware.org\/es\/partners\/copperhead\/'><img width=\"216\" height=\"216\" src=\"https:\/\/stopstalkerware.org\/es\/wp-content\/uploads\/sites\/3\/2021\/04\/logo_copperhead.png\" class=\"attachment-logo-thumbnail size-logo-thumbnail wp-post-image\" alt=\"\" loading=\"lazy\" \/><\/a><\/div><div class='logo-item trans'><a href='https:\/\/stopstalkerware.org\/es\/partners\/certo\/'><img width=\"216\" height=\"98\" src=\"https:\/\/stopstalkerware.org\/es\/wp-content\/uploads\/sites\/3\/2021\/04\/logo_Certo.png\" class=\"attachment-logo-thumbnail size-logo-thumbnail wp-post-image\" alt=\"\" loading=\"lazy\" \/><\/a><\/div><div class='logo-item trans'><a href='https:\/\/stopstalkerware.org\/es\/partners\/avira\/'><img width=\"216\" height=\"69\" src=\"https:\/\/stopstalkerware.org\/es\/wp-content\/uploads\/sites\/3\/2021\/04\/logo_Avira.png\" class=\"attachment-logo-thumbnail size-logo-thumbnail wp-post-image\" alt=\"\" loading=\"lazy\" \/><\/a><\/div><div class='logo-item trans'><a href='https:\/\/stopstalkerware.org\/es\/partners\/appesteem\/'><img width=\"216\" height=\"47\" src=\"https:\/\/stopstalkerware.org\/es\/wp-content\/uploads\/sites\/3\/2021\/04\/logo_AppEsteem.png\" class=\"attachment-logo-thumbnail size-logo-thumbnail wp-post-image\" alt=\"\" loading=\"lazy\" \/><\/a><\/div><div class='logo-item trans'><a href='https:\/\/stopstalkerware.org\/es\/partners\/anonyome-labs\/'><img width=\"216\" height=\"54\" src=\"https:\/\/stopstalkerware.org\/es\/wp-content\/uploads\/sites\/3\/2021\/04\/logo_AnonyomeLabs.png\" class=\"attachment-logo-thumbnail size-logo-thumbnail wp-post-image\" alt=\"\" loading=\"lazy\" \/><\/a><\/div><\/div><\/div><\/div><\/div><div class='expanding-panel'><div id='expandtr-4' class='expander-heading '><h4>Agencias policiales<\/h4><div class='icon-wrap'><span class='inner'><span class='line line-horizontal'><\/span><span class='line line-vertical'><\/span><\/span><\/div><\/div><div id='expandta-4' class='expanding-content '><div class='inner copycol'><div class='fullcol logo-grid'><div class='logo-item trans'><a href='https:\/\/stopstalkerware.org\/es\/partners\/gendarmerie-nationale-2\/'><img width=\"216\" height=\"186\" src=\"https:\/\/stopstalkerware.org\/es\/wp-content\/uploads\/sites\/3\/2021\/05\/logo_gendarmerie.png\" class=\"attachment-logo-thumbnail size-logo-thumbnail wp-post-image\" alt=\"\" loading=\"lazy\" \/><\/a><\/div><\/div><\/div><\/div><\/div><div class='expanding-panel'><div id='expandtr-5' class='expander-heading '><h4>Academia\/Investigaci\u00f3n sobre seguridad<\/h4><div class='icon-wrap'><span class='inner'><span class='line line-horizontal'><\/span><span class='line line-vertical'><\/span><\/span><\/div><\/div><div id='expandta-5' class='expanding-content '><div class='inner copycol'><div class='fullcol logo-grid'><div class='logo-item trans'><a href='https:\/\/stopstalkerware.org\/es\/partners\/fics\/'><img width=\"300\" height=\"178\" src=\"https:\/\/stopstalkerware.org\/es\/wp-content\/uploads\/sites\/3\/2022\/01\/imgonline-com-ua-Resize-HPVL1hS26qzWzH3-300x178-1.jpg\" class=\"attachment-logo-thumbnail size-logo-thumbnail wp-post-image\" alt=\"\" loading=\"lazy\" \/><\/a><\/div><div class='logo-item trans'><a href='https:\/\/stopstalkerware.org\/es\/partners\/nc-at\/'><img width=\"380\" height=\"267\" src=\"https:\/\/stopstalkerware.org\/es\/wp-content\/uploads\/sites\/3\/2022\/01\/2392_north_carolina_at_aggies-alternate-2006-380x267.png\" class=\"attachment-logo-thumbnail size-logo-thumbnail wp-post-image\" alt=\"\" loading=\"lazy\" srcset=\"https:\/\/stopstalkerware.org\/es\/wp-content\/uploads\/sites\/3\/2022\/01\/2392_north_carolina_at_aggies-alternate-2006-380x267.png 380w, https:\/\/stopstalkerware.org\/es\/wp-content\/uploads\/sites\/3\/2022\/01\/2392_north_carolina_at_aggies-alternate-2006-300x210.png 300w, https:\/\/stopstalkerware.org\/es\/wp-content\/uploads\/sites\/3\/2022\/01\/2392_north_carolina_at_aggies-alternate-2006-768x539.png 768w, https:\/\/stopstalkerware.org\/es\/wp-content\/uploads\/sites\/3\/2022\/01\/2392_north_carolina_at_aggies-alternate-2006.png 894w\" sizes=\"(max-width: 380px) 100vw, 380px\" \/><\/a><\/div><\/div><\/div><\/div><\/div><\/div>","protected":false},"excerpt":{"rendered":"<p>En resumen La Coalition Against Stalkerware (Coalici\u00f3n contra el stalkerware) se fund\u00f3 en noviembre de 2019 como respuesta a la creciente amenaza creada por el stalkerware. El stalkerware se utiliza con gran frecuencia para vigilar a las parejas, para cometer violencia de g\u00e9nero y dom\u00e9stica, acoso y abuso sexual. En un a\u00f1o, la alianza ha [&hellip;]<\/p>\n","protected":false},"author":1,"featured_media":0,"parent":0,"menu_order":0,"comment_status":"closed","ping_status":"closed","template":"","meta":[],"_links":{"self":[{"href":"https:\/\/stopstalkerware.org\/es\/wp-json\/wp\/v2\/pages\/15"}],"collection":[{"href":"https:\/\/stopstalkerware.org\/es\/wp-json\/wp\/v2\/pages"}],"about":[{"href":"https:\/\/stopstalkerware.org\/es\/wp-json\/wp\/v2\/types\/page"}],"author":[{"embeddable":true,"href":"https:\/\/stopstalkerware.org\/es\/wp-json\/wp\/v2\/users\/1"}],"replies":[{"embeddable":true,"href":"https:\/\/stopstalkerware.org\/es\/wp-json\/wp\/v2\/comments?post=15"}],"version-history":[{"count":24,"href":"https:\/\/stopstalkerware.org\/es\/wp-json\/wp\/v2\/pages\/15\/revisions"}],"predecessor-version":[{"id":517,"href":"https:\/\/stopstalkerware.org\/es\/wp-json\/wp\/v2\/pages\/15\/revisions\/517"}],"wp:attachment":[{"href":"https:\/\/stopstalkerware.org\/es\/wp-json\/wp\/v2\/media?parent=15"}],"curies":[{"name":"wp","href":"https:\/\/api.w.org\/{rel}","templated":true}]}}