{"id":148,"date":"2021-03-26T09:34:39","date_gmt":"2021-03-26T09:34:39","guid":{"rendered":"http:\/\/stopstalkerware.org\/es\/?page_id=148"},"modified":"2021-06-07T15:37:51","modified_gmt":"2021-06-07T14:37:51","slug":"informacion-para-los-medios","status":"publish","type":"page","link":"https:\/\/stopstalkerware.org\/es\/informacion-para-los-medios\/","title":{"rendered":"Informaci\u00f3n para los medios"},"content":{"rendered":"\n<h1>Informaci\u00f3n para los medios<\/h1>\n\n\n\n<h3 id=\"definition\"><strong>Definici\u00f3n<\/strong><\/h3>\n\n\n\n<p>La Coalition Against Stalkerware lo define como un software, puesto a disposici\u00f3n directamente de las personas, que permite a un usuario remoto monitorizar las actividades en el dispositivo de otro usuario sin el consentimiento de este \u00faltimo y sin una notificaci\u00f3n expl\u00edcita y continua a dicho usuario, con el fin de facilitar de forma intencionada o no la vigilancia de la pareja \u00edntima, el acoso, el abuso, el acecho o la violencia. Nota: nosotros no consideramos que el usuario del dispositivo haya otorgado su consentimiento cuando las aplicaciones requieren solamente el acceso f\u00edsico al dispositivo, desbloquear el dispositivo o iniciar sesi\u00f3n con el nombre de usuario y la contrase\u00f1a del usuario para instalar la aplicaci\u00f3n.<\/p>\n\n\n\n<p>Algunas personas se refieren al Stalkerware como &#8220;spouseware&#8221; o &#8220;creepware\u2019&#8221; (virus del acosador o software para c\u00f3nyuges, todos ellos aplicaciones de espionaje legal), mientras que el t\u00e9rmino Stalkerware se utiliza tambi\u00e9n de forma coloquial para hacer referencia a cualquier aplicaci\u00f3n o programa que invade o se percibe como que invade la privacidad de una persona; nosotros creemos que una definici\u00f3n concisa y restrictiva es de gran importancia dada la utilizaci\u00f3n del Stalkerware en situaciones de abuso de la pareja \u00edntima.<br><br>Tambi\u00e9n somos conscientes de que hay aplicaciones leg\u00edtimas y otros tipos de tecnolog\u00eda que pueden intervenir en estas situaciones, y de que es frecuente que suceda.<\/p>\n\n\n\n<hr class=\"wp-block-separator has-text-color has-background has-black-background-color has-black-color is-style-wide\" \/>\n\n\n\n<h3 id=\"scale\"><strong>La escala del problema<\/strong><\/h3>\n\n\n\n<h5>La Coalition considera que el stalkerware es un problema cada vez mayor.<\/h5>\n\n\n\n<h5>Las organizaciones sin \u00e1nimo de lucro est\u00e1n experimentando un aumento en el n\u00famero de supervivientes que buscan ayuda con el problema:<\/h5>\n\n\n\n<ul><li>Los hallazgos de la Segunda Encuesta Nacional sobre violencia dom\u00e9stica y abuso tecnol\u00f3gico en <strong>Australia<\/strong> realizada por WESNET con la ayuda de Delanie Woodlock e investigadores de la Universidad Curtin University, muestran que el 99,3 % de los profesionales de asistencia a las v\u00edctimas tienen clientes que sufren abuso facilitado por la tecnolog\u00eda, y que la utilizaci\u00f3n de c\u00e1maras de v\u00eddeo ha aumentado un 183,2 % entre 2015 y 2020.<\/li><li>Seg\u00fan un estudio sobre la violencia cibern\u00e9tica en las relaciones \u00edntimas, conducido por el Centre Hubertine Auclert en <strong>Francia<\/strong>, el 21 % de las v\u00edctimas han experimentado stalkerware en manos de sus parejas abusadoras y el 69 % de las v\u00edctimas han tenido la sensaci\u00f3n de que su pareja hab\u00eda accedido de alguna forma oculta a su informaci\u00f3n personal en su tel\u00e9fono m\u00f3vil.<\/li><li>En <strong>Alemania<\/strong>, durante varios a\u00f1os, los centros de asesoramiento a mujeres y los centros de crisis en caso de violaci\u00f3n (bff) han notado un aumento en el uso de stalkerware en las relaciones de pareja.<\/li><li>En <strong>Estados<\/strong> <strong>Unidos<\/strong>, los casos de acecho y abuso afectan a aproximadamente entre seis y siete millones y medio de persona al a\u00f1o en el pa\u00eds, y una de cada cuatro v\u00edctimas han comunicado sufrir acoso y acecho mediante alg\u00fan tipo de tecnolog\u00eda, seg\u00fan el Stalking Prevention Awareness &amp; Resource Center (SPARC).<\/li><\/ul>\n\n\n\n<h5>Las empresas de ciberseguridad est\u00e1n detectando un aumento consistente en estas aplicaciones da\u00f1inas (seg\u00fan han informado en noviembre de 2020):<\/h5>\n\n\n\n<ul><li>Debido a la expansi\u00f3n del Covid-19 a principios de 2020 y con m\u00e1s y m\u00e1s pa\u00edses llevando a cabo confinamientos para luchar con la pandemia, F-Secure experiment\u00f3 un importante aumento en las detecciones de stalkerware a partir de marzo. Si bien las detecciones disminuyeron a principios de verano, se dispararon de nuevo hacia el final del per\u00edodo vacacional y hemos cuadriplicado los casos de detecci\u00f3n de stalkerware durante los meses de agosto y septiembre en comparaci\u00f3n con los meses anteriores. Cerberus es el stalkerware m\u00e1s detectado, con un 52 por ciento de las detecciones en dispositivos m\u00f3viles \u00fanicos. Publicitado como una aplicaci\u00f3n antirrobo, el stalkerware permite instalar un programa de acecho en un dispositivo Android que no se puede eliminar y que realiza un seguimiento a la ubicaci\u00f3n del dispositivo, toma fotograf\u00edas y capturas de pantalla, as\u00ed como grabaciones de audio.<\/li><li>En 2019, Kaspersky detect\u00f3 un aumento anual del 67 % en la utilizaci\u00f3n de stalkerware en dispositivos m\u00f3viles de sus usuarios a nivel global. El n\u00famero de instalaciones de stalkerware a nivel mundial durante los diez primeros meses de 2020 (entre enero y octubre) supusieron en total m\u00e1s de 48 500, cantidad que se acerca al total (casi 52 000 instalaciones) observado en el mismo per\u00edodo en el a\u00f1o 2019.<\/li><li>Seg\u00fan Malwarebytes, si bien estas aplicaciones siempre han supuesto una importante amenazas para los usuarios, los confinamientos que se han vivido a partir de marzo de 2020 resultaron en un dram\u00e1tico aumento en su utilizaci\u00f3n. Malwarebytes registr\u00f3 un aumento pico desde el 1 de enero al 30 de junio, con un aumento del 780 por ciento en las detecciones de aplicaciones de vigilancia, y un aumento del 1677 por ciento en las detecciones de spyware. Aunque las detecciones se redujeron a partir de julio, los n\u00fameros nunca volvieron a ser los vistos en el mes de enero. Desde el 1 de enero al 31 de octubre, Malwarebytes registr\u00f3 un aumento del 584 por ciento en sus detecciones de aplicaciones de vigilancia, y un 1044 por ciento en las detecciones de spyware. En general esto representa m\u00e1s de 43 000 detecciones de aplicaciones de vigilancia en los diez primeros meses de 2020.<\/li><li>Adem\u00e1s, una reciente encuesta realizada en el Reino Unido por Certo Software ha mostrado que solamente el 31 % de las personas vigiladas eran conscientes de que espitar el tel\u00e9fono de otra persona es algo ilegal.<\/li><\/ul>\n\n\n\n<h5>A las organizaciones sin fines de lucro les preocupa la tendencia:<\/h5>\n\n\n\n<ul><li>Cl\u00e9mence Pajot, Director, <strong>Centre Hubertine Auclert<\/strong> (Francia): &#8220;El stalkerware es una fuente importante de peligro y sufrimiento para las v\u00edctimas. La Coalici\u00f3n es una gran oportunidad para aunar la experiencia del sector de seguridad de TI y las ONG especializadas en la violencia contra mujeres. Esta sinerg\u00eda a nivel internacional ser\u00e1 muy fruct\u00edfera a la hora de desarrollar las mejores soluciones posibles para proteger a las v\u00edctimas&#8221;.<\/li><li>Eva Galperin, directora de ciberseguridad, <strong>Electronic Frontier Foundation<\/strong> (EE. UU): &#8220;Si algo he aprendido es que los datos se fugan. Son como el agua. Llegan a lugares a los que no quieres que lleguen. Tus familiares y amigos proporcionan informaci\u00f3n sobre ti. Vas a una fiesta, y alguien te etiqueta para mostrar que estuviste all\u00ed. Y esta es una de las formas mediante las cuales los abusadores recopilan informaci\u00f3n sobre ti que de otra forma no podr\u00edan saber&#8221;<\/li><li>Alessandra Pauncz, directora ejecutiva <strong>European Network for the Work with Perpetrators of Domestic Violence (WWP EN)<\/strong>: &#8220;Los efectos de la violencia cibern\u00e9tica sobre mujeres y j\u00f3venes son devastadoras, agotadoras e interminables, debido a que forman parte de un contin\u00fao de violencia (tanto en l\u00ednea como fuera) que les priva de su libertad. Tenemos que detener esto. Y necesitamos quitar estas mortales armas de las manos de los abusadores. \u00a1Necesitamos empezar a ver el stalkerware como un arma y acabar con \u00e9l!&#8221;<\/li><li>Kim Tipsord, director ejecutivo, <strong>Illinois Stalking Advocacy Center<\/strong> (EE. UU.): &#8220;El acoso es impredecible y puede ser peligroso, y es por ello que es imperativo para los defensores de las v\u00edctimas que les ayuden a crear un plan de seguridad especial. La utilizaci\u00f3n del stalkerware en casos de abuso suele complicar los esfuerzos de realizar un plan de seguridad con las v\u00edctimas, dado que suele ser indetectable e, incluso cuando se sospecha, se disponen de recursos limitados disponibles para eliminarlo y evitar que se vuelva a instalar de nuevo. Colaborar con Coalition Against Stalkerware es un primer paso importante para conectar a los defensores de estas personas con profesionales de seguridad de TI de forma que podamos trabajar juntos para luchar contra este creciente problema&#8221;.<\/li><li>Deborah J. Vagins, presidenta y directora ejecutiva, <strong>National Network to End Domestic Violence (NNEDV)<\/strong> (USA): \u201cEn National Network to End Domestic Violence (NNEDV) estamos encantados con nuestra asociaci\u00f3n con la Coalition Against Stalkerware. A trav\u00e9s de nuestro proyecto Safety Net Project hemos descubierto que muchas v\u00edctimas de violencia dom\u00e9stica experimentan espionaje, acoso, acecho, vigilancia y fraude por parte de parejas que utilizan stalkerware como herramienta de abuso, algo que puede tener un efecto muy duradero en la seguridad y protecci\u00f3n de los supervivientes. Como uno de los miembros fundadores de la Coalici\u00f3n, reafirmamos nuestro compromiso con comprender y abordar esta t\u00e1ctica de abuso y de lograr que todo el mundo, incluidos los supervivientes, puedan utilizar la tecnolog\u00eda sin tener miedo de sufrir violencia&#8221;.<\/li><li>Horst Hinger, subdirector gerente <strong>WEISSER RING<\/strong> (Alemania): &#8220;Como organizaci\u00f3n de apoyo a las v\u00edctimas, sabemos que muchas personas sufren de acoso cibern\u00e9tico. Las personas afectadas raramente buscan ayuda, porque se sienten avergonzadas y se culpan a s\u00ed mismas. Las v\u00edctimas de stalkerware sufren especialmente por las enormes oportunidades digitales que hay disponibles hoy en d\u00eda para los abusadores. No existe apenas refugio para las v\u00edctimas cuando los abusadores se han hecho con sus vidas digitales. Esto no solo limita su calidad de vida, sino que adem\u00e1s crea una sensaci\u00f3n de impotencia y la sensaci\u00f3n de estar completamente a merced de otra persona. Incluso si el acoso no deja marcas visibles, las v\u00edctimas suelen sufrir fuertes s\u00edntomas de estr\u00e9s psicol\u00f3gico, nosotros ayudamos a este tipo de supervivientes en nuestra organizaci\u00f3n. Seg\u00fan las estad\u00edsticas de crimen de la polic\u00eda, se produjeron casi 19 000 casos de acoso en Alemania en 2018, 500 m\u00e1s que el a\u00f1o anterior. Este es el motivo por el cual hemos desarrollado la aplicaci\u00f3n NO STALK junto con WEISSER RING Stiftung, para ofrecer a las v\u00edctimas una herramienta efectiva para documentar el acoso. Para nosotros, en WEISSER RING, es muy importante ofrecer apoyo a quienes sufren acoso. Lo hacemos mediante la aplicaci\u00f3n para denunciar las acciones, pero principalmente mediante conversaciones personales y apoyo, por ejemplo, acompa\u00f1\u00e1ndoles a la polic\u00eda a denunciar. WEISSER RING tiene capacidad para ayudar a m\u00e1s de 700 v\u00edctimas de acoso al a\u00f1o. Nuestro compromiso c\u00edvico ayuda a las personas a rehacer sus vidas tras haber sido victimizadas.\u201d<\/li><\/ul>\n\n\n\n<h5><strong>El stalkerware como fen\u00f3meno de g\u00e9nero<\/strong><\/h5>\n\n\n\n<ul><li>Seg\u00fan el informe de investigaci\u00f3n del Instituto Europeo de la Igualdad de G\u00e9nero \u201cLa ciberviolencia contra mujeres y ni\u00f1as\u201d, de 2017: \u201c7 de cada 10 mujeres (70&nbsp;%) que han sufrido acecho cibern\u00e9tico, tambi\u00e9n han sufrido al menos una forma de violencia f\u00edsica o sexual por parte de su pareja \u00edntima\u201d. Esto pone de relieve una tendencia alarmante de violencia de g\u00e9nero que contin\u00faa en el abuso con ayuda de la tecnolog\u00eda y en l\u00ednea.<\/li><li>Si bien se necesita m\u00e1s investigaci\u00f3n sobre la naturaleza de g\u00e9nero del uso de los programas de&nbsp;<em>stalkerware<\/em>, los datos disponibles ofrecen una imagen clara de que las principales v\u00edctimas de los abusos con ayuda de la tecnolog\u00eda son las mujeres, mientras que los que recurren a la violencia son en su mayor\u00eda hombres.<\/li><li>La relaci\u00f3n entre la violencia en las relaciones \u00edntimas de pareja, el g\u00e9nero y el abuso con ayuda de la tecnolog\u00eda, como el uso de&nbsp;<em>stalkerware<\/em>, debe tener un claro eco en las pol\u00edticas, la prevenci\u00f3n y el trabajo con los perpetradores, el apoyo a las v\u00edctimas, as\u00ed como en las campa\u00f1as de concientizaci\u00f3n, las capacitaciones y la investigaci\u00f3n.<\/li><\/ul>\n\n\n\n<hr class=\"wp-block-separator has-text-color has-background has-black-background-color has-black-color is-style-wide\" \/>\n\n\n\n<h3 class=\"escribir-acerca\" id=\"writing-about\"><strong>Escribir acerca del Stalkerware<\/strong><\/h3>\n\n\n\n<p>La utilizaci\u00f3n de aplicaciones de Stalkerware es una forma de abuso (algunos prefieren denominarlo violencia de pareja \u00edntima) que puede sufrir un\/una superviviente, y puede ser uno de los m\u00e1s utilizados. A la hora de ofrecer consejos y estrategias a las v\u00edctimas y supervivientes de Stalkerware o al hablar o escribir sobre el tema en p\u00fablico, es fundamental tener una comprensi\u00f3n b\u00e1sica del abuso dom\u00e9stico, ya que las intervenciones bien intencionadas pero mal informadas pueden poner en peligro la seguridad de las v\u00edctimas. Un buen lugar en el que obtener informaci\u00f3n al respecto es el sitio web de <a href=\"https:\/\/nnedv.org\/about-dv\/what-is-dv\/\" target=\"_blank\" rel=\"noreferrer noopener\">NNEDV<\/a> (en ingl\u00e9s) o en los sitios web de organizaciones similares en otros pa\u00edses. A continuaci\u00f3n podr\u00e1 ver algunas de las consideraciones de seguridad m\u00e1s importantes que deben tenerse en cuenta al comunicarse con las v\u00edctimas de Stalkerware.<\/p>\n\n\n\n<p>La violencia de pareja \u00edntima tiene sus ra\u00edces en el poder y el control, algo que va mucho m\u00e1s all\u00e1 de los celos. Los\/las supervivientes de abuso a menudo sienten que no tienen muchas opciones para irse, buscar ayuda o saber qu\u00e9 hacer, debido al control que el\/la abusador\/a a suele ejercer sobre las v\u00edctimas. Esto incluye dejar la relaci\u00f3n (o cortar los lazos con una ex pareja abusiva) pero tambi\u00e9n tomar el control total de sus dispositivos personales. A menudo, dejar una relaci\u00f3n abusiva o intentar recuperar el control puede ser el momento m\u00e1s peligroso para un\/una superviviente y, a menudo puede conducir a que se produzca violencia o a una escalada de la misma.<br>Con frecuencia, los\/las supervivientes no solo comparten una relaci\u00f3n sino tambi\u00e9n el acceso a sus dispositivos con su pareja, especialmente si tienen cuentas compartidas. Si bien puede ser una buena pr\u00e1ctica no compartir el c\u00f3digo pin de un dispositivo con nadie, para muchos\/as supervivientes no es seguro negarse a compartir sus c\u00f3digos.<\/p>\n\n\n\n<p>Los programas de seguridad, como los antivirus, pueden desempe\u00f1ar un papel importante para que el usuario o usuaria sea consciente de la presencia de aplicaciones de Stalkerware en su dispositivo pero, para muchas v\u00edctimas, la eliminaci\u00f3n de este tipo de programas puede resultar peligroso, ya que los\/las abusadores pueden estar vigil\u00e1ndoles y el abuso podr\u00eda intensificarse. En muchas ocasiones es complicado detectar la presencia de aplicaciones de Stalkerware y sugerir un bloqueo de seguridad puede no ser una soluci\u00f3n f\u00e1cil para un problema tan complicado. Esta sugerencia tambi\u00e9n podr\u00eda dar una falsa sensaci\u00f3n de seguridad.<\/p>\n\n\n\n<p>Por estas razones, es importante recordar que el software de seguridad no puede servir como una &#8220;soluci\u00f3n&#8221; \u00fanica para las personas que creen que tienen una aplicaci\u00f3n de Stalkerware instalada en sus dispositivos.<\/p>\n\n\n\n<p>Si le piden directamente a usted o a su empresa &#8220;consejos&#8221; o &#8220;sugerencias&#8221; al respecto, debe ser sincero\/a: no hay una soluci\u00f3n \u00fanica para este problema cargado de matices. En cambio, si alguien le plantea sus preguntas o desea hablar con un abogado, debe recomendarle que utilice la l\u00ednea telef\u00f3nica gratuita de organizaciones dedicadas a este problema y debe adem\u00e1s recordarle que debe acceder a estos recursos desde un dispositivo seguro.<\/p>\n\n\n\n<p>Tambi\u00e9n es bueno se\u00f1alar que la distinci\u00f3n entre el Stalkerware y otros m\u00e9todos de rastreo de tel\u00e9fonos m\u00f3viles (tales como las cuentas compartidas o las aplicaciones utilizadas para localizar los tel\u00e9fonos) no siempre est\u00e1 clara para los usuarios. Debido a que el\/la acosador\/a suele incluir la posibilidad de rastrear el historial de navegaci\u00f3n y la ubicaci\u00f3n del usuario, instar al usuario o usuaria a que acuda a la polic\u00eda o decirle que visite un sitio web para obtener m\u00e1s informaci\u00f3n, no siempre es una buena idea.<\/p>\n\n\n\n<p>Por \u00faltimo, hay ocasiones en las que el Stalkerware se agrupa con los programas esp\u00eda utilizados por los gobiernos para espiar a personas espec\u00edficas (por ejemplo, el programa esp\u00eda Pegasus de la NSO). Aunque esto es un gran problema en s\u00ed mismo, los m\u00e9todos y t\u00e9cnicas de los que disponen los gobiernos suelen ser considerablemente m\u00e1s sofisticados que los que tienen a su disposici\u00f3n los\/las acosadores\/as que compran aplicaciones de Stalkerware disponibles para su venta. Confluir los dos podr\u00eda hacer que las v\u00edctimas y los\/las supervivientes de Stalkerware se volviesen innecesariamente paranoicos\/as.<\/p>\n","protected":false},"excerpt":{"rendered":"<p>Informaci\u00f3n para los medios Definici\u00f3n La Coalition Against Stalkerware lo define como un software, puesto a disposici\u00f3n directamente de las personas, que permite a un usuario remoto monitorizar las actividades en el dispositivo de otro usuario sin el consentimiento de este \u00faltimo y sin una notificaci\u00f3n expl\u00edcita y continua a dicho usuario, con el fin [&hellip;]<\/p>\n","protected":false},"author":1,"featured_media":0,"parent":0,"menu_order":0,"comment_status":"closed","ping_status":"closed","template":"","meta":[],"_links":{"self":[{"href":"https:\/\/stopstalkerware.org\/es\/wp-json\/wp\/v2\/pages\/148"}],"collection":[{"href":"https:\/\/stopstalkerware.org\/es\/wp-json\/wp\/v2\/pages"}],"about":[{"href":"https:\/\/stopstalkerware.org\/es\/wp-json\/wp\/v2\/types\/page"}],"author":[{"embeddable":true,"href":"https:\/\/stopstalkerware.org\/es\/wp-json\/wp\/v2\/users\/1"}],"replies":[{"embeddable":true,"href":"https:\/\/stopstalkerware.org\/es\/wp-json\/wp\/v2\/comments?post=148"}],"version-history":[{"count":27,"href":"https:\/\/stopstalkerware.org\/es\/wp-json\/wp\/v2\/pages\/148\/revisions"}],"predecessor-version":[{"id":508,"href":"https:\/\/stopstalkerware.org\/es\/wp-json\/wp\/v2\/pages\/148\/revisions\/508"}],"wp:attachment":[{"href":"https:\/\/stopstalkerware.org\/es\/wp-json\/wp\/v2\/media?parent=148"}],"curies":[{"name":"wp","href":"https:\/\/api.w.org\/{rel}","templated":true}]}}