{"id":33,"date":"2021-03-02T17:34:52","date_gmt":"2021-03-02T17:34:52","guid":{"rendered":"http:\/\/stopstalkerware.org\/de\/?page_id=33"},"modified":"2021-04-26T11:51:37","modified_gmt":"2021-04-26T10:51:37","slug":"informationen-fur-technologieunternehmen","status":"publish","type":"page","link":"https:\/\/stopstalkerware.org\/de\/informationen-fur-technologieunternehmen\/","title":{"rendered":"Informationen f\u00fcr Technologieunternehmen"},"content":{"rendered":"\n<h1>Informationen f\u00fcr Technologieunternehmen<\/h1>\n\n\n\n<h3 id=\"was-ist-stalkerware\">Was ist Stalkerware?<\/h3>\n\n\n\n<p>Die Coalition Against Stalkerware definiert Stalkerware als Software, die Personen direkt zur Verf\u00fcgung gestellt wird und Remote-Benutzer in die Lage versetzt, die Aktivit\u00e4ten auf dem Ger\u00e4t eines anderen Benutzers ohne Einwilligung dieses Benutzers und ohne ausdr\u00fcckliche, stete Benachrichtigung dieses Benutzers auf eine Art und Weise zu verfolgen, die eine \u00dcberwachung des Beziehungspartners, Bel\u00e4stigung, Missbrauch, Stalking und\/oder Gewalt beg\u00fcnstigt. Nach Auffassung der Koalition ist es nicht als Einwilligung des Ger\u00e4tebenutzers anzusehen, wenn zur Installation der App lediglich physischer Zugang zum Ger\u00e4t, ein Entsperren des Ger\u00e4ts oder eine Anmeldung mit Benutzername und Kennwort erforderlich sind.<\/p>\n\n\n\n<p>Stalkerware wird auch als &#8220;Spouseware&#8221; oder &#8220;Creepware&#8221; bezeichnet und gelegentlich wird der Begriff umgangssprachlich f\u00fcr jede App oder Software verwendet, von der bekannt ist oder angenommen wird, dass sie die Privatsph\u00e4re des Benutzers verletzt. Angesichts des Einsatzes von Stalkerware bei Missbrauch in Paarbeziehungen sind wir der Meinung, dass eine eindeutige, enge Definition wichtig ist.<\/p>\n\n\n\n<p>Gleichzeitig darf nicht ignoriert werden, dass auch seri\u00f6se Apps und andere Technologien f\u00fcr Missbrauch genutzt werden k\u00f6nnen und oft auch genutzt werden.<\/p>\n\n\n\n<hr class=\"wp-block-separator has-text-color has-background has-black-background-color has-black-color is-style-wide\"\/>\n\n\n\n<h3 id=\"zielsetzung-des-dokuments\">Zielsetzung des Dokuments<\/h3>\n\n\n\n<h5>Hinter diesem Dokument stehen folgende Absichten:<\/h5>\n\n\n\n<ul><li>Wir m\u00f6chten der IT- und Cybersecurity-Community Definitionen von Anwendungsverhalten an die Hand geben, das zur Einstufung als Stalkerware f\u00fchren sollte.<\/li><li>Wir m\u00f6chten Anbietern von Virenschutzprodukten Empfehlungen f\u00fcr den Umgang mit erkannter Stalkerware geben.<\/li><li>Wir m\u00f6chten alle Interessierten \u00fcber das Thema Stalkerware informieren, zum Beispiel Strafverfolgungsbeh\u00f6rden oder Betroffenenverb\u00e4nde.<\/li><\/ul>\n\n\n\n<hr class=\"wp-block-separator has-text-color has-background has-black-background-color has-black-color is-style-wide\"\/>\n\n\n\n<h3 id=\"erkennungskriterien\">Erkennungskriterien<\/h3>\n\n\n\n<h5>Die Coalition Against Stalkerware empfiehlt folgende Kriterien zur Einstufung von Apps als Stalkerware:<\/h5>\n\n\n\n<ul><li>Apps, die als Tool f\u00fcr heimliches Ausspionieren und\/oder \u00dcberwachen beworben werden<\/li><li>Apps, mit denen Ger\u00e4tebenutzer getrackt werden k\u00f6nnen, beispielsweise durch \u00dcberwachung ihres Verhaltens, Mitverfolgung und\/oder Aufzeichnung ihrer Aktivit\u00e4ten und\/oder Remote-Steuerung ihrer Ger\u00e4te ohne ihre stete Einwilligung und\/oder ohne ihr Wissen<\/li><li>Apps, die ohne stete Einwilligung und\/oder ohne Wissen der Ger\u00e4tebenutzer deren vertrauliche Daten erfassen und extrahieren k\u00f6nnen (z.&nbsp;B. Standortdaten, Kontakte, Anruf-\/SMS-Protokolle, Passw\u00f6rter, Browserverlauf usw.)<\/li><li>Apps, mit denen Benutzer ohne Einwilligung ausspioniert und \u00fcberwacht werden k\u00f6nnen (z.&nbsp;B. Apps, die sich unbemerkt installieren, sich nur schwer deinstallieren lassen, besondere Berechtigungen erfordern, ihre Aktivit\u00e4ten verbergen und\/oder nach der Installation auf dem Ger\u00e4t andere, zuf\u00e4llig gew\u00e4hlte oder auch gar keine Namen und Beschreibungen verwenden)<\/li><\/ul>\n\n\n\n<hr class=\"wp-block-separator has-text-color has-background has-black-background-color has-black-color is-style-wide\"\/>\n\n\n\n<h3 id=\"vorgehensweise-bei-erkennung\">Vorgehensweise bei Erkennung von Stalkerware<\/h3>\n\n\n\n<p>Stalkerware wird in den unterschiedlichsten Situationen eingesetzt und ihr Vorhandensein kann ein Hinweis auf eine missbr\u00e4uchliche Beziehung sein. Es ist wichtig, dass Ger\u00e4tebesitzer selbst entscheiden k\u00f6nnen, ob die Stalkerware entfernt werden soll&nbsp;\u2013 die Person, die sie installiert hat, wird die Deinstallation in der Regel bemerken. Deswegen richtet die Coalition Against Stalkerware folgende dringende Empfehlungen an die Anbieter von Sicherheitsl\u00f6sungen:<\/p>\n\n\n\n<h5>Wenn eine Sicherheits-App Stalkerware zum Zeitpunkt der Installation erkennt:<\/h5>\n\n\n\n<ul><li>Die Stalkerware darf zu keiner Unbedenklichkeitsliste hinzugef\u00fcgt werden.<\/li><li>Der Benutzer muss auf separatem Weg (z.&nbsp;B. per E-Mail) \u00fcber die Installation der Stalkerware informiert werden.<\/li><\/ul>\n\n\n\n<h5>Wenn eine Sicherheits-App Stalkerware nach der Installation auf einem aktiv genutzten Ger\u00e4t erkennt:<\/h5>\n\n\n\n<ul><li>Der Benutzer muss unmissverst\u00e4ndlich dar\u00fcber informiert werden, dass es sich bei der Bedrohung nicht um gew\u00f6hnliche Malware oder sonstige unerw\u00fcnschte Software handelt.<\/li><li>Der Benutzer muss selbst entscheiden k\u00f6nnen, ob die Stalkerware entfernt wird.<\/li><\/ul>\n","protected":false},"excerpt":{"rendered":"<p>Informationen f\u00fcr Technologieunternehmen Was ist Stalkerware? Die Coalition Against Stalkerware definiert Stalkerware als Software, die Personen direkt zur Verf\u00fcgung gestellt wird und Remote-Benutzer in die Lage versetzt, die Aktivit\u00e4ten auf dem Ger\u00e4t eines anderen Benutzers ohne Einwilligung dieses Benutzers und ohne ausdr\u00fcckliche, stete Benachrichtigung dieses Benutzers auf eine Art und Weise zu verfolgen, die eine [&hellip;]<\/p>\n","protected":false},"author":1,"featured_media":0,"parent":0,"menu_order":0,"comment_status":"closed","ping_status":"closed","template":"","meta":[],"_links":{"self":[{"href":"https:\/\/stopstalkerware.org\/de\/wp-json\/wp\/v2\/pages\/33"}],"collection":[{"href":"https:\/\/stopstalkerware.org\/de\/wp-json\/wp\/v2\/pages"}],"about":[{"href":"https:\/\/stopstalkerware.org\/de\/wp-json\/wp\/v2\/types\/page"}],"author":[{"embeddable":true,"href":"https:\/\/stopstalkerware.org\/de\/wp-json\/wp\/v2\/users\/1"}],"replies":[{"embeddable":true,"href":"https:\/\/stopstalkerware.org\/de\/wp-json\/wp\/v2\/comments?post=33"}],"version-history":[{"count":27,"href":"https:\/\/stopstalkerware.org\/de\/wp-json\/wp\/v2\/pages\/33\/revisions"}],"predecessor-version":[{"id":467,"href":"https:\/\/stopstalkerware.org\/de\/wp-json\/wp\/v2\/pages\/33\/revisions\/467"}],"wp:attachment":[{"href":"https:\/\/stopstalkerware.org\/de\/wp-json\/wp\/v2\/media?parent=33"}],"curies":[{"name":"wp","href":"https:\/\/api.w.org\/{rel}","templated":true}]}}