{"id":294,"date":"2021-04-15T16:26:20","date_gmt":"2021-04-15T15:26:20","guid":{"rendered":"http:\/\/stopstalkerware.org\/de\/?page_id=294"},"modified":"2021-04-27T12:34:41","modified_gmt":"2021-04-27T11:34:41","slug":"ressourcen","status":"publish","type":"page","link":"https:\/\/stopstalkerware.org\/de\/ressourcen\/","title":{"rendered":"Ressourcen"},"content":{"rendered":"\n<h1 id=\"finden-sie-direkte\">Finden Sie direkte Unterst\u00fctzung, wenn Sie Stalking bemerken oder vermuten<\/h1>\n\n\n\n<p>Wenn Sie oder Ihre Bekannten sich Sorgen \u00fcber m\u00f6gliche Spionage, \u00dcberwachung oder Stalking machen, sollten Sie Ihrem Instinkt vertrauen und sich informieren, wie Sie sich mit Ihren lokalen Hilfsangeboten und Optionen sch\u00fctzen k\u00f6nnen. Bitte beachten Sie, dass die Person, die Sie m\u00f6glicherweise \u00fcberwacht, auch Ihre Suche nach Hilfe beobachten kann. Verwenden Sie deshalb ein anderes Ger\u00e4t, zu der diese Person keinen physischen Zugang hat, wenn Sie sich nach Informationen erkundigen oder um Unterst\u00fctzung bitten. Wenden Sie sich an die \u00f6rtlichen Beh\u00f6rden, wenn Sie unmittelbar gef\u00e4hrdet sind.<\/p>\n\n\n<div id=\"expanding-panels-block_60785db05dc51\" class=\"expanding-panels\">\n    <div class='expanding-panel'><div id='expandtr-1' class='expander-heading active'><h4>Australien<\/h4><div class='icon-wrap'><span class='inner'><span class='line line-horizontal'><\/span><span class='line line-vertical'><\/span><\/span><\/div><\/div><div id='expandta-1' class='expanding-content active'><div class='inner copycol'><p><a href=\"https:\/\/techsafety.org.au\/\"><strong>Technology Safety Australia<\/strong><\/a><\/p>\n<p>Auf dieser Website, die vom \u201eSafety Net Australia\u201c-Team von WESNET verwaltet wird, werden Themen wie Technologie, Privatsph\u00e4re und Sicherheit im Zusammenhang mit Gewalt in der Partnerschaft, sexuellen \u00dcbergriffen und Gewalt gegen Frauen diskutiert.<\/p>\n<p><a href=\"https:\/\/wesnet.org.au\/\"><b>WESNET<\/b><\/a><\/p>\n<p>Women&#8217;s Services Network: Nationale Dachorganisation f\u00fcr professionelle Beratungsstellen, die auf h\u00e4usliche und interfamili\u00e4re Gewalt gegen Frauen spezialisiert sind<\/p>\n<\/div><\/div><\/div><div class='expanding-panel'><div id='expandtr-2' class='expander-heading '><h4>\u00d6sterreich<\/h4><div class='icon-wrap'><span class='inner'><span class='line line-horizontal'><\/span><span class='line line-vertical'><\/span><\/span><\/div><\/div><div id='expandta-2' class='expanding-content '><div class='inner copycol'><div id=\"elementor-tab-content-8916\" class=\"elementor-tab-content elementor-clearfix elementor-active\" role=\"tabpanel\" data-tab=\"6\" aria-labelledby=\"elementor-tab-title-8916\">\n<p><a href=\"http:\/\/www.frauenhaeuser-zoef.at\/\"><strong>Z\u00d6F \u2013 Zusammenschluss \u00d6sterreichischer Frauenh\u00e4user<\/strong><\/a><\/p>\n<p>Die im Verein Z\u00d6F assoziierten Frauenh\u00e4user bieten Frauen, die von ihrem (Ex-) Partner misshandelt oder bedroht werden, umfassende Unterst\u00fctzung. Speziell zum Thema Cybergewalt durch einen aktuellen oder ehemaligen Partner bieten erfahrene Expertinnen psychosoziale, rechtliche und praktische Hilfestellung. Wir bieten je nach Bedarf und Situation Schutz, Beratung und vor\u00fcbergehende Wohnm\u00f6glichkeit.<\/p>\n<\/div>\n<\/div><\/div><\/div><div class='expanding-panel'><div id='expandtr-3' class='expander-heading '><h4>Frankreich<\/h4><div class='icon-wrap'><span class='inner'><span class='line line-horizontal'><\/span><span class='line line-vertical'><\/span><\/span><\/div><\/div><div id='expandta-3' class='expanding-content '><div class='inner copycol'><div id=\"elementor-tab-content-8912\" class=\"elementor-tab-content elementor-clearfix elementor-active\" role=\"tabpanel\" data-tab=\"2\" aria-labelledby=\"elementor-tab-title-8912\">\n<ul>\n<li><u>Spezielle Beratung im Falle von digitaler Gewalt in der Partnerschaft:<\/u>\n<p>Der Chatraum <strong>\u201e<a href=\"https:\/\/commentonsaime.fr\/j-ai-besoin-d-aide\/le-tchat\/\">En avant toute(s)<\/a>\u201c<\/strong>: kostenlos und anonym, wo dir zugeh\u00f6rt wird, du beraten wirst und dir Hilfe bekommst. Um zum Chat zu gelangen, gehst du einfach auf die Website <a href=\"http:\/\/www.commentonsaime.fr\">www.commentonsaime.fr<\/a> und klick auf die Registerkarte \u201d Je discute avec une professionnelle\u201d.<\/p>\n<p><strong>Die Hilfsangebotseits des Centre Hubertine Auclert<\/strong>: Weitere Informationen zu digitaler Gewalt in der Partnerschaft sowie sexistischer und sexueller Cybergewalt, deinen Rechten und Strafen sowie Verfahren findest du auf der speziellen Hilfsangebotseite <a href=\"https:\/\/www.stop-cybersexisme.com\/\">https:\/\/www.stop-cybersexisme.com\/<\/a><\/li>\n<li><u>Allgemeine Unterst\u00fctzung im Falle von h\u00e4uslicher Gewalt:\n<p><\/u><a href=\"http:\/\/www.solidaritefemmes.org\/appeler-le-3919\"><strong>3919<\/strong><\/a> \u201cViolences Femmes Information\u201d: nationales, anonymes und kostenloses Hilfetelefon f\u00fcr Opfer und ihre Angeh\u00f6rigen, erstellt und verwaltet von der F\u00e9d\u00e9ration Nationale Solidarit\u00e9 Femmes.Die <strong><a href=\"http:\/\/www.solidaritefemmes.org\/\">F\u00e9d\u00e9ration Nationale Solidarit\u00e9 Femmes<\/a> (FNSF)<\/strong> ist ein Netzwerk spezialisierter lokaler Verb\u00e4nde, die Frauen, die Opfer h\u00e4uslicher Gewalt sind, multiprofessionelle Unterst\u00fctzung und Unterkunft bieten. Finden Sie <a href=\"http:\/\/www.solidaritefemmes.org\/nous-trouver\">hier<\/a> einen Verein in Ihrer N\u00e4he.<\/p>\n<p>Die <strong><a href=\"http:\/\/www.infofemmes.com\/\">Informationszentren f\u00fcr die Rechte von Frauen und Familien<\/a> (CIDFF)<\/strong> sind ein Zusammenschluss spezialisierter lokaler Verb\u00e4nde, die Opfern h\u00e4uslicher Gewalt rechtliche Informationen sowie soziale und psychologische Unterst\u00fctzung bieten. <a href=\"http:\/\/www.infofemmes.com\/v2\/p\/Contact\/Coordonnees-de-votre-CIDFF\/73\">Finden Sie einen Verein in Ihrer N\u00e4he.<\/a><\/p>\n<p><strong>Arr\u00eatons les Violences (Stoppen wir die Gewalt)<\/strong>: Die Website der franz\u00f6sischen Regierung f\u00fcr weibliche Opfer von Gewalt, bietet Informationen zu Rechten, Verfahren sowie Unterst\u00fctzungs- und Unterbringungssystemen in Frankreich: <a href=\"https:\/\/www.stop-violences-femmes.gouv.fr\/\">https:\/\/www.stop-violences-femmes.gouv.fr\/<\/a><\/li>\n<\/ul>\n<\/div>\n<\/div><\/div><\/div><div class='expanding-panel'><div id='expandtr-4' class='expander-heading '><h4>Deutschland<\/h4><div class='icon-wrap'><span class='inner'><span class='line line-horizontal'><\/span><span class='line line-vertical'><\/span><\/span><\/div><\/div><div id='expandta-4' class='expanding-content '><div class='inner copycol'><ol>\n<li><strong><a href=\"https:\/\/weisser-ring.de\/\">WEISSER RING<\/a><br \/>\n<\/strong><strong><br \/>\nWEISSER RING Hilfetelefon: +49-116-006<br \/>\n<\/strong>Die kostenfreie <strong><a href=\"https:\/\/nostalk.de\/\">NO STALK<\/a><\/strong> App des WEISSEN RINGS unterst\u00fctzt Sie dabei, aktiv und selbstbestimmt gegen Stalking vorzugehen. Die App hilft Ihnen, diese Aktivit\u00e4ten mit dem Handy zu dokumentieren, um damit juristisch erfolgreich gegen den Stalker vorgehen zu k\u00f6nnen. <strong>Es ist wichtig, dass Sie diese App nicht auf Handys o.\u00e4. nutzen, von denen Sie glauben, dass Sie \u00fcberwacht werden.<\/strong><\/li>\n<li>WEISSER RING ist die einzige bundesweit agierende Hilfsorganisation in Deutschland. Unsere Helfenden arbeiten gem\u00e4\u00df professionellen Standards. Die Hilfsberatung vom WEISSEN RING basiert auf kostenfreien Unterst\u00fctzungsangeboten f\u00fcr Opfer von Gewalt. Die Helfenden bieten eins-zu-eins Beratung auf freiwilliger und professioneller Basis an. Wir sind unabh\u00e4ngig von staatlicher F\u00f6rderung und bieten an mehr als 390 Stellen bundesweit Hilfe vor Ort an.<\/li>\n<li><a href=\"https:\/\/www.frauen-gegen-gewalt.de\/de\/hilfe-beratung.html\"><strong>bff Bundesverband Frauenberatungsstellen und Frauennotrufe\u00a0<\/strong><\/a><br \/>\nDer bff ist der Bundesverband der Frauenberatungsstellen und Frauennotrufe in Deutschland. Im bff sind rund 190 Frauennotrufe und Frauenberatungsstellen zusammengeschlossen. Sie leisten in Deutschland den haupts\u00e4chlichen Anteil der ambulanten Beratung und Hilfestellung f\u00fcr weibliche Opfer von Gewalt.<\/li>\n<li><a href=\"https:\/\/www.frauen-gegen-gewalt.de\/de\/hilfe-beratung.html\">Hier<\/a> k\u00f6nnen Sie eine Hilfsorganisationen in Ihrer N\u00e4he finden, indem Sie Ihre PLZ oder Ort eingeben<\/li>\n<li><strong><a href=\"https:\/\/www.anti-stalking-projekt.de\/\">Das Anti-Stalking-Projekt des FRIEDA-Frauenzentrum e.V.<\/a> <\/strong>ber\u00e4t und unterst\u00fctzt Frauen* in Berlin, die von Stalking und\/oder Cyberstalking betroffen sind. Das Beratungsangebot richtet sich ebenso an Angeh\u00f6rige oder Freund*innen. T\u00e4ter*innen werden nicht beraten.<br \/>\nAu\u00dferdem veranstaltet das Anti-Stalking-Projekt regelm\u00e4\u00dfig Themenabende rund um M\u00f6glichkeiten etwas gegen Stalking und Cyberstalking zu unternehmen.<\/li>\n<li>Weiterf\u00fchrende Informationen finden Sie hier: <a href=\"https:\/\/www.anti-stalking-projekt.de\/\">https:\/\/www.anti-stalking-projekt.de<\/a><\/li>\n<\/ol>\n<\/div><\/div><\/div><div class='expanding-panel'><div id='expandtr-5' class='expander-heading '><h4>Italien<\/h4><div class='icon-wrap'><span class='inner'><span class='line line-horizontal'><\/span><span class='line line-vertical'><\/span><\/span><\/div><\/div><div id='expandta-5' class='expanding-content '><div class='inner copycol'><div id=\"elementor-tab-content-8914\" class=\"elementor-tab-content elementor-clearfix elementor-active\" role=\"tabpanel\" data-tab=\"4\" aria-labelledby=\"elementor-tab-title-8914\">\n<p><a href=\"https:\/\/www.direcontrolaviolenza.it\/i-centri-antiviolenza\/\"><strong>Donne in Rete contro la violenza<\/strong><\/a> (D.i.Re. \u201cFrauen im Netz gegen Gewalt\u201d)<\/p>\n<p>Unter diesem Link findest du<strong> <a href=\"https:\/\/www.direcontrolaviolenza.it\/d-i-re-tutti-i-numeri-telefonici-dei-centri-antiviolenza\/\">alle Telefonnummern der Anti-Gewalt-Zentren D.i.Re<\/a><\/strong>, Stadt f\u00fcr Stadt, in alphabetischer Reihenfolge.<\/p>\n<p>Die<a href=\"https:\/\/www.direcontrolaviolenza.it\/i-centri-antiviolenza\/\"><strong> Anti-Gewalt-Zentren<\/strong><\/a> bieten <strong>psychologische Beratung, Rechtsberatung, Selbsthilfegruppen, Schulung, F\u00f6rderung, Sensibilisierung und Pr\u00e4vention, Datenerfassung und -verarbeitung, Orientierung und Begleitung bei der Arbeit, Sammlung von bibliografischem und dokumentarischem Material zu den Themen Gewalt an.<\/strong> Die <strong>Schutzh\u00e4user,<\/strong> oft mit einer geheimen Adresse, beherbergen Frauen und ihre minderj\u00e4hrigen Kinder f\u00fcr einen Notfall.<\/p>\n<\/div>\n<\/div><\/div><\/div><div class='expanding-panel'><div id='expandtr-6' class='expander-heading '><h4>Malaysia<\/h4><div class='icon-wrap'><span class='inner'><span class='line line-horizontal'><\/span><span class='line line-vertical'><\/span><\/span><\/div><\/div><div id='expandta-6' class='expanding-content '><div class='inner copycol'><div id=\"elementor-tab-content-8915\" class=\"elementor-tab-content elementor-clearfix elementor-active\" role=\"tabpanel\" data-tab=\"5\" aria-labelledby=\"elementor-tab-title-8915\">\n<p><strong><a href=\"https:\/\/www.awam.org.my\/\">All Women\u2019s Action Society<\/a><\/strong><\/p>\n<p><strong><span data-sheets-value=\"{&quot;1&quot;:2,&quot;2&quot;:&quot;Hilfstelefone&quot;}\" data-sheets-userformat=\"{&quot;2&quot;:515,&quot;3&quot;:{&quot;1&quot;:0},&quot;4&quot;:{&quot;1&quot;:2,&quot;2&quot;:65280},&quot;12&quot;:0}\">Hilfstelefone<\/span>: <\/strong><\/p>\n<p><strong>+60-016-228-4221\u00a0<\/strong><\/p>\n<p><strong>+60 016 237 4221<\/strong><\/p>\n<\/div>\n<\/div><\/div><\/div><div class='expanding-panel'><div id='expandtr-7' class='expander-heading '><h4>Russland<\/h4><div class='icon-wrap'><span class='inner'><span class='line line-horizontal'><\/span><span class='line line-vertical'><\/span><\/span><\/div><\/div><div id='expandta-7' class='expanding-content '><div class='inner copycol'><div id=\"elementor-tab-content-8917\" class=\"elementor-tab-content elementor-clearfix elementor-active\" role=\"tabpanel\" data-tab=\"7\" aria-labelledby=\"elementor-tab-title-8917\">\n<ol>\n<li><strong><a href=\"http:\/\/wcons.net\/en\/\">\u041a\u043e\u043d\u0441\u043e\u0440\u0446\u0438\u0443\u043c \u0416\u0435\u043d\u0441\u043a\u0438\u0445 \u041d\u0435\u043f\u0440\u0430\u0432\u0438\u0442\u0435\u043b\u044c\u0441\u0442\u0432\u0435\u043d\u043d\u044b\u0445 \u041e\u0431\u044a\u0435\u0434\u0438\u043d\u0435\u043d\u0438\u0439 (<span data-sheets-value=\"{\" data-sheets-userformat=\"{\">Women\u2019s Non-governmental Communities Consortium<\/span>)<\/a><\/strong><strong>Kontaktformular: <a href=\"http:\/\/wcons.net\/uridicheskaya-pomochs\/#section1\">http:\/\/wcons.net\/uridicheskaya-pomochs\/#section1<\/a><\/strong><\/li>\n<li><span data-sheets-value=\"{\" data-sheets-userformat=\"{\"><a href=\"http:\/\/www.anna-center.ru\/index.php\/ru\/\"><strong>\u0426\u0435\u043d\u0442\u0440 \u043f\u0440\u043e\u0442\u0438\u0432 \u043d\u0430\u0441\u0438\u043b\u0438\u044f \u0432 \u043e\u0442\u043d\u043e\u0448\u0435\u043d\u0438\u0438 \u0436\u0435\u043d\u0449\u0438\u043d \u00ab\u0410\u043d\u043d\u0430\u00bb\u00a0<\/strong><\/a><\/span><strong>Allrussische Hotline f\u00fcr Frauen, die von h\u00e4uslicher Gewalt betroffen sind: <span data-sheets-value=\"{\" data-sheets-userformat=\"{\">+7-800-7000-600<\/span><\/strong><\/li>\n<li><a href=\"https:\/\/nasiliu.net\/\"><strong>\u041d\u0430\u0441\u0438\u043b\u0438\u044e.\u041d\u0435\u0442<\/strong><\/a><\/li>\n<\/ol>\n<\/div>\n<\/div><\/div><\/div><div class='expanding-panel'><div id='expandtr-8' class='expander-heading '><h4>Schweiz<\/h4><div class='icon-wrap'><span class='inner'><span class='line line-horizontal'><\/span><span class='line line-vertical'><\/span><\/span><\/div><\/div><div id='expandta-8' class='expanding-content '><div class='inner copycol'><div id=\"elementor-tab-content-8918\" class=\"elementor-tab-content elementor-clearfix elementor-active\" role=\"tabpanel\" data-tab=\"8\" aria-labelledby=\"elementor-tab-title-8918\">\n<p><a href=\"https:\/\/www.opferhilfe-schweiz.ch\/de\/\"><strong>Opferhilfe Schweiz<\/strong><\/a><\/p>\n<p>In der ganzen Schweiz gibt es Beratungsstellen der Opferhilfe. Diese informieren Sie \u00fcber Ihre Rechte, unterst\u00fctzen Sie bei der Verarbeitung des Geschehenen und vermitteln Ihnen weitere Hilfe. Sie k\u00f6nnen die Beratungsstelle frei w\u00e4hlen. D. h. Sie k\u00f6nnen auch zu einer Beratungsstelle in einem anderen Kanton gehen. Wir beraten Sie kostenlos, vertraulich und anonym \u2013 in der ganzen Schweiz. Liste aller Beratungsstellen der Schweiz <a href=\"https:\/\/www.opferhilfe-schweiz.ch\/de\/wo-finde-ich-hilfe\/\">https:\/\/www.opferhilfe-schweiz.ch\/de\/wo-finde-ich-hilfe\/<\/a><\/p>\n<\/div>\n<\/div><\/div><\/div><div class='expanding-panel'><div id='expandtr-9' class='expander-heading '><h4>Taiwan<\/h4><div class='icon-wrap'><span class='inner'><span class='line line-horizontal'><\/span><span class='line line-vertical'><\/span><\/span><\/div><\/div><div id='expandta-9' class='expanding-content '><div class='inner copycol'><p><a href=\"https:\/\/www.goh.org.tw\/en\/\"><strong>The Garden of Hope Foundation<\/strong><\/a><\/p>\n<p><strong><span data-sheets-value=\"{&quot;1&quot;:2,&quot;2&quot;:&quot;Hilfstelefone&quot;}\" data-sheets-userformat=\"{&quot;2&quot;:515,&quot;3&quot;:{&quot;1&quot;:0},&quot;4&quot;:{&quot;1&quot;:2,&quot;2&quot;:65280},&quot;12&quot;:0}\">Hilfstelefone<\/span>: <\/strong><span data-sheets-value=\"{\" data-sheets-userformat=\"{\"><strong>+886-2-8911-5595<\/strong><\/span><\/p>\n<\/div><\/div><\/div><div class='expanding-panel'><div id='expandtr-10' class='expander-heading '><h4>T\u00fcrkei<\/h4><div class='icon-wrap'><span class='inner'><span class='line line-horizontal'><\/span><span class='line line-vertical'><\/span><\/span><\/div><\/div><div id='expandta-10' class='expanding-content '><div class='inner copycol'><div id=\"elementor-tab-content-89110\" class=\"elementor-tab-content elementor-clearfix elementor-active\" role=\"tabpanel\" data-tab=\"10\" aria-labelledby=\"elementor-tab-title-89110\">\n<p><a href=\"https:\/\/morcati.org.tr\/\"><strong>Mor \u00c7at\u0131 (Purple Roof Women\u2019s Shelter Foundation)<\/strong><\/a><\/p>\n<p><span data-sheets-value=\"{\" data-sheets-userformat=\"{\"><strong>Helplines: <\/strong><\/span><\/p>\n<p><span data-sheets-value=\"{\" data-sheets-userformat=\"{\"><strong>+90-212-656-96-96 <\/strong><\/span><\/p>\n<p><span data-sheets-value=\"{\" data-sheets-userformat=\"{\"><strong>+90-0553-408-19-90<\/strong> <\/span><\/p>\n<p><strong>Bitte beachten:<\/strong> diese zwei Telefonnummern sind nur w\u00e4hrend der COVID-19 Pandemie g\u00fcltig. In allen anderen F\u00e4llen, nutze bitte die Festnetznummer:<\/p>\n<p><strong>+ 90 (212) 292 52 31-32<\/strong><\/p>\n<p>Erreichbar <strong>Montag bis Freitag (au\u00dfer Dienstag) von 10.30 bis 16.30 Uhr.<\/strong><\/p>\n<\/div>\n<\/div><\/div><\/div><div class='expanding-panel'><div id='expandtr-11' class='expander-heading '><h4>Vietnam<\/h4><div class='icon-wrap'><span class='inner'><span class='line line-horizontal'><\/span><span class='line line-vertical'><\/span><\/span><\/div><\/div><div id='expandta-11' class='expanding-content '><div class='inner copycol'><div id=\"elementor-tab-content-89111\" class=\"elementor-tab-content elementor-clearfix elementor-active\" role=\"tabpanel\" data-tab=\"11\" aria-labelledby=\"elementor-tab-title-89111\">\n<p><a href=\"http:\/\/csaga.org.vn\/\"><strong>Center for Studies and Applied Sciences in Gender \u2013 Family \u2013 Women and Adolescent (CSAGA)<\/strong><\/a><\/p>\n<p><strong>Helplines:<\/strong><\/p>\n<p><strong>+84-24-3333-55-99<\/strong><\/p>\n<p><strong>+84-94-1409-119<\/strong><\/p>\n<p><strong>Rund um die Uhr<\/strong> verf\u00fcgbar<\/p>\n<\/div>\n<\/div><\/div><\/div><div class='expanding-panel'><div id='expandtr-12' class='expander-heading '><h4>Gro\u00dfbritannien<\/h4><div class='icon-wrap'><span class='inner'><span class='line line-horizontal'><\/span><span class='line line-vertical'><\/span><\/span><\/div><\/div><div id='expandta-12' class='expanding-content '><div class='inner copycol'><div id=\"elementor-tab-content-8913\" class=\"elementor-tab-content elementor-clearfix elementor-active\" role=\"tabpanel\" data-tab=\"3\" aria-labelledby=\"elementor-tab-title-8913\">\n<p><a href=\"https:\/\/www.suzylamplugh.org\/\"><strong>Suzy Lamplugh Trust<\/strong><\/a><\/p>\n<p><strong>Hilfstelefon:<\/strong><\/p>\n<p><strong>+44 0808 802 0300<\/strong><\/p>\n<\/div>\n<\/div><\/div><\/div><div class='expanding-panel'><div id='expandtr-13' class='expander-heading '><h4>USA<\/h4><div class='icon-wrap'><span class='inner'><span class='line line-horizontal'><\/span><span class='line line-vertical'><\/span><\/span><\/div><\/div><div id='expandta-13' class='expanding-content '><div class='inner copycol'><div id=\"elementor-tab-content-89112\" class=\"elementor-tab-content elementor-clearfix elementor-active\" role=\"tabpanel\" data-tab=\"12\" aria-labelledby=\"elementor-tab-title-89112\">\n<ol>\n<li><strong>Das Safety Net Project von U.S. National Network to End Domestic Violence\u2019s (NNEDV)<\/strong> fokussiert sich auf den Schnittpunkt von Technologie und h\u00e4uslicher und sexueller Gewalt und befasst sich mit den Auswirkungen auf Sicherheit, Datenschutz, Verf\u00fcgbarkeit und Grundrechte. Die Organisation arbeitet mit Communitys, Agenturen und Technologieunternehmen zusammen, schult Interessenvertreter der Opfer, die Strafverfolgungsbeh\u00f6rden, Juristen, Sozialdienst und st\u00e4rkt das Bewusstsein der \u00d6ffentlichkeit. Sie koordiniert die Einsatzteams der Gemeinden und andere und setzt sich f\u00fcr strenge lokale, bundesstaatliche und internationale Richtlinien ein.<\/li>\n<li><a href=\"https:\/\/www.womenslaw.org\/\"><strong>WomensLaw.org<\/strong><\/a> bietet Informationen f\u00fcr Personen jeden Geschlechts an, nicht nur f\u00fcr Frauen. Betroffene erhalten \u00fcber die\u00a0<a href=\"https:\/\/hotline.womenslaw.org\/\">E-Mail-Hotline<\/a>\u00a0rechtliche Informationen in Bezug auf h\u00e4usliche Gewalt, sexuelle Gewalt oder anderen Themen, mit denen sich WomensLaw.org befasst.\n<p><strong><a href=\"https:\/\/www.womenslaw.org\/about-abuse\/forms-abuse\/stalkingcyberstalking\">WomensLaw \u2013 Cyberstalking<\/a><\/strong><\/li>\n<li><a href=\"https:\/\/www.thehotline.org\/\"><strong>Die hochqualifizierten Interessenvertreter<\/strong><\/a> beraten rund um die Uhr Opfer h\u00e4uslicher Gewalt, die nach Ressourcen oder Informationen suchen oder Fragen zu ungesunden Aspekten ihrer Beziehungen haben.<\/li>\n<li><b><\/b><a href=\"https:\/\/www.thehotline.org\/\"><b>National Domestic Violence Hotline<\/b><\/a><b>: <\/b><strong>+1\u2212800\u2212799\u22127233<\/strong><\/li>\n<li><a href=\"https:\/\/victimconnect.org\/\"><b>National VictimConnect Resource Center<\/b><\/a><b>: <\/b><strong>+1\u2212855\u22124\u2212VICTIM<\/strong><\/li>\n<li><a href=\"https:\/\/staysafeonline.org\/\"><b>StaySafeOnline<\/b><\/a><\/li>\n<li><strong><a href=\"https:\/\/nostalking.org\/\">Illinois Stalking Advocacy Center<\/a><\/strong>Illinois Stalking Advocacy Center is the only agency whose sole focus is assisting stalking victims by providing court advocacy, safety planning and a local security camera rental program.<\/li>\n<\/ol>\n<\/div>\n<\/div><\/div><\/div><\/div>\n\n\n<hr class=\"wp-block-separator has-text-color has-background has-black-background-color has-black-color is-style-wide\"\/>\n\n\n\n<p><a href=\"https:\/\/www.wave-network.org\/\"><strong>WAVE (Women Against Violence Europe) <\/strong><\/a>bietet eine Datenbank mit professionellen Beratungsangeboten f\u00fcr Frauen. Zu den Services geh\u00f6ren unter anderem nationale Frauennotrufe, Frauenh\u00e4user f\u00fcr Opfer von geschlechtsbezogener Gewalt, Frauenzentren, Beratungsstellen sowie spezielle Angebote f\u00fcr \u00dcberlebende von sexualisierter Gewalt aus 46 europ\u00e4ischen L\u00e4ndern. Nach Eingabe Ihres Wohnorts werden Ihnen <a href=\"https:\/\/www.wave-network.org\/find-help\/\"><strong>hilfreiche Ressourcen<\/strong><\/a> angezeigt.<\/p>\n\n\n\n<hr class=\"wp-block-separator has-text-color has-background has-black-background-color has-black-color is-style-wide\"\/>\n\n\n\n<h3 id=\"informieren-sie-sich\">Informieren Sie sich und helfen Sie, das Bewusstsein f\u00fcr Stalkerware zu schaffen<\/h3>\n\n\n\n<p><a href=\"https:\/\/www.stalkingawareness.org\/\"><strong>Stalking Prevention Awareness and Resource Center (SPARC)<\/strong><\/a><\/p>\n\n\n\n<p>SPARC provides nationwide training, technical assistance and resources to allied professionals, including: victim service providers, law enforcement, prosecutors, court personnel, judges, corrections, treatment providers, mental health professionals, campus student conduct offices, campus police\/security, Title IX offices, and others.<\/p>\n\n\n\n<p>SPARC does NOT provide direct services to victims of stalking. If you are experiencing stalking, please see our list of resources available&nbsp;<a href=\"https:\/\/www.stalkingawareness.org\/what-to-do-if-you-are-being-stalked\/\">here<\/a>.<\/p>\n\n\n\n<p>If you would like to receive technical assistance, please email&nbsp;<a href=\"mailto:associate@stalkingawareness.org\">ta@stalkingawareness.org&nbsp;<\/a>or contact us via phone at&nbsp;<a href=\"tel:+1-202-558-0040\">(202) 558-0040<\/a>.&nbsp;If you are interested in receiving training from SPARC, please&nbsp;<a href=\"https:\/\/www.stalkingawareness.org\/request-a-training\/\">click here<\/a><\/p>\n\n\n\n<p><a href=\"https:\/\/www.wave-network.org\/\"><strong>Women Against Violence Europe (WAVE)<\/strong><\/a><\/p>\n\n\n\n<p>The WAVE Network aims to promote and strengthen the human rights of women and children in general and to prevent violence against women and children in particular.&nbsp; WAVE is the only European network focusing solely on the elimination of violence against women and children.<\/p>\n\n\n\n<p><a href=\"https:\/\/www.wave-network.org\/\"><\/a><\/p>\n\n\n\n<hr class=\"wp-block-separator has-text-color has-background has-black-background-color has-black-color is-style-wide\"\/>\n\n\n\n<h3 id=\"stoppen-sie-ihre-gewalt\">Stoppen Sie Ihre Gewalt<\/h3>\n\n\n\n<p>Wenn T\u00e4ter Verantwortung \u00fcbernehmen oder ihre Verhaltensweisen \u00e4ndern m\u00f6chten, k\u00f6nnen sie gern \u00fcber <a href=\"mailto:info@work-with-perpetrators.eu\">info@work-with-perpetrators.eu<\/a>. Kontakt zu <a href=\"https:\/\/www.work-with-perpetrators.eu\/\"><strong>WWP EN<\/strong><\/a> aufnehmen. Wir k\u00f6nnen den Kontakt zu lokalen Mitgliedern herstellen, die Aussteigern helfen, ihr gewaltsames Verhalten zu \u00e4ndern.<\/p>\n","protected":false},"excerpt":{"rendered":"<p>Finden Sie direkte Unterst\u00fctzung, wenn Sie Stalking bemerken oder vermuten Wenn Sie oder Ihre Bekannten sich Sorgen \u00fcber m\u00f6gliche Spionage, \u00dcberwachung oder Stalking machen, sollten Sie Ihrem Instinkt vertrauen und sich informieren, wie Sie sich mit Ihren lokalen Hilfsangeboten und Optionen sch\u00fctzen k\u00f6nnen. Bitte beachten Sie, dass die Person, die Sie m\u00f6glicherweise \u00fcberwacht, auch Ihre [&hellip;]<\/p>\n","protected":false},"author":1,"featured_media":0,"parent":0,"menu_order":0,"comment_status":"closed","ping_status":"closed","template":"","meta":[],"_links":{"self":[{"href":"https:\/\/stopstalkerware.org\/de\/wp-json\/wp\/v2\/pages\/294"}],"collection":[{"href":"https:\/\/stopstalkerware.org\/de\/wp-json\/wp\/v2\/pages"}],"about":[{"href":"https:\/\/stopstalkerware.org\/de\/wp-json\/wp\/v2\/types\/page"}],"author":[{"embeddable":true,"href":"https:\/\/stopstalkerware.org\/de\/wp-json\/wp\/v2\/users\/1"}],"replies":[{"embeddable":true,"href":"https:\/\/stopstalkerware.org\/de\/wp-json\/wp\/v2\/comments?post=294"}],"version-history":[{"count":57,"href":"https:\/\/stopstalkerware.org\/de\/wp-json\/wp\/v2\/pages\/294\/revisions"}],"predecessor-version":[{"id":480,"href":"https:\/\/stopstalkerware.org\/de\/wp-json\/wp\/v2\/pages\/294\/revisions\/480"}],"wp:attachment":[{"href":"https:\/\/stopstalkerware.org\/de\/wp-json\/wp\/v2\/media?parent=294"}],"curies":[{"name":"wp","href":"https:\/\/api.w.org\/{rel}","templated":true}]}}