{"id":2,"date":"2021-03-01T18:53:27","date_gmt":"2021-03-01T18:53:27","guid":{"rendered":"http:\/\/stopstalkerware.org\/de\/?page_id=2"},"modified":"2021-06-03T11:23:55","modified_gmt":"2021-06-03T10:23:55","slug":"home","status":"publish","type":"page","link":"https:\/\/stopstalkerware.org\/de\/","title":{"rendered":"Startseite"},"content":{"rendered":"\n<h1 class=\"anchor\" id=\"what-is\"><strong>Was ist Stalkerware?<\/strong><\/h1>\n\n\n\n<p>Als Stalkerware werden Tools&nbsp;\u2013 Softwareprogramme, Apps und Ger\u00e4te&nbsp;\u2013 bezeichnet, mit deren Hilfe jemand heimlich das Privatleben einer anderen Person \u00fcber deren Mobilger\u00e4t auszuspionieren kann. Stalkerware erm\u00f6glicht dem T\u00e4ter, das gesamte Ger\u00e4t, d.&nbsp;h. Suchanfragen im Internet, Standorte, Textnachrichten, Fotos, Sprachanrufe und vieles mehr, aus der Ferne zu \u00fcberwachen. Die daf\u00fcr n\u00f6tigen Programme sind sehr einfach zu bekommen und zu installieren. Sie laufen versteckt im Hintergrund, ohne Wissen und Einverst\u00e4ndnis der betroffenen Person. Ungeachtet der freien Verf\u00fcgbarkeit von Stalkerware ist der T\u00e4ter f\u00fcr deren Verwendung als Tool und damit f\u00fcr die Begehung dieser Straftat verantwortlich.<\/p>\n\n\n\n<p>Wenn Sie mehr \u00fcber Stalkerware erfahren m\u00f6chten, empfehlen wir Ihnen als Einstieg unser Informationsvideo.&nbsp;<\/p>\n\n\n\n<figure class=\"wp-block-embed is-type-video is-provider-youtube wp-block-embed-youtube wp-embed-aspect-16-9 wp-has-aspect-ratio\"><div class=\"wp-block-embed__wrapper\">\n<iframe loading=\"lazy\" title=\"Was ist Stalkerware?\" width=\"500\" height=\"281\" src=\"https:\/\/www.youtube.com\/embed\/L3Ww-uWXw7M?feature=oembed\" frameborder=\"0\" allow=\"accelerometer; autoplay; clipboard-write; encrypted-media; gyroscope; picture-in-picture\" allowfullscreen><\/iframe>\n<\/div><\/figure>\n\n\n\n<hr class=\"wp-block-separator has-text-color has-background has-black-background-color has-black-color is-style-wide\"\/>\n\n\n\n<h2 class=\"anchor\" id=\"problemfall\"><strong>Problemfall Stalkerware<\/strong><\/h2>\n\n\n\n<p>Stalkerware ist ein Beispiel daf\u00fcr, wie Technologien f\u00fcr \u00dcbergriffe wie Partner\u00fcberwachung, geschlechtsspezifische und h\u00e4usliche Gewalt, Bel\u00e4stigung usw. missbraucht werden k\u00f6nnen. Stalkerware ist bereits seit einigen Jahren weltweit auf dem Vormarsch. Nichtregierungsorganisationen berichten von einer wachsenden Zahl von \u00dcberlebenden, die Hilfe gegen Stalkerware suchen, und im Bereich Cybersicherheit t\u00e4tige Unternehmen stellen eine stetige Zunahme dieser sch\u00e4ndlichen Apps fest.<\/p>\n\n\n\n<hr class=\"wp-block-separator has-text-color has-background has-black-background-color has-black-color is-style-wide\"\/>\n\n\n\n<h3 class=\"key-heading anchor\" id=\"der-kampf\"><strong>Der Kampf gegen Stalkerware<\/strong><\/h3>\n\n\n\n<p>Die Koalition gegen Stalkerware wurde im November&nbsp;2019 als Reaktion auf die wachsende Bedrohung durch Stalkerware gegr\u00fcndet. Um dem technologiegest\u00fctzten Missbrauch wirksam Einhalt zu gebieten, will die Initiative Organisationen, die sich gegen h\u00e4usliche Gewalt einsetzen, mit Cybersicherheitsexperten zusammenbringen.<\/p>\n","protected":false},"excerpt":{"rendered":"<p>Was ist Stalkerware? Als Stalkerware werden Tools&nbsp;\u2013 Softwareprogramme, Apps und Ger\u00e4te&nbsp;\u2013 bezeichnet, mit deren Hilfe jemand heimlich das Privatleben einer anderen Person \u00fcber deren Mobilger\u00e4t auszuspionieren kann. Stalkerware erm\u00f6glicht dem T\u00e4ter, das gesamte Ger\u00e4t, d.&nbsp;h. Suchanfragen im Internet, Standorte, Textnachrichten, Fotos, Sprachanrufe und vieles mehr, aus der Ferne zu \u00fcberwachen. Die daf\u00fcr n\u00f6tigen Programme sind [&hellip;]<\/p>\n","protected":false},"author":1,"featured_media":0,"parent":0,"menu_order":0,"comment_status":"closed","ping_status":"open","template":"","meta":[],"_links":{"self":[{"href":"https:\/\/stopstalkerware.org\/de\/wp-json\/wp\/v2\/pages\/2"}],"collection":[{"href":"https:\/\/stopstalkerware.org\/de\/wp-json\/wp\/v2\/pages"}],"about":[{"href":"https:\/\/stopstalkerware.org\/de\/wp-json\/wp\/v2\/types\/page"}],"author":[{"embeddable":true,"href":"https:\/\/stopstalkerware.org\/de\/wp-json\/wp\/v2\/users\/1"}],"replies":[{"embeddable":true,"href":"https:\/\/stopstalkerware.org\/de\/wp-json\/wp\/v2\/comments?post=2"}],"version-history":[{"count":31,"href":"https:\/\/stopstalkerware.org\/de\/wp-json\/wp\/v2\/pages\/2\/revisions"}],"predecessor-version":[{"id":508,"href":"https:\/\/stopstalkerware.org\/de\/wp-json\/wp\/v2\/pages\/2\/revisions\/508"}],"wp:attachment":[{"href":"https:\/\/stopstalkerware.org\/de\/wp-json\/wp\/v2\/media?parent=2"}],"curies":[{"name":"wp","href":"https:\/\/api.w.org\/{rel}","templated":true}]}}