{"id":15,"date":"2021-03-02T15:19:18","date_gmt":"2021-03-02T15:19:18","guid":{"rendered":"http:\/\/stopstalkerware.org\/de\/?page_id=15"},"modified":"2022-01-25T11:05:52","modified_gmt":"2022-01-25T11:05:52","slug":"uber-uns","status":"publish","type":"page","link":"https:\/\/stopstalkerware.org\/de\/uber-uns\/","title":{"rendered":"\u00dcber uns"},"content":{"rendered":"\n<h1 id=\"uberblick\"><strong>\u00dcberblick<\/strong><\/h1>\n\n\n\n<p>Die Koalition gegen Stalkerware wurde im November&nbsp;2019 als Reaktion auf die wachsende Bedrohung durch Stalkerware gegr\u00fcndet. Stalkerware wird von den T\u00e4tern h\u00e4ufig zur \u00dcberwachung von Partnern, f\u00fcr die Aus\u00fcbung geschlechtsspezifischer und h\u00e4uslicher Gewalt, zur Bel\u00e4stigung und den sexuellen Missbrauch eingesetzt. Der Zusammenschluss aus zun\u00e4chst zehn Gr\u00fcndungspartnern hat sich innerhalb eines Jahres zu einer gro\u00dfen internationalen Arbeitsgruppe entwickelt.<\/p>\n\n\n\n<p>Ziel ist es, die vielf\u00e4ltige Expertise der Partner bei der Unterst\u00fctzung von Opfern h\u00e4uslicher Gewalt und bei der T\u00e4terarbeit sowie bei der F\u00f6rderung der Rechtssicherheit im Internet und der Vertretung digitaler Rechte bei kriminellem Verhalten, wie es durch Stalkerware ausge\u00fcbt wird, zusammenzubringen. Alle Mitglieder verpflichten sich, h\u00e4usliche Gewalt, Stalking und Bel\u00e4stigung zu bek\u00e4mpfen, indem Sie den Einsatz von Stalkerware zum Thema machen und einer breiten \u00d6ffentlichkeit ins Bewusstsein rufen.<\/p>\n\n\n\n<hr class=\"wp-block-separator has-text-color has-background has-black-background-color has-black-color is-style-wide\"\/>\n\n\n\n<h3 id=\"Ziele\"><strong>Ziele<\/strong><\/h3>\n\n\n\n<h5>Die Koalition gegen Stalkerware hat sich die folgenden Ziele gesetzt:<\/h5>\n\n\n\n<ul><li>Definition von Best Practices in der Debatte um Stalkerware und weitere potenziell unerw\u00fcnschte Technologien, die ohne Einwilligung des Benutzers eingesetzt werden,<\/li><li>Sensibilisierung und Aufkl\u00e4rung \u00fcber Stalkerware durch Informationsvermittlung und Schulungen,<\/li><li>Ausweitung der technischen M\u00f6glichkeiten f\u00fcr Unterst\u00fctzergruppen und Hilfsorganisationen, die mit Opfern und \u00dcberlebenden arbeiten,<\/li><li>Weiterbildung f\u00fcr Strafverfolgungsbeh\u00f6rden, Sicherheitsexperten und -unternehmen zum Thema Stalkerware und \u00e4hnlichen Bedrohungen,<\/li><li>Entwicklung wirksamer Abwehrfunktionen vonseiten der IT-Sicherheitsbranche durch die gegenseitige Bereitstellung von Beispielen bekannter Stalkerware,<\/li><li>Aufstellung allgemein g\u00fcltiger L\u00f6schkritierien.<\/li><\/ul>\n\n\n\n<hr class=\"wp-block-separator has-text-color has-background has-black-background-color has-black-color is-style-wide\"\/>\n\n\n\n<h3 id=\"partnerseite\"><strong>Partnerseite<\/strong><\/h3>\n\n\n\n<p>Die Koalition gegen Stalkerware wurde im November&nbsp;2019 von zehn Gr\u00fcndungsmitgliedern ins Leben gerufen: Avira, Electronic Frontier Foundation (EFF), European Network for the Work with Perpetrators of Domestic Violence (WWP EN), G DATA Cyber Defense, Kaspersky, Malwarebytes, National Network to End Domestic Violence (NNEDV), NortonLifeLock, Operation Safe Escape und WEISSER RING.<\/p>\n\n\n\n<p>Seit der Gr\u00fcndung der Koalition hat Martijn Grooten aktiv als Koordinator f\u00fcr die Gruppe gearbeitet. Adam Dodge, CEO von EndTAB.org, ist ebenfalls als Sonderberater t\u00e4tig. Dar\u00fcber hinaus hat INTERPOL seine Unterst\u00fctzung f\u00fcr die Koalition und ihre Aktivit\u00e4ten angek\u00fcndigt, um das Bewusstsein innerhalb der globalen Strafverfolgungsgemeinschaft f\u00fcr unerw\u00fcnschte \u00dcberwachung und Gewalt in der Partnerschaft zu sch\u00e4rfen.<\/p>\n\n\n\n<p>Alle Koalitionspartner haben mit ihrem Fachwissen und Wissen dazu beigetragen und die Koalition gegen Stalkerware auf nationaler und internationaler Ebene gef\u00f6rdert:<\/p>\n\n\n<div id=\"expanding-panels-block_60704c20de452\" class=\"expanding-panels\">\n    <div class='expanding-panel'><div id='expandtr-1' class='expander-heading active'><h4>Unterst\u00fctzung von \u00dcberlebenden h\u00e4uslicher Gewalt und T\u00e4terarbeit<\/h4><div class='icon-wrap'><span class='inner'><span class='line line-horizontal'><\/span><span class='line line-vertical'><\/span><\/span><\/div><\/div><div id='expandta-1' class='expanding-content active'><div class='inner copycol'><div class='fullcol logo-grid'><div class='logo-item trans'><a href='https:\/\/stopstalkerware.org\/de\/partners\/una-casa-per-luomo-ucpu\/'><img width=\"380\" height=\"128\" src=\"https:\/\/stopstalkerware.org\/de\/wp-content\/uploads\/sites\/2\/2022\/03\/logo-coop-originalie-380x128.png\" class=\"attachment-logo-thumbnail size-logo-thumbnail wp-post-image\" alt=\"\" loading=\"lazy\" srcset=\"https:\/\/stopstalkerware.org\/de\/wp-content\/uploads\/sites\/2\/2022\/03\/logo-coop-originalie-380x128.png 380w, https:\/\/stopstalkerware.org\/de\/wp-content\/uploads\/sites\/2\/2022\/03\/logo-coop-originalie-300x101.png 300w, https:\/\/stopstalkerware.org\/de\/wp-content\/uploads\/sites\/2\/2022\/03\/logo-coop-originalie.png 672w\" sizes=\"(max-width: 380px) 100vw, 380px\" \/><\/a><\/div><div class='logo-item trans'><a href='https:\/\/stopstalkerware.org\/de\/partners\/refuge\/'><img width=\"375\" height=\"290\" src=\"https:\/\/stopstalkerware.org\/de\/wp-content\/uploads\/sites\/2\/2022\/01\/Refuge-375x290-1.png\" class=\"attachment-logo-thumbnail size-logo-thumbnail wp-post-image\" alt=\"\" loading=\"lazy\" srcset=\"https:\/\/stopstalkerware.org\/de\/wp-content\/uploads\/sites\/2\/2022\/01\/Refuge-375x290-1.png 375w, https:\/\/stopstalkerware.org\/de\/wp-content\/uploads\/sites\/2\/2022\/01\/Refuge-375x290-1-300x232.png 300w\" sizes=\"(max-width: 375px) 100vw, 375px\" \/><\/a><\/div><div class='logo-item trans'><a href='https:\/\/stopstalkerware.org\/de\/partners\/sexual-violence-law-center\/'><img width=\"360\" height=\"100\" src=\"https:\/\/stopstalkerware.org\/de\/wp-content\/uploads\/sites\/2\/2022\/01\/svlc-logo.NbxdA_.png\" class=\"attachment-logo-thumbnail size-logo-thumbnail wp-post-image\" alt=\"\" loading=\"lazy\" srcset=\"https:\/\/stopstalkerware.org\/de\/wp-content\/uploads\/sites\/2\/2022\/01\/svlc-logo.NbxdA_.png 360w, https:\/\/stopstalkerware.org\/de\/wp-content\/uploads\/sites\/2\/2022\/01\/svlc-logo.NbxdA_-300x83.png 300w\" sizes=\"(max-width: 360px) 100vw, 360px\" \/><\/a><\/div><div class='logo-item trans'><a href='https:\/\/stopstalkerware.org\/de\/partners\/national-center-for-victims-of-crime\/'><img width=\"216\" height=\"215\" src=\"https:\/\/stopstalkerware.org\/de\/wp-content\/uploads\/sites\/2\/2021\/05\/logo_ncvc.png\" class=\"attachment-logo-thumbnail size-logo-thumbnail wp-post-image\" alt=\"\" loading=\"lazy\" \/><\/a><\/div><div class='logo-item trans'><a href='https:\/\/stopstalkerware.org\/de\/partners\/gradus\/'><img width=\"178\" height=\"107\" src=\"https:\/\/stopstalkerware.org\/de\/wp-content\/uploads\/sites\/2\/2021\/05\/logo_gradus_project.png\" class=\"attachment-logo-thumbnail size-logo-thumbnail wp-post-image\" alt=\"\" loading=\"lazy\" \/><\/a><\/div><div class='logo-item trans'><a href='https:\/\/stopstalkerware.org\/de\/partners\/wesnet\/'><img width=\"216\" height=\"314\" src=\"https:\/\/stopstalkerware.org\/de\/wp-content\/uploads\/sites\/2\/2021\/04\/logo_WESNET.png\" class=\"attachment-logo-thumbnail size-logo-thumbnail wp-post-image\" alt=\"\" loading=\"lazy\" srcset=\"https:\/\/stopstalkerware.org\/de\/wp-content\/uploads\/sites\/2\/2021\/04\/logo_WESNET.png 216w, https:\/\/stopstalkerware.org\/de\/wp-content\/uploads\/sites\/2\/2021\/04\/logo_WESNET-206x300.png 206w\" sizes=\"(max-width: 216px) 100vw, 216px\" \/><\/a><\/div><div class='logo-item trans'><a href='https:\/\/stopstalkerware.org\/de\/partners\/weisser-ring\/'><img width=\"216\" height=\"65\" src=\"https:\/\/stopstalkerware.org\/de\/wp-content\/uploads\/sites\/2\/2021\/04\/logo_WEISSERRING.png\" class=\"attachment-logo-thumbnail size-logo-thumbnail wp-post-image\" alt=\"\" loading=\"lazy\" \/><\/a><\/div><div class='logo-item trans'><a href='https:\/\/stopstalkerware.org\/de\/partners\/stalking-prevention-awareness-and-resource-center\/'><img width=\"216\" height=\"95\" src=\"https:\/\/stopstalkerware.org\/de\/wp-content\/uploads\/sites\/2\/2021\/04\/logo_SPARC.png\" class=\"attachment-logo-thumbnail size-logo-thumbnail wp-post-image\" alt=\"\" loading=\"lazy\" \/><\/a><\/div><div class='logo-item trans'><a href='https:\/\/stopstalkerware.org\/de\/partners\/operation-safe-escape\/'><img width=\"216\" height=\"217\" src=\"https:\/\/stopstalkerware.org\/de\/wp-content\/uploads\/sites\/2\/2021\/04\/logo_OperationSafeEscape.png\" class=\"attachment-logo-thumbnail size-logo-thumbnail wp-post-image\" alt=\"\" loading=\"lazy\" \/><\/a><\/div><div class='logo-item trans'><a href='https:\/\/stopstalkerware.org\/de\/partners\/the-national-network-to-end-domestic-violence-nnedv\/'><img width=\"216\" height=\"101\" src=\"https:\/\/stopstalkerware.org\/de\/wp-content\/uploads\/sites\/2\/2021\/04\/logo_National_Network_to_End_Domestic_Violence.png\" class=\"attachment-logo-thumbnail size-logo-thumbnail wp-post-image\" alt=\"\" loading=\"lazy\" \/><\/a><\/div><div class='logo-item trans'><a href='https:\/\/stopstalkerware.org\/de\/partners\/illinois-stalking-advocacy-center\/'><img width=\"216\" height=\"113\" src=\"https:\/\/stopstalkerware.org\/de\/wp-content\/uploads\/sites\/2\/2021\/04\/logo_Illinois_Stalking_Advocacy_Centre.png\" class=\"attachment-logo-thumbnail size-logo-thumbnail wp-post-image\" alt=\"\" loading=\"lazy\" \/><\/a><\/div><div class='logo-item trans'><a href='https:\/\/stopstalkerware.org\/de\/partners\/european-network-for-the-work-with-perpetrators-of-domestic-violence-wwp-en\/'><img width=\"216\" height=\"108\" src=\"https:\/\/stopstalkerware.org\/de\/wp-content\/uploads\/sites\/2\/2021\/04\/logo_European_Network_wwp.png\" class=\"attachment-logo-thumbnail size-logo-thumbnail wp-post-image\" alt=\"\" loading=\"lazy\" \/><\/a><\/div><div class='logo-item trans'><a href='https:\/\/stopstalkerware.org\/de\/partners\/centre-hubertine-auclert\/'><img width=\"216\" height=\"317\" src=\"https:\/\/stopstalkerware.org\/de\/wp-content\/uploads\/sites\/2\/2021\/04\/logo_Centre_Hubertine_Auclert.png\" class=\"attachment-logo-thumbnail size-logo-thumbnail wp-post-image\" alt=\"\" loading=\"lazy\" srcset=\"https:\/\/stopstalkerware.org\/de\/wp-content\/uploads\/sites\/2\/2021\/04\/logo_Centre_Hubertine_Auclert.png 216w, https:\/\/stopstalkerware.org\/de\/wp-content\/uploads\/sites\/2\/2021\/04\/logo_Centre_Hubertine_Auclert-204x300.png 204w\" sizes=\"(max-width: 216px) 100vw, 216px\" \/><\/a><\/div><div class='logo-item trans'><a href='https:\/\/stopstalkerware.org\/de\/partners\/bff-bundesverband-frauenberatungsstellen-und-frauennotrufe\/'><img width=\"216\" height=\"105\" src=\"https:\/\/stopstalkerware.org\/de\/wp-content\/uploads\/sites\/2\/2021\/04\/logo_bff.png\" class=\"attachment-logo-thumbnail size-logo-thumbnail wp-post-image\" alt=\"\" loading=\"lazy\" \/><\/a><\/div><div class='logo-item trans'><a href='https:\/\/stopstalkerware.org\/de\/partners\/aequitas\/'><img width=\"216\" height=\"88\" src=\"https:\/\/stopstalkerware.org\/de\/wp-content\/uploads\/sites\/2\/2021\/04\/logo_AEquitas.png\" class=\"attachment-logo-thumbnail size-logo-thumbnail wp-post-image\" alt=\"\" loading=\"lazy\" \/><\/a><\/div><\/div><\/div><\/div><\/div><div class='expanding-panel'><div id='expandtr-2' class='expander-heading '><h4>Anwaltschaft f\u00fcr digitale Rechte<\/h4><div class='icon-wrap'><span class='inner'><span class='line line-horizontal'><\/span><span class='line line-vertical'><\/span><\/span><\/div><\/div><div id='expandta-2' class='expanding-content '><div class='inner copycol'><div class='fullcol logo-grid'><div class='logo-item trans'><a href='https:\/\/stopstalkerware.org\/de\/partners\/cpaug\/'><img width=\"321\" height=\"380\" src=\"https:\/\/stopstalkerware.org\/de\/wp-content\/uploads\/sites\/2\/2022\/01\/CPAUG-logo-380x450-1-321x380.png\" class=\"attachment-logo-thumbnail size-logo-thumbnail wp-post-image\" alt=\"\" loading=\"lazy\" srcset=\"https:\/\/stopstalkerware.org\/de\/wp-content\/uploads\/sites\/2\/2022\/01\/CPAUG-logo-380x450-1-321x380.png 321w, https:\/\/stopstalkerware.org\/de\/wp-content\/uploads\/sites\/2\/2022\/01\/CPAUG-logo-380x450-1-253x300.png 253w, https:\/\/stopstalkerware.org\/de\/wp-content\/uploads\/sites\/2\/2022\/01\/CPAUG-logo-380x450-1.png 380w\" sizes=\"(max-width: 321px) 100vw, 321px\" \/><\/a><\/div><div class='logo-item trans'><a href='https:\/\/stopstalkerware.org\/de\/partners\/tor\/'><img width=\"216\" height=\"131\" src=\"https:\/\/stopstalkerware.org\/de\/wp-content\/uploads\/sites\/2\/2021\/05\/logo_tor.png\" class=\"attachment-logo-thumbnail size-logo-thumbnail wp-post-image\" alt=\"\" loading=\"lazy\" \/><\/a><\/div><div class='logo-item trans'><a href='https:\/\/stopstalkerware.org\/de\/partners\/luchadoras\/'><img width=\"168\" height=\"124\" src=\"https:\/\/stopstalkerware.org\/de\/wp-content\/uploads\/sites\/2\/2021\/05\/logo_luchadoras.png\" class=\"attachment-logo-thumbnail size-logo-thumbnail wp-post-image\" alt=\"\" loading=\"lazy\" \/><\/a><\/div><div class='logo-item trans'><a href='https:\/\/stopstalkerware.org\/de\/partners\/kandoo\/'><img width=\"158\" height=\"178\" src=\"https:\/\/stopstalkerware.org\/de\/wp-content\/uploads\/sites\/2\/2021\/05\/logo_kandoo.png\" class=\"attachment-logo-thumbnail size-logo-thumbnail wp-post-image\" alt=\"\" loading=\"lazy\" \/><\/a><\/div><div class='logo-item trans'><a href='https:\/\/stopstalkerware.org\/de\/partners\/cyberpeace-institute\/'><img width=\"380\" height=\"165\" src=\"https:\/\/stopstalkerware.org\/de\/wp-content\/uploads\/sites\/2\/2021\/08\/CyberPeaceInstituteLogo_Ex-1-380x165.png\" class=\"attachment-logo-thumbnail size-logo-thumbnail wp-post-image\" alt=\"\" loading=\"lazy\" srcset=\"https:\/\/stopstalkerware.org\/de\/wp-content\/uploads\/sites\/2\/2021\/08\/CyberPeaceInstituteLogo_Ex-1-380x165.png 380w, https:\/\/stopstalkerware.org\/de\/wp-content\/uploads\/sites\/2\/2021\/08\/CyberPeaceInstituteLogo_Ex-1-300x131.png 300w, https:\/\/stopstalkerware.org\/de\/wp-content\/uploads\/sites\/2\/2021\/08\/CyberPeaceInstituteLogo_Ex-1.png 400w\" sizes=\"(max-width: 380px) 100vw, 380px\" \/><\/a><\/div><div class='logo-item trans'><a href='https:\/\/stopstalkerware.org\/de\/partners\/the-electronic-frontier-foundation\/'><img width=\"216\" height=\"53\" src=\"https:\/\/stopstalkerware.org\/de\/wp-content\/uploads\/sites\/2\/2021\/04\/logo_Electronic_Frontier_Foundation.png\" class=\"attachment-logo-thumbnail size-logo-thumbnail wp-post-image\" alt=\"\" loading=\"lazy\" \/><\/a><\/div><div class='logo-item trans'><a href='https:\/\/stopstalkerware.org\/de\/partners\/institut-fur-technik-und-journalismus\/'><img width=\"216\" height=\"108\" src=\"https:\/\/stopstalkerware.org\/de\/wp-content\/uploads\/sites\/2\/2021\/04\/logo_InstitutfurTechnik.png\" class=\"attachment-logo-thumbnail size-logo-thumbnail wp-post-image\" alt=\"\" loading=\"lazy\" \/><\/a><\/div><div class='logo-item trans'><a href='https:\/\/stopstalkerware.org\/de\/partners\/echap\/'><img width=\"216\" height=\"216\" src=\"https:\/\/stopstalkerware.org\/de\/wp-content\/uploads\/sites\/2\/2021\/04\/logo_ECHAP.png\" class=\"attachment-logo-thumbnail size-logo-thumbnail wp-post-image\" alt=\"\" loading=\"lazy\" \/><\/a><\/div><div class='logo-item trans'><a href='https:\/\/stopstalkerware.org\/de\/partners\/cyber-peace-foundation\/'><img width=\"216\" height=\"216\" src=\"https:\/\/stopstalkerware.org\/de\/wp-content\/uploads\/sites\/2\/2021\/04\/logo_Cyber_Peace_Foundation.png\" class=\"attachment-logo-thumbnail size-logo-thumbnail wp-post-image\" alt=\"\" loading=\"lazy\" \/><\/a><\/div><div class='logo-item trans'><a href='https:\/\/stopstalkerware.org\/de\/partners\/commonwealth-peoples-association-of-uganda\/'><\/a><\/div><\/div><\/div><\/div><\/div><div class='expanding-panel'><div id='expandtr-3' class='expander-heading '><h4>IT-Sicherheitsunternehmen<\/h4><div class='icon-wrap'><span class='inner'><span class='line line-horizontal'><\/span><span class='line line-vertical'><\/span><\/span><\/div><\/div><div id='expandta-3' class='expanding-content '><div class='inner copycol'><div class='fullcol logo-grid'><div class='logo-item trans'><a href='https:\/\/stopstalkerware.org\/de\/partners\/avast\/'><img width=\"380\" height=\"118\" src=\"https:\/\/stopstalkerware.org\/de\/wp-content\/uploads\/sites\/2\/2022\/01\/Avast_logo-e1634106500228-380x118.png\" class=\"attachment-logo-thumbnail size-logo-thumbnail wp-post-image\" alt=\"\" loading=\"lazy\" srcset=\"https:\/\/stopstalkerware.org\/de\/wp-content\/uploads\/sites\/2\/2022\/01\/Avast_logo-e1634106500228-380x118.png 380w, https:\/\/stopstalkerware.org\/de\/wp-content\/uploads\/sites\/2\/2022\/01\/Avast_logo-e1634106500228-300x93.png 300w, https:\/\/stopstalkerware.org\/de\/wp-content\/uploads\/sites\/2\/2022\/01\/Avast_logo-e1634106500228.png 400w\" sizes=\"(max-width: 380px) 100vw, 380px\" \/><\/a><\/div><div class='logo-item trans'><a href='https:\/\/stopstalkerware.org\/de\/partners\/g-data\/'><img width=\"58\" height=\"81\" src=\"https:\/\/stopstalkerware.org\/de\/wp-content\/uploads\/sites\/2\/2021\/03\/logo_gdata.png\" class=\"attachment-logo-thumbnail size-logo-thumbnail wp-post-image\" alt=\"\" loading=\"lazy\" \/><\/a><\/div><div class='logo-item trans'><a href='https:\/\/stopstalkerware.org\/de\/partners\/cybereason\/'><img width=\"360\" height=\"112\" src=\"https:\/\/stopstalkerware.org\/de\/wp-content\/uploads\/sites\/2\/2021\/05\/imgonline-com-ua-Resize-AoBUqfZMPBhqH.jpg\" class=\"attachment-logo-thumbnail size-logo-thumbnail wp-post-image\" alt=\"\" loading=\"lazy\" srcset=\"https:\/\/stopstalkerware.org\/de\/wp-content\/uploads\/sites\/2\/2021\/05\/imgonline-com-ua-Resize-AoBUqfZMPBhqH.jpg 360w, https:\/\/stopstalkerware.org\/de\/wp-content\/uploads\/sites\/2\/2021\/05\/imgonline-com-ua-Resize-AoBUqfZMPBhqH-300x93.jpg 300w\" sizes=\"(max-width: 360px) 100vw, 360px\" \/><\/a><\/div><div class='logo-item trans'><a href='https:\/\/stopstalkerware.org\/de\/partners\/traced\/'><img width=\"216\" height=\"92\" src=\"https:\/\/stopstalkerware.org\/de\/wp-content\/uploads\/sites\/2\/2021\/04\/logo_Traced.png\" class=\"attachment-logo-thumbnail size-logo-thumbnail wp-post-image\" alt=\"\" loading=\"lazy\" \/><\/a><\/div><div class='logo-item trans'><a href='https:\/\/stopstalkerware.org\/de\/partners\/nortonlifelock\/'><img width=\"216\" height=\"40\" src=\"https:\/\/stopstalkerware.org\/de\/wp-content\/uploads\/sites\/2\/2021\/04\/logo_NortonLifeLock.png\" class=\"attachment-logo-thumbnail size-logo-thumbnail wp-post-image\" alt=\"\" loading=\"lazy\" \/><\/a><\/div><div class='logo-item trans'><a href='https:\/\/stopstalkerware.org\/de\/partners\/malwarebytes\/'><img width=\"333\" height=\"187\" src=\"https:\/\/stopstalkerware.org\/de\/wp-content\/uploads\/sites\/2\/2021\/04\/logo_Malwarebytes.png\" class=\"attachment-logo-thumbnail size-logo-thumbnail wp-post-image\" alt=\"\" loading=\"lazy\" srcset=\"https:\/\/stopstalkerware.org\/de\/wp-content\/uploads\/sites\/2\/2021\/04\/logo_Malwarebytes.png 333w, https:\/\/stopstalkerware.org\/de\/wp-content\/uploads\/sites\/2\/2021\/04\/logo_Malwarebytes-300x168.png 300w\" sizes=\"(max-width: 333px) 100vw, 333px\" \/><\/a><\/div><div class='logo-item trans'><a href='https:\/\/stopstalkerware.org\/de\/partners\/kaspersky\/'><img width=\"216\" height=\"81\" src=\"https:\/\/stopstalkerware.org\/de\/wp-content\/uploads\/sites\/2\/2021\/04\/logo_Kaspersky.png\" class=\"attachment-logo-thumbnail size-logo-thumbnail wp-post-image\" alt=\"\" loading=\"lazy\" \/><\/a><\/div><div class='logo-item trans'><a href='https:\/\/stopstalkerware.org\/de\/partners\/f-secure\/'><img width=\"216\" height=\"214\" src=\"https:\/\/stopstalkerware.org\/de\/wp-content\/uploads\/sites\/2\/2021\/04\/logo_F-Secure.png\" class=\"attachment-logo-thumbnail size-logo-thumbnail wp-post-image\" alt=\"\" loading=\"lazy\" \/><\/a><\/div><div class='logo-item trans'><a href='https:\/\/stopstalkerware.org\/de\/partners\/corrata\/'><img width=\"216\" height=\"122\" src=\"https:\/\/stopstalkerware.org\/de\/wp-content\/uploads\/sites\/2\/2021\/04\/logo_Corrata.png\" class=\"attachment-logo-thumbnail size-logo-thumbnail wp-post-image\" alt=\"\" loading=\"lazy\" \/><\/a><\/div><div class='logo-item trans'><a href='https:\/\/stopstalkerware.org\/de\/partners\/copperhead\/'><img width=\"216\" height=\"216\" src=\"https:\/\/stopstalkerware.org\/de\/wp-content\/uploads\/sites\/2\/2021\/04\/logo_copperhead.png\" class=\"attachment-logo-thumbnail size-logo-thumbnail wp-post-image\" alt=\"\" loading=\"lazy\" \/><\/a><\/div><div class='logo-item trans'><a href='https:\/\/stopstalkerware.org\/de\/partners\/certo\/'><img width=\"216\" height=\"98\" src=\"https:\/\/stopstalkerware.org\/de\/wp-content\/uploads\/sites\/2\/2021\/04\/logo_Certo.png\" class=\"attachment-logo-thumbnail size-logo-thumbnail wp-post-image\" alt=\"\" loading=\"lazy\" \/><\/a><\/div><div class='logo-item trans'><a href='https:\/\/stopstalkerware.org\/de\/partners\/avira\/'><img width=\"216\" height=\"69\" src=\"https:\/\/stopstalkerware.org\/de\/wp-content\/uploads\/sites\/2\/2021\/04\/logo_Avira.png\" class=\"attachment-logo-thumbnail size-logo-thumbnail wp-post-image\" alt=\"\" loading=\"lazy\" \/><\/a><\/div><div class='logo-item trans'><a href='https:\/\/stopstalkerware.org\/de\/partners\/appesteem\/'><img width=\"216\" height=\"47\" src=\"https:\/\/stopstalkerware.org\/de\/wp-content\/uploads\/sites\/2\/2021\/04\/logo_AppEsteem.png\" class=\"attachment-logo-thumbnail size-logo-thumbnail wp-post-image\" alt=\"\" loading=\"lazy\" \/><\/a><\/div><div class='logo-item trans'><a href='https:\/\/stopstalkerware.org\/de\/partners\/anonyome-labs\/'><img width=\"216\" height=\"54\" src=\"https:\/\/stopstalkerware.org\/de\/wp-content\/uploads\/sites\/2\/2021\/04\/logo_AnonyomeLabs.png\" class=\"attachment-logo-thumbnail size-logo-thumbnail wp-post-image\" alt=\"\" loading=\"lazy\" \/><\/a><\/div><\/div><\/div><\/div><\/div><div class='expanding-panel'><div id='expandtr-4' class='expander-heading '><h4>Wissenschaft\/Sicherheitsforschung<\/h4><div class='icon-wrap'><span class='inner'><span class='line line-horizontal'><\/span><span class='line line-vertical'><\/span><\/span><\/div><\/div><div id='expandta-4' class='expanding-content '><div class='inner copycol'><div class='fullcol logo-grid'><div class='logo-item trans'><a href='https:\/\/stopstalkerware.org\/de\/partners\/fics\/'><img width=\"380\" height=\"226\" src=\"https:\/\/stopstalkerware.org\/de\/wp-content\/uploads\/sites\/2\/2022\/01\/FICS-Logo-380x226.png\" class=\"attachment-logo-thumbnail size-logo-thumbnail wp-post-image\" alt=\"\" loading=\"lazy\" srcset=\"https:\/\/stopstalkerware.org\/de\/wp-content\/uploads\/sites\/2\/2022\/01\/FICS-Logo-380x226.png 380w, https:\/\/stopstalkerware.org\/de\/wp-content\/uploads\/sites\/2\/2022\/01\/FICS-Logo-300x179.png 300w, https:\/\/stopstalkerware.org\/de\/wp-content\/uploads\/sites\/2\/2022\/01\/FICS-Logo.png 400w\" sizes=\"(max-width: 380px) 100vw, 380px\" \/><\/a><\/div><div class='logo-item trans'><a href='https:\/\/stopstalkerware.org\/de\/partners\/nc-at\/'><img width=\"360\" height=\"360\" src=\"https:\/\/stopstalkerware.org\/de\/wp-content\/uploads\/sites\/2\/2022\/01\/2392_north_carolina_a_t_aggies-alternate-2006.uty9h.png\" class=\"attachment-logo-thumbnail size-logo-thumbnail wp-post-image\" alt=\"\" loading=\"lazy\" srcset=\"https:\/\/stopstalkerware.org\/de\/wp-content\/uploads\/sites\/2\/2022\/01\/2392_north_carolina_a_t_aggies-alternate-2006.uty9h.png 360w, https:\/\/stopstalkerware.org\/de\/wp-content\/uploads\/sites\/2\/2022\/01\/2392_north_carolina_a_t_aggies-alternate-2006.uty9h-300x300.png 300w\" sizes=\"(max-width: 360px) 100vw, 360px\" \/><\/a><\/div><\/div><\/div><\/div><\/div><div class='expanding-panel'><div id='expandtr-5' class='expander-heading '><h4>Strafverfolgungsbeh\u00f6rden<\/h4><div class='icon-wrap'><span class='inner'><span class='line line-horizontal'><\/span><span class='line line-vertical'><\/span><\/span><\/div><\/div><div id='expandta-5' class='expanding-content '><div class='inner copycol'><div class='fullcol logo-grid'><div class='logo-item trans'><a href='https:\/\/stopstalkerware.org\/de\/partners\/gendarmerie-nationale\/'><img width=\"216\" height=\"186\" src=\"https:\/\/stopstalkerware.org\/de\/wp-content\/uploads\/sites\/2\/2021\/05\/logo_gendarmerie.png\" class=\"attachment-logo-thumbnail size-logo-thumbnail wp-post-image\" alt=\"\" loading=\"lazy\" \/><\/a><\/div><\/div><\/div><\/div><\/div><\/div>","protected":false},"excerpt":{"rendered":"<p>\u00dcberblick Die Koalition gegen Stalkerware wurde im November&nbsp;2019 als Reaktion auf die wachsende Bedrohung durch Stalkerware gegr\u00fcndet. Stalkerware wird von den T\u00e4tern h\u00e4ufig zur \u00dcberwachung von Partnern, f\u00fcr die Aus\u00fcbung geschlechtsspezifischer und h\u00e4uslicher Gewalt, zur Bel\u00e4stigung und den sexuellen Missbrauch eingesetzt. Der Zusammenschluss aus zun\u00e4chst zehn Gr\u00fcndungspartnern hat sich innerhalb eines Jahres zu einer gro\u00dfen [&hellip;]<\/p>\n","protected":false},"author":1,"featured_media":0,"parent":0,"menu_order":0,"comment_status":"closed","ping_status":"closed","template":"","meta":[],"_links":{"self":[{"href":"https:\/\/stopstalkerware.org\/de\/wp-json\/wp\/v2\/pages\/15"}],"collection":[{"href":"https:\/\/stopstalkerware.org\/de\/wp-json\/wp\/v2\/pages"}],"about":[{"href":"https:\/\/stopstalkerware.org\/de\/wp-json\/wp\/v2\/types\/page"}],"author":[{"embeddable":true,"href":"https:\/\/stopstalkerware.org\/de\/wp-json\/wp\/v2\/users\/1"}],"replies":[{"embeddable":true,"href":"https:\/\/stopstalkerware.org\/de\/wp-json\/wp\/v2\/comments?post=15"}],"version-history":[{"count":28,"href":"https:\/\/stopstalkerware.org\/de\/wp-json\/wp\/v2\/pages\/15\/revisions"}],"predecessor-version":[{"id":542,"href":"https:\/\/stopstalkerware.org\/de\/wp-json\/wp\/v2\/pages\/15\/revisions\/542"}],"wp:attachment":[{"href":"https:\/\/stopstalkerware.org\/de\/wp-json\/wp\/v2\/media?parent=15"}],"curies":[{"name":"wp","href":"https:\/\/api.w.org\/{rel}","templated":true}]}}